{"id":79387,"date":"2025-04-18T15:52:33","date_gmt":"2025-04-18T19:52:33","guid":{"rendered":"https:\/\/pavillonchassepeche.ca\/?post_type=product&#038;p=79387"},"modified":"2026-04-04T11:19:12","modified_gmt":"2026-04-04T15:19:12","slug":"shimano-slx-gen-2-canne-a-lancer-leger-70-medium-extra-fast-2pc","status":"publish","type":"product","link":"https:\/\/pavillonchassepeche.ca\/en\/product\/shimano-slx-gen-2-canne-a-lancer-leger-70-medium-extra-fast-2pc\/","title":{"rendered":"SHIMANO SLX GEN 2 CANNE A LANCER LEGER 7&#8217;0&#8243; MEDIUM EXTRA FAST  (2PC)"},"content":{"rendered":"<p data-start=\"70\" data-end=\"146\"><strong data-start=\"70\" data-end=\"146\">SHIMANO SLX GEN 2 CANNE \u00c0 LANCER L\u00c9GER 7&#8217;0&#8243; MEDIUM EXTRA FAST (2 PI\u00c8CES)<\/strong><\/p>\n<p data-start=\"148\" data-end=\"656\">La canne Shimano SLX Gen 2 7&#8217;0&#8243; Medium Extra Fast en deux pi\u00e8ces est con\u00e7ue pour les p\u00eacheurs qui veulent une sensibilit\u00e9 extr\u00eame et une r\u00e9ponse rapide dans une canne polyvalente et facile \u00e0 transporter. Construite avec un blank en carbone de haute qualit\u00e9 et la technologie Hi-Power X, elle offre une excellente r\u00e9duction de torsion, un meilleur contr\u00f4le et une grande pr\u00e9cision au lancer. Son action extra rapide permet des ferrages instantan\u00e9s, id\u00e9ale pour les techniques demandant une sensibilit\u00e9 accrue.<\/p>\n<p data-start=\"658\" data-end=\"682\"><strong data-start=\"658\" data-end=\"680\">Caract\u00e9ristiques :<\/strong><\/p>\n<ul data-start=\"683\" data-end=\"997\">\n<li data-start=\"683\" data-end=\"730\">\n<p data-start=\"685\" data-end=\"730\">Canne \u00e0 lancer l\u00e9ger de 7&#8217;0&#8243; en deux pi\u00e8ces<\/p>\n<\/li>\n<li data-start=\"731\" data-end=\"809\">\n<p data-start=\"733\" data-end=\"809\">Blank en carbone avec technologie Hi-Power X pour une performance optimale<\/p>\n<\/li>\n<li data-start=\"810\" data-end=\"860\">\n<p data-start=\"812\" data-end=\"860\">Action extra fast pour une r\u00e9activit\u00e9 maximale<\/p>\n<\/li>\n<li data-start=\"861\" data-end=\"909\">\n<p data-start=\"863\" data-end=\"909\">Puissance medium pour une grande polyvalence<\/p>\n<\/li>\n<li data-start=\"910\" data-end=\"946\">\n<p data-start=\"912\" data-end=\"946\">Anneaux Fuji durables et fluides<\/p>\n<\/li>\n<li data-start=\"947\" data-end=\"997\">\n<p data-start=\"949\" data-end=\"997\">Poign\u00e9e en EVA pour un confort de p\u00eache prolong\u00e9<\/p>\n<\/li>\n<\/ul>\n<p data-start=\"999\" data-end=\"1032\"><strong data-start=\"999\" data-end=\"1030\">Sp\u00e9cifications techniques :<\/strong><\/p>\n<ul data-start=\"1033\" data-end=\"1249\">\n<li data-start=\"1033\" data-end=\"1055\">\n<p data-start=\"1035\" data-end=\"1055\">Longueur : 7 pieds<\/p>\n<\/li>\n<li data-start=\"1056\" data-end=\"1082\">\n<p data-start=\"1058\" data-end=\"1082\">Nombre de sections : 2<\/p>\n<\/li>\n<li data-start=\"1083\" data-end=\"1105\">\n<p data-start=\"1085\" data-end=\"1105\">Puissance : Medium<\/p>\n<\/li>\n<li data-start=\"1106\" data-end=\"1129\">\n<p data-start=\"1108\" data-end=\"1129\">Action : Extra Fast<\/p>\n<\/li>\n<li data-start=\"1130\" data-end=\"1164\">\n<p data-start=\"1132\" data-end=\"1164\">Type : Lancer l\u00e9ger (spinning)<\/p>\n<\/li>\n<li data-start=\"1165\" data-end=\"1212\">\n<p data-start=\"1167\" data-end=\"1212\">Mat\u00e9riau du blank : Carbone avec Hi-Power X<\/p>\n<\/li>\n<li data-start=\"1213\" data-end=\"1230\">\n<p data-start=\"1215\" data-end=\"1230\">Poign\u00e9e : EVA<\/p>\n<\/li>\n<li data-start=\"1231\" data-end=\"1249\">\n<p data-start=\"1233\" data-end=\"1249\">Anneaux : Fuji<\/p>\n<\/li>\n<\/ul>\n","protected":false},"excerpt":{"rendered":"<p>SHIMANO SLX GEN 2 CANNE \u00c0 LANCER L\u00c9GER 7&#8217;0&#8243; MEDIUM EXTRA FAST (2 PI\u00c8CES) La canne Shimano SLX Gen 2 7&#8217;0&#8243; Medium Extra Fast en deux pi\u00e8ces est con\u00e7ue pour les p\u00eacheurs qui veulent une sensibilit\u00e9 extr\u00eame et une r\u00e9ponse rapide dans une canne polyvalente et facile \u00e0 transporter. Construite avec un blank en carbone [&hellip;]<\/p>\n","protected":false},"featured_media":79385,"comment_status":"open","ping_status":"closed","template":"","meta":{"_acf_changed":false,"pagelayer_contact_templates":[],"_pagelayer_content":""},"product_brand":[],"product_cat":[156,144],"product_tag":[352],"class_list":{"0":"post-79387","1":"product","2":"type-product","3":"status-publish","4":"has-post-thumbnail","6":"product_cat-peche-cannes-moulinets","7":"product_cat-peche","8":"product_tag-shimano","10":"first","11":"instock","12":"taxable","13":"shipping-taxable","14":"purchasable","15":"product-type-simple"},"acf":[],"jetpack_sharing_enabled":true,"_links":{"self":[{"href":"https:\/\/pavillonchassepeche.ca\/en\/wp-json\/wp\/v2\/product\/79387","targetHints":{"allow":["GET"]}}],"collection":[{"href":"https:\/\/pavillonchassepeche.ca\/en\/wp-json\/wp\/v2\/product"}],"about":[{"href":"https:\/\/pavillonchassepeche.ca\/en\/wp-json\/wp\/v2\/types\/product"}],"replies":[{"embeddable":true,"href":"https:\/\/pavillonchassepeche.ca\/en\/wp-json\/wp\/v2\/comments?post=79387"}],"version-history":[{"count":2,"href":"https:\/\/pavillonchassepeche.ca\/en\/wp-json\/wp\/v2\/product\/79387\/revisions"}],"predecessor-version":[{"id":85658,"href":"https:\/\/pavillonchassepeche.ca\/en\/wp-json\/wp\/v2\/product\/79387\/revisions\/85658"}],"wp:featuredmedia":[{"embeddable":true,"href":"https:\/\/pavillonchassepeche.ca\/en\/wp-json\/wp\/v2\/media\/79385"}],"wp:attachment":[{"href":"https:\/\/pavillonchassepeche.ca\/en\/wp-json\/wp\/v2\/media?parent=79387"}],"wp:term":[{"taxonomy":"product_brand","embeddable":true,"href":"https:\/\/pavillonchassepeche.ca\/en\/wp-json\/wp\/v2\/product_brand?post=79387"},{"taxonomy":"product_cat","embeddable":true,"href":"https:\/\/pavillonchassepeche.ca\/en\/wp-json\/wp\/v2\/product_cat?post=79387"},{"taxonomy":"product_tag","embeddable":true,"href":"https:\/\/pavillonchassepeche.ca\/en\/wp-json\/wp\/v2\/product_tag?post=79387"}],"curies":[{"name":"wp","href":"https:\/\/api.w.org\/{rel}","templated":true}]}}