{"id":79335,"date":"2025-04-18T15:51:23","date_gmt":"2025-04-18T19:51:23","guid":{"rendered":"https:\/\/pavillonchassepeche.ca\/?post_type=product&#038;p=79335"},"modified":"2025-08-25T15:55:33","modified_gmt":"2025-08-25T19:55:33","slug":"rapala-mora-ice-perceuse-a-glace-manivelle-swede-bore-6","status":"publish","type":"product","link":"https:\/\/pavillonchassepeche.ca\/en\/product\/rapala-mora-ice-perceuse-a-glace-manivelle-swede-bore-6\/","title":{"rendered":"RAPALA MORA ICE PERCEUSE \u00c0 GLACE MANIVELLE SWEDE-BORE 6&#8243;"},"content":{"rendered":"<p data-start=\"222\" data-end=\"768\">La <strong data-start=\"225\" data-end=\"271\">perceuse \u00e0 glace Swede Bore de Rapala Mora<\/strong> est l\u2019outil id\u00e9al pour tous les amateurs de p\u00eache sur glace. Polyvalente et \u00e9conomique, elle convient \u00e0 tous types de glace : bleue, double ou glace de printemps molle et poreuse. Son faible couple de rotation rend la manivelle facile \u00e0 tourner, m\u00eame pour les enfants ou les d\u00e9butants, tout en offrant un confort optimal gr\u00e2ce \u00e0 sa poign\u00e9e ergonomique et son faible poids. Cette perceuse manuelle est livr\u00e9e avec un couvre-t\u00eate en plastique pour prot\u00e9ger la lame lorsqu\u2019elle n\u2019est pas utilis\u00e9e.<\/p>\n<p data-start=\"770\" data-end=\"794\"><strong data-start=\"770\" data-end=\"792\">Caract\u00e9ristiques :<\/strong><\/p>\n<ul data-start=\"795\" data-end=\"1106\">\n<li data-start=\"795\" data-end=\"846\">\n<p data-start=\"797\" data-end=\"846\">Perceuse \u00e0 glace manuelle Swede Bore, mod\u00e8le 6&#8243;<\/p>\n<\/li>\n<li data-start=\"847\" data-end=\"906\">\n<p data-start=\"849\" data-end=\"906\">Convient \u00e0 tous types de glace : bleue, double ou molle<\/p>\n<\/li>\n<li data-start=\"907\" data-end=\"978\">\n<p data-start=\"909\" data-end=\"978\">Faible couple de rotation pour un usage facile par toute la famille<\/p>\n<\/li>\n<li data-start=\"979\" data-end=\"1023\">\n<p data-start=\"981\" data-end=\"1023\">Poign\u00e9e confortable et prise ergonomique<\/p>\n<\/li>\n<li data-start=\"1024\" data-end=\"1065\">\n<p data-start=\"1026\" data-end=\"1065\">Faible poids pour un transport facile<\/p>\n<\/li>\n<li data-start=\"1066\" data-end=\"1106\">\n<p data-start=\"1068\" data-end=\"1106\">Livr\u00e9e avec couvre-t\u00eate en plastique<\/p>\n<\/li>\n<\/ul>\n<p data-start=\"1108\" data-end=\"1141\"><strong data-start=\"1108\" data-end=\"1139\">Sp\u00e9cifications techniques :<\/strong><\/p>\n<ul data-start=\"1142\" data-end=\"1287\">\n<li data-start=\"1142\" data-end=\"1178\">\n<p data-start=\"1144\" data-end=\"1178\">Type : perceuse \u00e0 glace manuelle<\/p>\n<\/li>\n<li data-start=\"1179\" data-end=\"1212\">\n<p data-start=\"1181\" data-end=\"1212\">Utilisation : p\u00eache sur glace<\/p>\n<\/li>\n<li data-start=\"1213\" data-end=\"1262\">\n<p data-start=\"1215\" data-end=\"1262\">Accessoires inclus : couvre-t\u00eate en plastique<\/p>\n<\/li>\n<li data-start=\"1263\" data-end=\"1287\">\n<p data-start=\"1265\" data-end=\"1287\">Marque : Rapala Mora<\/p>\n<\/li>\n<\/ul>\n","protected":false},"excerpt":{"rendered":"<p>La perceuse \u00e0 glace Swede Bore de Rapala Mora est l\u2019outil id\u00e9al pour tous les amateurs de p\u00eache sur glace. Polyvalente et \u00e9conomique, elle convient \u00e0 tous types de glace : bleue, double ou glace de printemps molle et poreuse. Son faible couple de rotation rend la manivelle facile \u00e0 tourner, m\u00eame pour les enfants [&hellip;]<\/p>\n","protected":false},"featured_media":79333,"comment_status":"open","ping_status":"closed","template":"","meta":{"_acf_changed":false,"pagelayer_contact_templates":[],"_pagelayer_content":""},"product_brand":[],"product_cat":[144,170],"product_tag":[309],"class_list":{"0":"post-79335","1":"product","2":"type-product","3":"status-publish","4":"has-post-thumbnail","6":"product_cat-peche","7":"product_cat-peche-sur-la-glace","8":"product_tag-normark","10":"first","11":"instock","12":"taxable","13":"shipping-taxable","14":"purchasable","15":"product-type-simple"},"acf":[],"jetpack_sharing_enabled":true,"_links":{"self":[{"href":"https:\/\/pavillonchassepeche.ca\/en\/wp-json\/wp\/v2\/product\/79335","targetHints":{"allow":["GET"]}}],"collection":[{"href":"https:\/\/pavillonchassepeche.ca\/en\/wp-json\/wp\/v2\/product"}],"about":[{"href":"https:\/\/pavillonchassepeche.ca\/en\/wp-json\/wp\/v2\/types\/product"}],"replies":[{"embeddable":true,"href":"https:\/\/pavillonchassepeche.ca\/en\/wp-json\/wp\/v2\/comments?post=79335"}],"version-history":[{"count":2,"href":"https:\/\/pavillonchassepeche.ca\/en\/wp-json\/wp\/v2\/product\/79335\/revisions"}],"predecessor-version":[{"id":89003,"href":"https:\/\/pavillonchassepeche.ca\/en\/wp-json\/wp\/v2\/product\/79335\/revisions\/89003"}],"wp:featuredmedia":[{"embeddable":true,"href":"https:\/\/pavillonchassepeche.ca\/en\/wp-json\/wp\/v2\/media\/79333"}],"wp:attachment":[{"href":"https:\/\/pavillonchassepeche.ca\/en\/wp-json\/wp\/v2\/media?parent=79335"}],"wp:term":[{"taxonomy":"product_brand","embeddable":true,"href":"https:\/\/pavillonchassepeche.ca\/en\/wp-json\/wp\/v2\/product_brand?post=79335"},{"taxonomy":"product_cat","embeddable":true,"href":"https:\/\/pavillonchassepeche.ca\/en\/wp-json\/wp\/v2\/product_cat?post=79335"},{"taxonomy":"product_tag","embeddable":true,"href":"https:\/\/pavillonchassepeche.ca\/en\/wp-json\/wp\/v2\/product_tag?post=79335"}],"curies":[{"name":"wp","href":"https:\/\/api.w.org\/{rel}","templated":true}]}}