{"id":79257,"date":"2025-04-18T15:49:41","date_gmt":"2025-04-18T19:49:41","guid":{"rendered":"https:\/\/pavillonchassepeche.ca\/?post_type=product&#038;p=79257"},"modified":"2026-02-26T10:54:17","modified_gmt":"2026-02-26T15:54:17","slug":"coldfield-1-paire-baton-de-marche-trek-noir-3-sections","status":"publish","type":"product","link":"https:\/\/pavillonchassepeche.ca\/en\/product\/coldfield-1-paire-baton-de-marche-trek-noir-3-sections\/","title":{"rendered":"COLDFIELD 1 PAIRE B\u00c2TON DE MARCHE TREK NOIR 3 SECTIONS"},"content":{"rendered":"<p data-start=\"113\" data-end=\"419\">Optimisez vos randonn\u00e9es avec les <strong data-start=\"176\" data-end=\"222\">b\u00e2tons de marche Coldfield Trek 3 sections<\/strong>. L\u00e9gers et robustes, ils offrent stabilit\u00e9 et confort sur tous les terrains. Ajustables et faciles \u00e0 transporter, ils sont parfaits pour la randonn\u00e9e, le trekking et les excursions en plein air.<\/p>\n<p data-start=\"421\" data-end=\"445\"><strong data-start=\"421\" data-end=\"443\">Caract\u00e9ristiques :<\/strong><\/p>\n<ul data-start=\"446\" data-end=\"624\">\n<li data-start=\"446\" data-end=\"475\">\n<p data-start=\"448\" data-end=\"475\">Paire de b\u00e2tons de marche<\/p>\n<\/li>\n<li data-start=\"476\" data-end=\"526\">\n<p data-start=\"478\" data-end=\"526\">3 sections ajustables pour toutes les hauteurs<\/p>\n<\/li>\n<li data-start=\"527\" data-end=\"564\">\n<p data-start=\"529\" data-end=\"564\">Poign\u00e9e ergonomique antid\u00e9rapante<\/p>\n<\/li>\n<li data-start=\"565\" data-end=\"605\">\n<p data-start=\"567\" data-end=\"605\">Pointe solide pour tous types de sol<\/p>\n<\/li>\n<\/ul>\n<p data-start=\"626\" data-end=\"659\"><strong data-start=\"626\" data-end=\"657\">Sp\u00e9cifications techniques :<\/strong><\/p>\n<ul data-start=\"660\" data-end=\"783\">\n<li data-start=\"660\" data-end=\"692\">\n<p data-start=\"662\" data-end=\"692\">Aluminium l\u00e9ger et r\u00e9sistant<\/p>\n<\/li>\n<li data-start=\"693\" data-end=\"719\">\n<p data-start=\"695\" data-end=\"719\">Longueur : 65 \u00e0 135 cm<\/p>\n<\/li>\n<li data-start=\"720\" data-end=\"746\">\n<p data-start=\"722\" data-end=\"746\">Poids : 500 g la paire<\/p>\n<\/li>\n<li data-start=\"747\" data-end=\"783\">\n<p data-start=\"749\" data-end=\"783\">Id\u00e9al pour randonn\u00e9e et trekking<\/p>\n<\/li>\n<\/ul>\n","protected":false},"excerpt":{"rendered":"<p>Optimisez vos randonn\u00e9es avec les b\u00e2tons de marche Coldfield Trek 3 sections. L\u00e9gers et robustes, ils offrent stabilit\u00e9 et confort sur tous les terrains. Ajustables et faciles \u00e0 transporter, ils sont parfaits pour la randonn\u00e9e, le trekking et les excursions en plein air. Caract\u00e9ristiques : Paire de b\u00e2tons de marche 3 sections ajustables pour toutes [&hellip;]<\/p>\n","protected":false},"featured_media":93384,"comment_status":"open","ping_status":"closed","template":"","meta":{"_acf_changed":false,"pagelayer_contact_templates":[],"_pagelayer_content":""},"product_brand":[],"product_cat":[1063,110,1110],"product_tag":[322],"class_list":{"0":"post-79257","1":"product","2":"type-product","3":"status-publish","4":"has-post-thumbnail","6":"product_cat-liquidation","7":"product_cat-plein-air","8":"product_cat-plein-air-randonnee-et-accessoires","9":"product_tag-coldfield","11":"first","12":"instock","13":"sale","14":"taxable","15":"shipping-taxable","16":"purchasable","17":"product-type-simple"},"acf":[],"jetpack_sharing_enabled":true,"_links":{"self":[{"href":"https:\/\/pavillonchassepeche.ca\/en\/wp-json\/wp\/v2\/product\/79257","targetHints":{"allow":["GET"]}}],"collection":[{"href":"https:\/\/pavillonchassepeche.ca\/en\/wp-json\/wp\/v2\/product"}],"about":[{"href":"https:\/\/pavillonchassepeche.ca\/en\/wp-json\/wp\/v2\/types\/product"}],"replies":[{"embeddable":true,"href":"https:\/\/pavillonchassepeche.ca\/en\/wp-json\/wp\/v2\/comments?post=79257"}],"version-history":[{"count":2,"href":"https:\/\/pavillonchassepeche.ca\/en\/wp-json\/wp\/v2\/product\/79257\/revisions"}],"predecessor-version":[{"id":93386,"href":"https:\/\/pavillonchassepeche.ca\/en\/wp-json\/wp\/v2\/product\/79257\/revisions\/93386"}],"wp:featuredmedia":[{"embeddable":true,"href":"https:\/\/pavillonchassepeche.ca\/en\/wp-json\/wp\/v2\/media\/93384"}],"wp:attachment":[{"href":"https:\/\/pavillonchassepeche.ca\/en\/wp-json\/wp\/v2\/media?parent=79257"}],"wp:term":[{"taxonomy":"product_brand","embeddable":true,"href":"https:\/\/pavillonchassepeche.ca\/en\/wp-json\/wp\/v2\/product_brand?post=79257"},{"taxonomy":"product_cat","embeddable":true,"href":"https:\/\/pavillonchassepeche.ca\/en\/wp-json\/wp\/v2\/product_cat?post=79257"},{"taxonomy":"product_tag","embeddable":true,"href":"https:\/\/pavillonchassepeche.ca\/en\/wp-json\/wp\/v2\/product_tag?post=79257"}],"curies":[{"name":"wp","href":"https:\/\/api.w.org\/{rel}","templated":true}]}}