{"id":79246,"date":"2025-04-18T15:49:25","date_gmt":"2025-04-18T19:49:25","guid":{"rendered":"https:\/\/pavillonchassepeche.ca\/?post_type=product&#038;p=79246"},"modified":"2026-01-24T12:02:29","modified_gmt":"2026-01-24T17:02:29","slug":"alper-bas-bleu-langrand-unisexe-l","status":"publish","type":"product","link":"https:\/\/pavillonchassepeche.ca\/en\/product\/alper-bas-bleu-langrand-unisexe-l\/","title":{"rendered":"ALPER BAS BLEU &#8221;LANGRAND&#8221; &#8211; UNISEXE (L)"},"content":{"rendered":"<p>53% acrylique.<\/p>\n<p>23% laine de m\u00e9rinos.<\/p>\n<p>19% polyamide.<\/p>\n<p>2% \u00e9lasthanne.<\/p>\n<p>\u00c9pais, doux, chauds<\/p>\n<p>Arrive \u00e0 la hauteur du genou.<\/p>\n<p>Ourlet sup\u00e9rieur con\u00e7u pour une bonne tenue.<\/p>\n<p>Rembourrage \u00e0 bouclette.<\/p>\n<p>Support de la cheville.<\/p>\n","protected":false},"excerpt":{"rendered":"<p>53% acrylique. 23% laine de m\u00e9rinos. 19% polyamide. 2% \u00e9lasthanne. \u00c9pais, doux, chauds Arrive \u00e0 la hauteur du genou. Ourlet sup\u00e9rieur con\u00e7u pour une bonne tenue. Rembourrage \u00e0 bouclette. Support de la cheville.<\/p>\n","protected":false},"featured_media":79244,"comment_status":"open","ping_status":"closed","template":"","meta":{"_acf_changed":false,"pagelayer_contact_templates":[],"_pagelayer_content":""},"product_brand":[],"product_cat":[1063,197],"product_tag":[831],"class_list":{"0":"post-79246","1":"product","2":"type-product","3":"status-publish","4":"has-post-thumbnail","6":"product_cat-liquidation","7":"product_cat-vetements","8":"product_tag-alper","10":"first","11":"instock","12":"sale","13":"taxable","14":"shipping-taxable","15":"purchasable","16":"product-type-variable"},"acf":[],"jetpack_sharing_enabled":true,"_links":{"self":[{"href":"https:\/\/pavillonchassepeche.ca\/en\/wp-json\/wp\/v2\/product\/79246","targetHints":{"allow":["GET"]}}],"collection":[{"href":"https:\/\/pavillonchassepeche.ca\/en\/wp-json\/wp\/v2\/product"}],"about":[{"href":"https:\/\/pavillonchassepeche.ca\/en\/wp-json\/wp\/v2\/types\/product"}],"replies":[{"embeddable":true,"href":"https:\/\/pavillonchassepeche.ca\/en\/wp-json\/wp\/v2\/comments?post=79246"}],"version-history":[{"count":1,"href":"https:\/\/pavillonchassepeche.ca\/en\/wp-json\/wp\/v2\/product\/79246\/revisions"}],"predecessor-version":[{"id":92403,"href":"https:\/\/pavillonchassepeche.ca\/en\/wp-json\/wp\/v2\/product\/79246\/revisions\/92403"}],"wp:featuredmedia":[{"embeddable":true,"href":"https:\/\/pavillonchassepeche.ca\/en\/wp-json\/wp\/v2\/media\/79244"}],"wp:attachment":[{"href":"https:\/\/pavillonchassepeche.ca\/en\/wp-json\/wp\/v2\/media?parent=79246"}],"wp:term":[{"taxonomy":"product_brand","embeddable":true,"href":"https:\/\/pavillonchassepeche.ca\/en\/wp-json\/wp\/v2\/product_brand?post=79246"},{"taxonomy":"product_cat","embeddable":true,"href":"https:\/\/pavillonchassepeche.ca\/en\/wp-json\/wp\/v2\/product_cat?post=79246"},{"taxonomy":"product_tag","embeddable":true,"href":"https:\/\/pavillonchassepeche.ca\/en\/wp-json\/wp\/v2\/product_tag?post=79246"}],"curies":[{"name":"wp","href":"https:\/\/api.w.org\/{rel}","templated":true}]}}