{"id":79140,"date":"2025-04-18T15:44:50","date_gmt":"2025-04-18T19:44:50","guid":{"rendered":"https:\/\/pavillonchassepeche.ca\/?post_type=product&#038;p=79140"},"modified":"2026-02-26T12:05:13","modified_gmt":"2026-02-26T17:05:13","slug":"alper-mitaines-matelassees-jasper-unisexe","status":"publish","type":"product","link":"https:\/\/pavillonchassepeche.ca\/en\/product\/alper-mitaines-matelassees-jasper-unisexe\/","title":{"rendered":"ALPER MITAINES MATELASS\u00c9ES &#8216;JASPER&#8217; UNISEXE"},"content":{"rendered":"<p data-start=\"202\" data-end=\"679\">Restez au chaud et confortable m\u00eame lors des journ\u00e9es les plus froides avec les mitaines matelass\u00e9es Jasper d\u2019Alper. Con\u00e7ues pour offrir chaleur, mobilit\u00e9 et durabilit\u00e9, elles sont id\u00e9ales pour la chasse, la p\u00eache ou toute activit\u00e9 en plein air cet hiver. Leur design unisexe s\u2019adapte parfaitement \u00e0 tous et assure un confort optimal tout au long de la journ\u00e9e. Les mat\u00e9riaux de qualit\u00e9 prot\u00e8gent du vent et de l\u2019humidit\u00e9 tout en restant respirants pour \u00e9viter la surchauffe.<\/p>\n<p data-start=\"681\" data-end=\"705\"><strong data-start=\"681\" data-end=\"703\">Caract\u00e9ristiques :<\/strong><\/p>\n<ul data-start=\"706\" data-end=\"968\">\n<li data-start=\"706\" data-end=\"757\">\n<p data-start=\"708\" data-end=\"757\">Matelassage thermique pour une chaleur optimale<\/p>\n<\/li>\n<li data-start=\"758\" data-end=\"804\">\n<p data-start=\"760\" data-end=\"804\">Conception unisexe pratique et universelle<\/p>\n<\/li>\n<li data-start=\"805\" data-end=\"848\">\n<p data-start=\"807\" data-end=\"848\">Respirantes et r\u00e9sistantes \u00e0 l\u2019humidit\u00e9<\/p>\n<\/li>\n<li data-start=\"849\" data-end=\"913\">\n<p data-start=\"851\" data-end=\"913\">Ajustement confortable avec ouverture facile pour les doigts<\/p>\n<\/li>\n<li data-start=\"914\" data-end=\"968\">\n<p data-start=\"916\" data-end=\"968\">Id\u00e9ales pour activit\u00e9s ext\u00e9rieures par temps froid<\/p>\n<\/li>\n<\/ul>\n<p data-start=\"970\" data-end=\"1003\"><strong data-start=\"970\" data-end=\"1001\">Sp\u00e9cifications techniques :<\/strong><\/p>\n<ul data-start=\"1004\" data-end=\"1186\">\n<li data-start=\"1004\" data-end=\"1052\">\n<p data-start=\"1006\" data-end=\"1052\">Mat\u00e9riaux : polyester et rembourrage isolant<\/p>\n<\/li>\n<li data-start=\"1053\" data-end=\"1078\">\n<p data-start=\"1055\" data-end=\"1078\">Tailles : S, M, L, XL<\/p>\n<\/li>\n<li data-start=\"1079\" data-end=\"1113\">\n<p data-start=\"1081\" data-end=\"1113\">Couleur : Noir \/ Gris (Jasper)<\/p>\n<\/li>\n<li data-start=\"1114\" data-end=\"1186\">\n<p data-start=\"1116\" data-end=\"1186\">Entretien : lavable \u00e0 la main ou en machine \u00e0 froid, s\u00e9chage \u00e0 l\u2019air<\/p>\n<\/li>\n<\/ul>\n","protected":false},"excerpt":{"rendered":"<p>Restez au chaud et confortable m\u00eame lors des journ\u00e9es les plus froides avec les mitaines matelass\u00e9es Jasper d\u2019Alper. Con\u00e7ues pour offrir chaleur, mobilit\u00e9 et durabilit\u00e9, elles sont id\u00e9ales pour la chasse, la p\u00eache ou toute activit\u00e9 en plein air cet hiver. Leur design unisexe s\u2019adapte parfaitement \u00e0 tous et assure un confort optimal tout au [&hellip;]<\/p>\n","protected":false},"featured_media":79138,"comment_status":"open","ping_status":"closed","template":"","meta":{"_acf_changed":false,"pagelayer_contact_templates":[],"_pagelayer_content":""},"product_brand":[],"product_cat":[228,1063,197],"product_tag":[831],"class_list":{"0":"post-79140","1":"product","2":"type-product","3":"status-publish","4":"has-post-thumbnail","6":"product_cat-vetements-gants-et-mitaines","7":"product_cat-liquidation","8":"product_cat-vetements","9":"product_tag-alper","11":"first","12":"instock","13":"sale","14":"taxable","15":"shipping-taxable","16":"purchasable","17":"product-type-variable"},"acf":[],"jetpack_sharing_enabled":true,"_links":{"self":[{"href":"https:\/\/pavillonchassepeche.ca\/en\/wp-json\/wp\/v2\/product\/79140","targetHints":{"allow":["GET"]}}],"collection":[{"href":"https:\/\/pavillonchassepeche.ca\/en\/wp-json\/wp\/v2\/product"}],"about":[{"href":"https:\/\/pavillonchassepeche.ca\/en\/wp-json\/wp\/v2\/types\/product"}],"replies":[{"embeddable":true,"href":"https:\/\/pavillonchassepeche.ca\/en\/wp-json\/wp\/v2\/comments?post=79140"}],"version-history":[{"count":2,"href":"https:\/\/pavillonchassepeche.ca\/en\/wp-json\/wp\/v2\/product\/79140\/revisions"}],"predecessor-version":[{"id":92093,"href":"https:\/\/pavillonchassepeche.ca\/en\/wp-json\/wp\/v2\/product\/79140\/revisions\/92093"}],"wp:featuredmedia":[{"embeddable":true,"href":"https:\/\/pavillonchassepeche.ca\/en\/wp-json\/wp\/v2\/media\/79138"}],"wp:attachment":[{"href":"https:\/\/pavillonchassepeche.ca\/en\/wp-json\/wp\/v2\/media?parent=79140"}],"wp:term":[{"taxonomy":"product_brand","embeddable":true,"href":"https:\/\/pavillonchassepeche.ca\/en\/wp-json\/wp\/v2\/product_brand?post=79140"},{"taxonomy":"product_cat","embeddable":true,"href":"https:\/\/pavillonchassepeche.ca\/en\/wp-json\/wp\/v2\/product_cat?post=79140"},{"taxonomy":"product_tag","embeddable":true,"href":"https:\/\/pavillonchassepeche.ca\/en\/wp-json\/wp\/v2\/product_tag?post=79140"}],"curies":[{"name":"wp","href":"https:\/\/api.w.org\/{rel}","templated":true}]}}