{"id":79054,"date":"2025-04-18T15:40:14","date_gmt":"2025-04-18T19:40:14","guid":{"rendered":"https:\/\/pavillonchassepeche.ca\/?post_type=product&#038;p=79054"},"modified":"2026-01-22T15:36:23","modified_gmt":"2026-01-22T20:36:23","slug":"alper-chaussettes-de-mohair-everest","status":"publish","type":"product","link":"https:\/\/pavillonchassepeche.ca\/en\/product\/alper-chaussettes-de-mohair-everest\/","title":{"rendered":"ALPER CHAUSSETTES DE MOHAIR EVEREST"},"content":{"rendered":"<p data-start=\"170\" data-end=\"724\">Les <strong data-start=\"174\" data-end=\"203\">chaussettes Alper Everest<\/strong> combinent confort, chaleur et performance pour vos aventures en plein air. Fabriqu\u00e9es avec 75 % de mohair, elles offrent une excellente isolation tout en restant respirantes et durables. Leur m\u00e9lange de nylon et spandex assure flexibilit\u00e9 et maintien, tandis que l\u2019arc de compression en \u00e9lasthanne soutient le pied pour un ajustement optimal. La couture lisse et plate sur les orteils r\u00e9duit les points de pression et les irritations, garantissant un confort maximal lors de longues randonn\u00e9es ou activit\u00e9s hivernales.<\/p>\n<p data-start=\"726\" data-end=\"750\"><strong data-start=\"726\" data-end=\"748\">Caract\u00e9ristiques :<\/strong><\/p>\n<ul data-start=\"751\" data-end=\"1059\">\n<li data-start=\"751\" data-end=\"802\">\n<p data-start=\"753\" data-end=\"802\">Confortables et chaudes gr\u00e2ce au mohair naturel<\/p>\n<\/li>\n<li data-start=\"803\" data-end=\"864\">\n<p data-start=\"805\" data-end=\"864\">M\u00e9lange de nylon et spandex pour durabilit\u00e9 et \u00e9lasticit\u00e9<\/p>\n<\/li>\n<li data-start=\"865\" data-end=\"928\">\n<p data-start=\"867\" data-end=\"928\">Arc de compression en \u00e9lasthanne pour un excellent maintien<\/p>\n<\/li>\n<li data-start=\"929\" data-end=\"999\">\n<p data-start=\"931\" data-end=\"999\">Couture lisse et plate sur les orteils pour \u00e9viter les irritations<\/p>\n<\/li>\n<li data-start=\"1000\" data-end=\"1059\">\n<p data-start=\"1002\" data-end=\"1059\">Id\u00e9ales pour randonn\u00e9e, plein air et conditions froides<\/p>\n<\/li>\n<\/ul>\n<p data-start=\"1061\" data-end=\"1094\"><strong data-start=\"1061\" data-end=\"1092\">Sp\u00e9cifications techniques :<\/strong><\/p>\n<ul data-start=\"1095\" data-end=\"1263\">\n<li data-start=\"1095\" data-end=\"1149\">\n<p data-start=\"1097\" data-end=\"1149\">Composition : 75 % mohair, 23 % nylon, 2 % spandex<\/p>\n<\/li>\n<li data-start=\"1150\" data-end=\"1210\">\n<p data-start=\"1152\" data-end=\"1210\">Utilisation : plein air, randonn\u00e9e, activit\u00e9s hivernales<\/p>\n<\/li>\n<li data-start=\"1211\" data-end=\"1263\">\n<p data-start=\"1213\" data-end=\"1263\">Taille : ajustement optimal gr\u00e2ce \u00e0 l\u2019\u00e9lasthanne<\/p>\n<\/li>\n<\/ul>\n","protected":false},"excerpt":{"rendered":"<p>Les chaussettes Alper Everest combinent confort, chaleur et performance pour vos aventures en plein air. Fabriqu\u00e9es avec 75 % de mohair, elles offrent une excellente isolation tout en restant respirantes et durables. Leur m\u00e9lange de nylon et spandex assure flexibilit\u00e9 et maintien, tandis que l\u2019arc de compression en \u00e9lasthanne soutient le pied pour un ajustement [&hellip;]<\/p>\n","protected":false},"featured_media":79052,"comment_status":"open","ping_status":"closed","template":"","meta":{"_acf_changed":false,"pagelayer_contact_templates":[],"_pagelayer_content":""},"product_brand":[],"product_cat":[197],"product_tag":[831],"class_list":{"0":"post-79054","1":"product","2":"type-product","3":"status-publish","4":"has-post-thumbnail","6":"product_cat-vetements","7":"product_tag-alper","9":"first","10":"instock","11":"taxable","12":"shipping-taxable","13":"purchasable","14":"product-type-variable"},"acf":[],"jetpack_sharing_enabled":true,"_links":{"self":[{"href":"https:\/\/pavillonchassepeche.ca\/en\/wp-json\/wp\/v2\/product\/79054","targetHints":{"allow":["GET"]}}],"collection":[{"href":"https:\/\/pavillonchassepeche.ca\/en\/wp-json\/wp\/v2\/product"}],"about":[{"href":"https:\/\/pavillonchassepeche.ca\/en\/wp-json\/wp\/v2\/types\/product"}],"replies":[{"embeddable":true,"href":"https:\/\/pavillonchassepeche.ca\/en\/wp-json\/wp\/v2\/comments?post=79054"}],"version-history":[{"count":2,"href":"https:\/\/pavillonchassepeche.ca\/en\/wp-json\/wp\/v2\/product\/79054\/revisions"}],"predecessor-version":[{"id":88959,"href":"https:\/\/pavillonchassepeche.ca\/en\/wp-json\/wp\/v2\/product\/79054\/revisions\/88959"}],"wp:featuredmedia":[{"embeddable":true,"href":"https:\/\/pavillonchassepeche.ca\/en\/wp-json\/wp\/v2\/media\/79052"}],"wp:attachment":[{"href":"https:\/\/pavillonchassepeche.ca\/en\/wp-json\/wp\/v2\/media?parent=79054"}],"wp:term":[{"taxonomy":"product_brand","embeddable":true,"href":"https:\/\/pavillonchassepeche.ca\/en\/wp-json\/wp\/v2\/product_brand?post=79054"},{"taxonomy":"product_cat","embeddable":true,"href":"https:\/\/pavillonchassepeche.ca\/en\/wp-json\/wp\/v2\/product_cat?post=79054"},{"taxonomy":"product_tag","embeddable":true,"href":"https:\/\/pavillonchassepeche.ca\/en\/wp-json\/wp\/v2\/product_tag?post=79054"}],"curies":[{"name":"wp","href":"https:\/\/api.w.org\/{rel}","templated":true}]}}