{"id":78948,"date":"2025-04-18T15:38:00","date_gmt":"2025-04-18T19:38:00","guid":{"rendered":"https:\/\/pavillonchassepeche.ca\/?post_type=product&#038;p=78948"},"modified":"2025-11-07T16:43:15","modified_gmt":"2025-11-07T21:43:15","slug":"wildgame-camera-combo-kicker-i6mp","status":"publish","type":"product","link":"https:\/\/pavillonchassepeche.ca\/en\/product\/wildgame-camera-combo-kicker-i6mp\/","title":{"rendered":"WILDGAME CAM\u00c9RA COMBO &#8216;KICKER&#8217; I6MP"},"content":{"rendered":"<p data-start=\"160\" data-end=\"724\">La <strong data-start=\"163\" data-end=\"202\">cam\u00e9ra Wildgame Combo &#8216;Kicker&#8217; I6MP<\/strong> est id\u00e9ale pour surveiller la faune et optimiser vos activit\u00e9s de chasse. Avec une r\u00e9solution de 16MP et un format d\u2019image 16:9, elle capture des images nettes et d\u00e9taill\u00e9es, de jour comme de nuit gr\u00e2ce \u00e0 ses 36 LED infrarouges haute intensit\u00e9. Sa vitesse de d\u00e9clenchement de moins d\u2019une seconde et son flash de 60\u2019 assurent de ne jamais manquer un mouvement important. Chaque photo est automatiquement horodat\u00e9e avec l\u2019heure, la date et la phase lunaire, vous permettant de suivre facilement les habitudes de la faune.<\/p>\n<p data-start=\"726\" data-end=\"750\"><strong data-start=\"726\" data-end=\"748\">Caract\u00e9ristiques :<\/strong><\/p>\n<ul data-start=\"751\" data-end=\"1011\">\n<li data-start=\"751\" data-end=\"793\">\n<p data-start=\"753\" data-end=\"793\">R\u00e9solution 16MP avec format image 16:9<\/p>\n<\/li>\n<li data-start=\"794\" data-end=\"853\">\n<p data-start=\"796\" data-end=\"853\">36 LED infrarouges haute intensit\u00e9 pour vision nocturne<\/p>\n<\/li>\n<li data-start=\"854\" data-end=\"903\">\n<p data-start=\"856\" data-end=\"903\">Vitesse de d\u00e9clenchement rapide : &lt; 1 seconde<\/p>\n<\/li>\n<li data-start=\"904\" data-end=\"934\">\n<p data-start=\"906\" data-end=\"934\">Port\u00e9e du flash : 60 pieds<\/p>\n<\/li>\n<li data-start=\"935\" data-end=\"1011\">\n<p data-start=\"937\" data-end=\"1011\">Inscription automatique de l\u2019heure, date et phase lunaire sur les images<\/p>\n<\/li>\n<\/ul>\n<p data-start=\"1013\" data-end=\"1046\"><strong data-start=\"1013\" data-end=\"1044\">Sp\u00e9cifications techniques :<\/strong><\/p>\n<ul data-start=\"1047\" data-end=\"1189\">\n<li data-start=\"1047\" data-end=\"1085\">\n<p data-start=\"1049\" data-end=\"1085\">Alimentation : 8 piles AA incluses<\/p>\n<\/li>\n<li data-start=\"1086\" data-end=\"1164\">\n<p data-start=\"1088\" data-end=\"1164\">Utilisation : surveillance de la faune, chasse et observation en ext\u00e9rieur<\/p>\n<\/li>\n<li data-start=\"1165\" data-end=\"1189\">\n<p data-start=\"1167\" data-end=\"1189\">Mod\u00e8le : Kicker I6MP<\/p>\n<\/li>\n<\/ul>\n","protected":false},"excerpt":{"rendered":"<p>La cam\u00e9ra Wildgame Combo &#8216;Kicker&#8217; I6MP est id\u00e9ale pour surveiller la faune et optimiser vos activit\u00e9s de chasse. Avec une r\u00e9solution de 16MP et un format d\u2019image 16:9, elle capture des images nettes et d\u00e9taill\u00e9es, de jour comme de nuit gr\u00e2ce \u00e0 ses 36 LED infrarouges haute intensit\u00e9. Sa vitesse de d\u00e9clenchement de moins d\u2019une [&hellip;]<\/p>\n","protected":false},"featured_media":78946,"comment_status":"open","ping_status":"closed","template":"","meta":{"_acf_changed":false,"pagelayer_contact_templates":[],"_pagelayer_content":""},"product_brand":[],"product_cat":[96,63,21],"product_tag":[890],"class_list":{"0":"post-78948","1":"product","2":"type-product","3":"status-publish","4":"has-post-thumbnail","6":"product_cat-accessoires-optiques","7":"product_cat-armes-a-feu","8":"product_cat-chasse","9":"product_tag-wildgame","11":"first","12":"instock","13":"taxable","14":"shipping-taxable","15":"purchasable","16":"product-type-simple"},"acf":[],"jetpack_sharing_enabled":true,"_links":{"self":[{"href":"https:\/\/pavillonchassepeche.ca\/en\/wp-json\/wp\/v2\/product\/78948","targetHints":{"allow":["GET"]}}],"collection":[{"href":"https:\/\/pavillonchassepeche.ca\/en\/wp-json\/wp\/v2\/product"}],"about":[{"href":"https:\/\/pavillonchassepeche.ca\/en\/wp-json\/wp\/v2\/types\/product"}],"replies":[{"embeddable":true,"href":"https:\/\/pavillonchassepeche.ca\/en\/wp-json\/wp\/v2\/comments?post=78948"}],"version-history":[{"count":2,"href":"https:\/\/pavillonchassepeche.ca\/en\/wp-json\/wp\/v2\/product\/78948\/revisions"}],"predecessor-version":[{"id":88939,"href":"https:\/\/pavillonchassepeche.ca\/en\/wp-json\/wp\/v2\/product\/78948\/revisions\/88939"}],"wp:featuredmedia":[{"embeddable":true,"href":"https:\/\/pavillonchassepeche.ca\/en\/wp-json\/wp\/v2\/media\/78946"}],"wp:attachment":[{"href":"https:\/\/pavillonchassepeche.ca\/en\/wp-json\/wp\/v2\/media?parent=78948"}],"wp:term":[{"taxonomy":"product_brand","embeddable":true,"href":"https:\/\/pavillonchassepeche.ca\/en\/wp-json\/wp\/v2\/product_brand?post=78948"},{"taxonomy":"product_cat","embeddable":true,"href":"https:\/\/pavillonchassepeche.ca\/en\/wp-json\/wp\/v2\/product_cat?post=78948"},{"taxonomy":"product_tag","embeddable":true,"href":"https:\/\/pavillonchassepeche.ca\/en\/wp-json\/wp\/v2\/product_tag?post=78948"}],"curies":[{"name":"wp","href":"https:\/\/api.w.org\/{rel}","templated":true}]}}