{"id":78636,"date":"2025-04-18T15:31:19","date_gmt":"2025-04-18T19:31:19","guid":{"rendered":"https:\/\/pavillonchassepeche.ca\/?post_type=product&#038;p=78636"},"modified":"2025-08-21T14:23:30","modified_gmt":"2025-08-21T18:23:30","slug":"mouche-neptune-rainbow-smelt-streamer-2","status":"publish","type":"product","link":"https:\/\/pavillonchassepeche.ca\/en\/product\/mouche-neptune-rainbow-smelt-streamer-2\/","title":{"rendered":"MOUCHE NEPTUNE RAINBOW SMELT STREAMER #2"},"content":{"rendered":"<p data-start=\"153\" data-end=\"531\">La mouche Neptune Rainbow Smelt Streamer #2 est con\u00e7ue pour imiter parfaitement un lan\u00e7on arc-en-ciel, une proie pris\u00e9e par de nombreuses esp\u00e8ces de poissons carnassiers. Avec ses couleurs vives et son action fluide dans l\u2019eau, elle est id\u00e9ale pour la p\u00eache \u00e0 la mouche en eau douce comme en eau sal\u00e9e. Elle offre une pr\u00e9sentation r\u00e9aliste qui d\u00e9clenche des attaques agressives.<\/p>\n<p data-start=\"533\" data-end=\"557\"><strong data-start=\"533\" data-end=\"555\">Caract\u00e9ristiques :<\/strong><\/p>\n<ul data-start=\"558\" data-end=\"729\">\n<li data-start=\"558\" data-end=\"616\">\n<p data-start=\"560\" data-end=\"616\">Streamer imitant le lan\u00e7on arc-en-ciel (rainbow smelt)<\/p>\n<\/li>\n<li data-start=\"617\" data-end=\"679\">\n<p data-start=\"619\" data-end=\"679\">Couleurs vives et attractives pour une visibilit\u00e9 maximale<\/p>\n<\/li>\n<li data-start=\"680\" data-end=\"729\">\n<p data-start=\"682\" data-end=\"729\">Montage de qualit\u00e9 pour une durabilit\u00e9 accrue<\/p>\n<\/li>\n<\/ul>\n<p data-start=\"731\" data-end=\"764\"><strong data-start=\"731\" data-end=\"762\">Sp\u00e9cifications techniques :<\/strong><\/p>\n<ul data-start=\"765\" data-end=\"900\">\n<li data-start=\"765\" data-end=\"780\">\n<p data-start=\"767\" data-end=\"780\">Taille : #2<\/p>\n<\/li>\n<li data-start=\"781\" data-end=\"823\">\n<p data-start=\"783\" data-end=\"823\">Type : streamer pour p\u00eache \u00e0 la mouche<\/p>\n<\/li>\n<li data-start=\"824\" data-end=\"900\">\n<p data-start=\"826\" data-end=\"900\">Convient pour truite, ouananiche, achigan, et autres esp\u00e8ces pr\u00e9datrices<\/p>\n<\/li>\n<\/ul>\n","protected":false},"excerpt":{"rendered":"<p>La mouche Neptune Rainbow Smelt Streamer #2 est con\u00e7ue pour imiter parfaitement un lan\u00e7on arc-en-ciel, une proie pris\u00e9e par de nombreuses esp\u00e8ces de poissons carnassiers. Avec ses couleurs vives et son action fluide dans l\u2019eau, elle est id\u00e9ale pour la p\u00eache \u00e0 la mouche en eau douce comme en eau sal\u00e9e. Elle offre une pr\u00e9sentation [&hellip;]<\/p>\n","protected":false},"featured_media":78634,"comment_status":"open","ping_status":"closed","template":"","meta":{"_acf_changed":false,"pagelayer_contact_templates":[],"_pagelayer_content":""},"product_brand":[],"product_cat":[144,162],"product_tag":[812],"class_list":{"0":"post-78636","1":"product","2":"type-product","3":"status-publish","4":"has-post-thumbnail","6":"product_cat-peche","7":"product_cat-peche-a-la-mouche","8":"product_tag-neptune","10":"first","11":"instock","12":"taxable","13":"shipping-taxable","14":"purchasable","15":"product-type-simple"},"acf":[],"jetpack_sharing_enabled":true,"_links":{"self":[{"href":"https:\/\/pavillonchassepeche.ca\/en\/wp-json\/wp\/v2\/product\/78636","targetHints":{"allow":["GET"]}}],"collection":[{"href":"https:\/\/pavillonchassepeche.ca\/en\/wp-json\/wp\/v2\/product"}],"about":[{"href":"https:\/\/pavillonchassepeche.ca\/en\/wp-json\/wp\/v2\/types\/product"}],"replies":[{"embeddable":true,"href":"https:\/\/pavillonchassepeche.ca\/en\/wp-json\/wp\/v2\/comments?post=78636"}],"version-history":[{"count":2,"href":"https:\/\/pavillonchassepeche.ca\/en\/wp-json\/wp\/v2\/product\/78636\/revisions"}],"predecessor-version":[{"id":88393,"href":"https:\/\/pavillonchassepeche.ca\/en\/wp-json\/wp\/v2\/product\/78636\/revisions\/88393"}],"wp:featuredmedia":[{"embeddable":true,"href":"https:\/\/pavillonchassepeche.ca\/en\/wp-json\/wp\/v2\/media\/78634"}],"wp:attachment":[{"href":"https:\/\/pavillonchassepeche.ca\/en\/wp-json\/wp\/v2\/media?parent=78636"}],"wp:term":[{"taxonomy":"product_brand","embeddable":true,"href":"https:\/\/pavillonchassepeche.ca\/en\/wp-json\/wp\/v2\/product_brand?post=78636"},{"taxonomy":"product_cat","embeddable":true,"href":"https:\/\/pavillonchassepeche.ca\/en\/wp-json\/wp\/v2\/product_cat?post=78636"},{"taxonomy":"product_tag","embeddable":true,"href":"https:\/\/pavillonchassepeche.ca\/en\/wp-json\/wp\/v2\/product_tag?post=78636"}],"curies":[{"name":"wp","href":"https:\/\/api.w.org\/{rel}","templated":true}]}}