{"id":78468,"date":"2025-04-18T15:28:58","date_gmt":"2025-04-18T19:28:58","guid":{"rendered":"https:\/\/pavillonchassepeche.ca\/?post_type=product&#038;p=78468"},"modified":"2026-02-12T16:57:55","modified_gmt":"2026-02-12T21:57:55","slug":"victorinox-couteau-spartan-rouge-12-fonction","status":"publish","type":"product","link":"https:\/\/pavillonchassepeche.ca\/en\/product\/victorinox-couteau-spartan-rouge-12-fonction\/","title":{"rendered":"VICTORINOX COUTEAU SPARTAN ROUGE  12 FONCTION"},"content":{"rendered":"<p data-start=\"192\" data-end=\"643\">Le <strong data-start=\"195\" data-end=\"244\">couteau Victorinox Spartan rouge 12 fonctions<\/strong> est l\u2019outil polyvalent id\u00e9al pour la chasse, la p\u00eache et les activit\u00e9s de plein air. Compact, robuste et fiable, il combine praticit\u00e9 et design classique suisse. Parfait pour ceux qui veulent avoir toutes les fonctions essentielles dans un seul couteau, que ce soit en randonn\u00e9e, en camping ou pour le bricolage quotidien. Son manche rouge \u00e9clatant le rend facile \u00e0 rep\u00e9rer dans votre \u00e9quipement.<\/p>\n<h3 data-start=\"645\" data-end=\"665\">Caract\u00e9ristiques<\/h3>\n<ul data-start=\"666\" data-end=\"864\">\n<li data-start=\"666\" data-end=\"716\">\n<p data-start=\"668\" data-end=\"716\">12 fonctions int\u00e9gr\u00e9es dans un couteau compact<\/p>\n<\/li>\n<li data-start=\"717\" data-end=\"761\">\n<p data-start=\"719\" data-end=\"761\">Manche rouge ergonomique et antid\u00e9rapant<\/p>\n<\/li>\n<li data-start=\"762\" data-end=\"809\">\n<p data-start=\"764\" data-end=\"809\">Lame principale en acier inoxydable durable<\/p>\n<\/li>\n<li data-start=\"810\" data-end=\"864\">\n<p data-start=\"812\" data-end=\"864\">Livr\u00e9 avec anneau porte-cl\u00e9s pour transport facile<\/p>\n<\/li>\n<\/ul>\n<h3 data-start=\"866\" data-end=\"895\">Sp\u00e9cifications techniques<\/h3>\n<ul data-start=\"896\" data-end=\"1025\">\n<li data-start=\"896\" data-end=\"923\">\n<p data-start=\"898\" data-end=\"923\">Longueur totale : 91 mm<\/p>\n<\/li>\n<li data-start=\"924\" data-end=\"940\">\n<p data-start=\"926\" data-end=\"940\">Poids : 78 g<\/p>\n<\/li>\n<li data-start=\"941\" data-end=\"982\">\n<p data-start=\"943\" data-end=\"982\">Mati\u00e8re de la lame : acier inoxydable<\/p>\n<\/li>\n<li data-start=\"983\" data-end=\"1025\">\n<p data-start=\"985\" data-end=\"1025\">Fabriqu\u00e9 en Suisse, qualit\u00e9 Victorinox<\/p>\n<\/li>\n<\/ul>\n","protected":false},"excerpt":{"rendered":"<p>Le couteau Victorinox Spartan rouge 12 fonctions est l\u2019outil polyvalent id\u00e9al pour la chasse, la p\u00eache et les activit\u00e9s de plein air. Compact, robuste et fiable, il combine praticit\u00e9 et design classique suisse. Parfait pour ceux qui veulent avoir toutes les fonctions essentielles dans un seul couteau, que ce soit en randonn\u00e9e, en camping ou [&hellip;]<\/p>\n","protected":false},"featured_media":78466,"comment_status":"open","ping_status":"closed","template":"","meta":{"_acf_changed":false,"pagelayer_contact_templates":[],"_pagelayer_content":""},"product_brand":[],"product_cat":[153,21,144,110,1110],"product_tag":[267,879],"class_list":{"0":"post-78468","1":"product","2":"type-product","3":"status-publish","4":"has-post-thumbnail","6":"product_cat-peche-accessoires-de-peche","7":"product_cat-chasse","8":"product_cat-peche","9":"product_cat-plein-air","10":"product_cat-plein-air-randonnee-et-accessoires","11":"product_tag-pronature","12":"product_tag-victorinox","14":"first","15":"instock","16":"taxable","17":"shipping-taxable","18":"purchasable","19":"product-type-simple"},"acf":[],"jetpack_sharing_enabled":true,"_links":{"self":[{"href":"https:\/\/pavillonchassepeche.ca\/en\/wp-json\/wp\/v2\/product\/78468","targetHints":{"allow":["GET"]}}],"collection":[{"href":"https:\/\/pavillonchassepeche.ca\/en\/wp-json\/wp\/v2\/product"}],"about":[{"href":"https:\/\/pavillonchassepeche.ca\/en\/wp-json\/wp\/v2\/types\/product"}],"replies":[{"embeddable":true,"href":"https:\/\/pavillonchassepeche.ca\/en\/wp-json\/wp\/v2\/comments?post=78468"}],"version-history":[{"count":2,"href":"https:\/\/pavillonchassepeche.ca\/en\/wp-json\/wp\/v2\/product\/78468\/revisions"}],"predecessor-version":[{"id":93425,"href":"https:\/\/pavillonchassepeche.ca\/en\/wp-json\/wp\/v2\/product\/78468\/revisions\/93425"}],"wp:featuredmedia":[{"embeddable":true,"href":"https:\/\/pavillonchassepeche.ca\/en\/wp-json\/wp\/v2\/media\/78466"}],"wp:attachment":[{"href":"https:\/\/pavillonchassepeche.ca\/en\/wp-json\/wp\/v2\/media?parent=78468"}],"wp:term":[{"taxonomy":"product_brand","embeddable":true,"href":"https:\/\/pavillonchassepeche.ca\/en\/wp-json\/wp\/v2\/product_brand?post=78468"},{"taxonomy":"product_cat","embeddable":true,"href":"https:\/\/pavillonchassepeche.ca\/en\/wp-json\/wp\/v2\/product_cat?post=78468"},{"taxonomy":"product_tag","embeddable":true,"href":"https:\/\/pavillonchassepeche.ca\/en\/wp-json\/wp\/v2\/product_tag?post=78468"}],"curies":[{"name":"wp","href":"https:\/\/api.w.org\/{rel}","templated":true}]}}