{"id":78165,"date":"2025-04-18T15:22:47","date_gmt":"2025-04-18T19:22:47","guid":{"rendered":"https:\/\/pavillonchassepeche.ca\/?post_type=product&#038;p=78165"},"modified":"2025-06-26T13:27:07","modified_gmt":"2025-06-26T17:27:07","slug":"st-croix-trout-6-6-med-light-x-fast-2-pieces","status":"publish","type":"product","link":"https:\/\/pavillonchassepeche.ca\/en\/product\/st-croix-trout-6-6-med-light-x-fast-2-pieces\/","title":{"rendered":"ST.CROIX TROUT 6&#8242;-6&#8243;  MED LIGHT X-FAST 2 PI\u00c8CES"},"content":{"rendered":"<p data-start=\"122\" data-end=\"711\">La canne <em data-start=\"171\" data-end=\"188\">St. Croix Trout<\/em> est sp\u00e9cialement con\u00e7ue pour la p\u00eache \u00e0 la truite, alliant l\u00e9g\u00e8ret\u00e9 et sensibilit\u00e9. Avec ses 6 pieds 6 pouces de longueur, sa puissance Medium Light et son action X-Fast, cette canne \u00e0 deux pi\u00e8ces offre une excellente r\u00e9activit\u00e9 pour d\u00e9tecter les touches les plus fines. Sa construction en fibre de carbone SCII assure robustesse et durabilit\u00e9 tout en gardant un poids plume. Facile \u00e0 transporter gr\u00e2ce \u00e0 ses deux sections, elle est id\u00e9ale pour les sorties en rivi\u00e8re et en lac, permettant des lancers pr\u00e9cis et contr\u00f4l\u00e9s.<\/p>\n<hr data-start=\"713\" data-end=\"716\" \/>\n<p data-start=\"718\" data-end=\"742\"><strong data-start=\"718\" data-end=\"740\">Caract\u00e9ristiques :<\/strong><\/p>\n<ul data-start=\"743\" data-end=\"1069\">\n<li data-start=\"743\" data-end=\"782\">\n<p data-start=\"745\" data-end=\"782\">Canne \u00e0 lancer l\u00e9ger en deux pi\u00e8ces<\/p>\n<\/li>\n<li data-start=\"783\" data-end=\"811\">\n<p data-start=\"785\" data-end=\"811\">Longueur : 6&#8217;6&#8243; (1,98 m)<\/p>\n<\/li>\n<li data-start=\"812\" data-end=\"874\">\n<p data-start=\"814\" data-end=\"874\">Puissance Medium Light, parfaite pour la p\u00eache \u00e0 la truite<\/p>\n<\/li>\n<li data-start=\"875\" data-end=\"920\">\n<p data-start=\"877\" data-end=\"920\">Action X-Fast pour une grande sensibilit\u00e9<\/p>\n<\/li>\n<li data-start=\"921\" data-end=\"970\">\n<p data-start=\"923\" data-end=\"970\">Construction en fibre de carbone SCII durable<\/p>\n<\/li>\n<li data-start=\"971\" data-end=\"1011\">\n<p data-start=\"973\" data-end=\"1011\">Poign\u00e9e en li\u00e8ge naturel ergonomique<\/p>\n<\/li>\n<li data-start=\"1012\" data-end=\"1069\">\n<p data-start=\"1014\" data-end=\"1069\">Con\u00e7ue pour des lancers pr\u00e9cis et un contr\u00f4le optimal<\/p>\n<\/li>\n<\/ul>\n<hr data-start=\"1071\" data-end=\"1074\" \/>\n<p data-start=\"1076\" data-end=\"1109\"><strong data-start=\"1076\" data-end=\"1107\">Sp\u00e9cifications techniques :<\/strong><\/p>\n<ul data-start=\"1110\" data-end=\"1315\">\n<li data-start=\"1110\" data-end=\"1150\">\n<p data-start=\"1112\" data-end=\"1150\">Longueur : 6 pieds 6 pouces (1,98 m)<\/p>\n<\/li>\n<li data-start=\"1151\" data-end=\"1179\">\n<p data-start=\"1153\" data-end=\"1179\">Puissance : Medium Light<\/p>\n<\/li>\n<li data-start=\"1180\" data-end=\"1199\">\n<p data-start=\"1182\" data-end=\"1199\">Action : X-Fast<\/p>\n<\/li>\n<li data-start=\"1200\" data-end=\"1224\">\n<p data-start=\"1202\" data-end=\"1224\">Nombre de pi\u00e8ces : 2<\/p>\n<\/li>\n<li data-start=\"1225\" data-end=\"1261\">\n<p data-start=\"1227\" data-end=\"1261\">Mat\u00e9riau : fibre de carbone SCII<\/p>\n<\/li>\n<li data-start=\"1262\" data-end=\"1292\">\n<p data-start=\"1264\" data-end=\"1292\">Poids approximatif : 100 g<\/p>\n<\/li>\n<li data-start=\"1293\" data-end=\"1315\">\n<p data-start=\"1295\" data-end=\"1315\">Marque : St. Croix<\/p>\n<\/li>\n<\/ul>\n","protected":false},"excerpt":{"rendered":"<p>La canne St. Croix Trout est sp\u00e9cialement con\u00e7ue pour la p\u00eache \u00e0 la truite, alliant l\u00e9g\u00e8ret\u00e9 et sensibilit\u00e9. Avec ses 6 pieds 6 pouces de longueur, sa puissance Medium Light et son action X-Fast, cette canne \u00e0 deux pi\u00e8ces offre une excellente r\u00e9activit\u00e9 pour d\u00e9tecter les touches les plus fines. Sa construction en fibre de [&hellip;]<\/p>\n","protected":false},"featured_media":78163,"comment_status":"open","ping_status":"closed","template":"","meta":{"_acf_changed":false,"pagelayer_contact_templates":[],"_pagelayer_content":""},"product_brand":[],"product_cat":[156,144],"product_tag":[486],"class_list":{"0":"post-78165","1":"product","2":"type-product","3":"status-publish","4":"has-post-thumbnail","6":"product_cat-peche-cannes-moulinets","7":"product_cat-peche","8":"product_tag-st-croix","10":"first","11":"instock","12":"taxable","13":"shipping-taxable","14":"purchasable","15":"product-type-simple"},"acf":[],"jetpack_sharing_enabled":true,"_links":{"self":[{"href":"https:\/\/pavillonchassepeche.ca\/en\/wp-json\/wp\/v2\/product\/78165","targetHints":{"allow":["GET"]}}],"collection":[{"href":"https:\/\/pavillonchassepeche.ca\/en\/wp-json\/wp\/v2\/product"}],"about":[{"href":"https:\/\/pavillonchassepeche.ca\/en\/wp-json\/wp\/v2\/types\/product"}],"replies":[{"embeddable":true,"href":"https:\/\/pavillonchassepeche.ca\/en\/wp-json\/wp\/v2\/comments?post=78165"}],"version-history":[{"count":2,"href":"https:\/\/pavillonchassepeche.ca\/en\/wp-json\/wp\/v2\/product\/78165\/revisions"}],"predecessor-version":[{"id":85614,"href":"https:\/\/pavillonchassepeche.ca\/en\/wp-json\/wp\/v2\/product\/78165\/revisions\/85614"}],"wp:featuredmedia":[{"embeddable":true,"href":"https:\/\/pavillonchassepeche.ca\/en\/wp-json\/wp\/v2\/media\/78163"}],"wp:attachment":[{"href":"https:\/\/pavillonchassepeche.ca\/en\/wp-json\/wp\/v2\/media?parent=78165"}],"wp:term":[{"taxonomy":"product_brand","embeddable":true,"href":"https:\/\/pavillonchassepeche.ca\/en\/wp-json\/wp\/v2\/product_brand?post=78165"},{"taxonomy":"product_cat","embeddable":true,"href":"https:\/\/pavillonchassepeche.ca\/en\/wp-json\/wp\/v2\/product_cat?post=78165"},{"taxonomy":"product_tag","embeddable":true,"href":"https:\/\/pavillonchassepeche.ca\/en\/wp-json\/wp\/v2\/product_tag?post=78165"}],"curies":[{"name":"wp","href":"https:\/\/api.w.org\/{rel}","templated":true}]}}