{"id":78134,"date":"2025-04-18T15:22:27","date_gmt":"2025-04-18T19:22:27","guid":{"rendered":"https:\/\/pavillonchassepeche.ca\/?post_type=product&#038;p=78134"},"modified":"2025-06-25T15:08:55","modified_gmt":"2025-06-25T19:08:55","slug":"st-croix-premier-canne-a-lancer-leger-2-pieces-7-0-med-light-fast","status":"publish","type":"product","link":"https:\/\/pavillonchassepeche.ca\/en\/product\/st-croix-premier-canne-a-lancer-leger-2-pieces-7-0-med-light-fast\/","title":{"rendered":"ST.CROIX PREMIER CANNE A LANCER LEGER 2 PI\u00c8CES 7&#8242;-0&#8243; MED LIGHT FAST"},"content":{"rendered":"<p data-start=\"144\" data-end=\"714\">La canne \u00e0 lancer l\u00e9ger St. Croix Premier 7&#8217;0&#8243; Med Light Fast en 2 pi\u00e8ces est con\u00e7ue pour offrir un \u00e9quilibre parfait entre performance, sensibilit\u00e9 et polyvalence. Gr\u00e2ce \u00e0 son action rapide et sa puissance m\u00e9dium-l\u00e9g\u00e8re, elle excelle dans les techniques fines tout en ayant assez de r\u00e9serve pour combattre les poissons plus costauds. Le blank en graphite SCII lui conf\u00e8re une l\u00e9g\u00e8ret\u00e9 agr\u00e9able sans compromettre la durabilit\u00e9. Id\u00e9ale pour les p\u00eacheurs en d\u00e9placement, cette version en deux sections facilite le transport sans sacrifier la performance.<\/p>\n<p data-start=\"716\" data-end=\"738\"><strong data-start=\"716\" data-end=\"736\">Caract\u00e9ristiques<\/strong><\/p>\n<ul data-start=\"739\" data-end=\"1219\">\n<li data-start=\"739\" data-end=\"818\">\n<p data-start=\"741\" data-end=\"818\">Construction en graphite SCII pour une excellente sensibilit\u00e9 et durabilit\u00e9<\/p>\n<\/li>\n<li data-start=\"819\" data-end=\"876\">\n<p data-start=\"821\" data-end=\"876\">Action rapide (Fast) pour des ferrages nets et pr\u00e9cis<\/p>\n<\/li>\n<li data-start=\"877\" data-end=\"956\">\n<p data-start=\"879\" data-end=\"956\">Puissance Medium Light id\u00e9ale pour les leurres l\u00e9gers et techniques vari\u00e9es<\/p>\n<\/li>\n<li data-start=\"957\" data-end=\"1015\">\n<p data-start=\"959\" data-end=\"1015\">Conception en 2 pi\u00e8ces pour un transport plus pratique<\/p>\n<\/li>\n<li data-start=\"1016\" data-end=\"1093\">\n<p data-start=\"1018\" data-end=\"1093\">Composants de qualit\u00e9 : guides en oxyde d\u2019aluminium, porte-moulinet Fuji\u00ae<\/p>\n<\/li>\n<li data-start=\"1094\" data-end=\"1148\">\n<p data-start=\"1096\" data-end=\"1148\">Poign\u00e9e confortable en li\u00e8ge de qualit\u00e9 sup\u00e9rieure<\/p>\n<\/li>\n<li data-start=\"1149\" data-end=\"1219\">\n<p data-start=\"1151\" data-end=\"1219\">Fabriqu\u00e9e \u00e0 la main aux \u00c9tats-Unis pour une finition irr\u00e9prochable<\/p>\n<\/li>\n<\/ul>\n<p data-start=\"1221\" data-end=\"1252\"><strong data-start=\"1221\" data-end=\"1250\">Sp\u00e9cifications techniques<\/strong><\/p>\n<ul data-start=\"1253\" data-end=\"1592\">\n<li data-start=\"1253\" data-end=\"1282\">\n<p data-start=\"1255\" data-end=\"1282\">Longueur : 7 pieds (7&#8217;0&#8243;)<\/p>\n<\/li>\n<li data-start=\"1283\" data-end=\"1325\">\n<p data-start=\"1285\" data-end=\"1325\">Type : Canne \u00e0 lancer l\u00e9ger (spinning)<\/p>\n<\/li>\n<li data-start=\"1326\" data-end=\"1354\">\n<p data-start=\"1328\" data-end=\"1354\">Puissance : Medium Light<\/p>\n<\/li>\n<li data-start=\"1355\" data-end=\"1372\">\n<p data-start=\"1357\" data-end=\"1372\">Action : Fast<\/p>\n<\/li>\n<li data-start=\"1373\" data-end=\"1406\">\n<p data-start=\"1375\" data-end=\"1406\">Nombre de sections : 2 pi\u00e8ces<\/p>\n<\/li>\n<li data-start=\"1407\" data-end=\"1444\">\n<p data-start=\"1409\" data-end=\"1444\">Mat\u00e9riau du blank : Graphite SCII<\/p>\n<\/li>\n<li data-start=\"1445\" data-end=\"1464\">\n<p data-start=\"1447\" data-end=\"1464\">Poign\u00e9e : Li\u00e8ge<\/p>\n<\/li>\n<li data-start=\"1465\" data-end=\"1498\">\n<p data-start=\"1467\" data-end=\"1498\">Ligne recommand\u00e9e : 4 \u00e0 10 lb<\/p>\n<\/li>\n<li data-start=\"1499\" data-end=\"1537\">\n<p data-start=\"1501\" data-end=\"1537\">Leurres recommand\u00e9s : 1\/8 \u00e0 1\/2 oz<\/p>\n<\/li>\n<li data-start=\"1538\" data-end=\"1592\">\n<p data-start=\"1540\" data-end=\"1592\">Garantie : Garantie limit\u00e9e du fabricant St. Croix<\/p>\n<\/li>\n<\/ul>\n","protected":false},"excerpt":{"rendered":"<p>La canne \u00e0 lancer l\u00e9ger St. Croix Premier 7&#8217;0&#8243; Med Light Fast en 2 pi\u00e8ces est con\u00e7ue pour offrir un \u00e9quilibre parfait entre performance, sensibilit\u00e9 et polyvalence. Gr\u00e2ce \u00e0 son action rapide et sa puissance m\u00e9dium-l\u00e9g\u00e8re, elle excelle dans les techniques fines tout en ayant assez de r\u00e9serve pour combattre les poissons plus costauds. Le [&hellip;]<\/p>\n","protected":false},"featured_media":78132,"comment_status":"open","ping_status":"closed","template":"","meta":{"_acf_changed":false,"pagelayer_contact_templates":[],"_pagelayer_content":""},"product_brand":[],"product_cat":[156,144],"product_tag":[486],"class_list":{"0":"post-78134","1":"product","2":"type-product","3":"status-publish","4":"has-post-thumbnail","6":"product_cat-peche-cannes-moulinets","7":"product_cat-peche","8":"product_tag-st-croix","10":"first","11":"instock","12":"taxable","13":"shipping-taxable","14":"purchasable","15":"product-type-simple"},"acf":[],"jetpack_sharing_enabled":true,"_links":{"self":[{"href":"https:\/\/pavillonchassepeche.ca\/en\/wp-json\/wp\/v2\/product\/78134","targetHints":{"allow":["GET"]}}],"collection":[{"href":"https:\/\/pavillonchassepeche.ca\/en\/wp-json\/wp\/v2\/product"}],"about":[{"href":"https:\/\/pavillonchassepeche.ca\/en\/wp-json\/wp\/v2\/types\/product"}],"replies":[{"embeddable":true,"href":"https:\/\/pavillonchassepeche.ca\/en\/wp-json\/wp\/v2\/comments?post=78134"}],"version-history":[{"count":2,"href":"https:\/\/pavillonchassepeche.ca\/en\/wp-json\/wp\/v2\/product\/78134\/revisions"}],"predecessor-version":[{"id":85539,"href":"https:\/\/pavillonchassepeche.ca\/en\/wp-json\/wp\/v2\/product\/78134\/revisions\/85539"}],"wp:featuredmedia":[{"embeddable":true,"href":"https:\/\/pavillonchassepeche.ca\/en\/wp-json\/wp\/v2\/media\/78132"}],"wp:attachment":[{"href":"https:\/\/pavillonchassepeche.ca\/en\/wp-json\/wp\/v2\/media?parent=78134"}],"wp:term":[{"taxonomy":"product_brand","embeddable":true,"href":"https:\/\/pavillonchassepeche.ca\/en\/wp-json\/wp\/v2\/product_brand?post=78134"},{"taxonomy":"product_cat","embeddable":true,"href":"https:\/\/pavillonchassepeche.ca\/en\/wp-json\/wp\/v2\/product_cat?post=78134"},{"taxonomy":"product_tag","embeddable":true,"href":"https:\/\/pavillonchassepeche.ca\/en\/wp-json\/wp\/v2\/product_tag?post=78134"}],"curies":[{"name":"wp","href":"https:\/\/api.w.org\/{rel}","templated":true}]}}