{"id":77822,"date":"2025-04-18T15:16:07","date_gmt":"2025-04-18T19:16:07","guid":{"rendered":"https:\/\/pavillonchassepeche.ca\/?post_type=product&#038;p=77822"},"modified":"2026-02-27T10:42:11","modified_gmt":"2026-02-27T15:42:11","slug":"berkley-powerbait-pre-rigged-atomic-tubes-perch-qty5","status":"publish","type":"product","link":"https:\/\/pavillonchassepeche.ca\/en\/product\/berkley-powerbait-pre-rigged-atomic-tubes-perch-qty5\/","title":{"rendered":"BERKLEY POWERBAIT PRE-RIGGED ATOMIC TUBES PERCH (QTY:5)"},"content":{"rendered":"<p data-start=\"120\" data-end=\"603\">Le <strong data-start=\"123\" data-end=\"174\">Berkley PowerBait Pre-Rigged Atomic Tubes Perch<\/strong> est un leurre souple pr\u00e9-mont\u00e9 pr\u00eat \u00e0 l\u2019emploi, con\u00e7u pour attirer efficacement les poissons panfish comme le crapet et la perchaude. Sa forme tubulaire imite parfaitement les petits poissons-app\u00e2ts, tandis que la texture PowerBait infus\u00e9e avec un ar\u00f4me irr\u00e9sistible stimule la prise. Vendus par paquet de 5, ces leurres offrent une solution pratique pour les p\u00eacheurs qui veulent optimiser leur temps et maximiser leurs prises.<\/p>\n<hr data-start=\"605\" data-end=\"608\" \/>\n<p data-start=\"610\" data-end=\"634\"><strong data-start=\"610\" data-end=\"632\">Caract\u00e9ristiques :<\/strong><\/p>\n<ul data-start=\"635\" data-end=\"856\">\n<li data-start=\"635\" data-end=\"682\">\n<p data-start=\"637\" data-end=\"682\">Leurres souples pr\u00e9-mont\u00e9s pr\u00eats \u00e0 l\u2019emploi<\/p>\n<\/li>\n<li data-start=\"683\" data-end=\"739\">\n<p data-start=\"685\" data-end=\"739\">Forme tubulaire r\u00e9aliste imitant les poissons-app\u00e2ts<\/p>\n<\/li>\n<li data-start=\"740\" data-end=\"782\">\n<p data-start=\"742\" data-end=\"782\">Texture PowerBait avec ar\u00f4me attractif<\/p>\n<\/li>\n<li data-start=\"783\" data-end=\"834\">\n<p data-start=\"785\" data-end=\"834\">Couleur Perch, id\u00e9ale pour la p\u00eache aux panfish<\/p>\n<\/li>\n<li data-start=\"835\" data-end=\"856\">\n<p data-start=\"837\" data-end=\"856\">Paquet de 5 leurres<\/p>\n<\/li>\n<\/ul>\n<hr data-start=\"858\" data-end=\"861\" \/>\n<p data-start=\"863\" data-end=\"896\"><strong data-start=\"863\" data-end=\"894\">Sp\u00e9cifications techniques :<\/strong><\/p>\n<ul data-start=\"897\" data-end=\"1072\">\n<li data-start=\"897\" data-end=\"932\">\n<p data-start=\"899\" data-end=\"932\">Type : Leurre souple pr\u00e9-rigged<\/p>\n<\/li>\n<li data-start=\"933\" data-end=\"967\">\n<p data-start=\"935\" data-end=\"967\">Quantit\u00e9 : 5 pi\u00e8ces par paquet<\/p>\n<\/li>\n<li data-start=\"968\" data-end=\"1027\">\n<p data-start=\"970\" data-end=\"1027\">Usage recommand\u00e9 : P\u00eache aux panfish, perchaude, crapet<\/p>\n<\/li>\n<li data-start=\"1028\" data-end=\"1072\">\n<p data-start=\"1030\" data-end=\"1072\">Mat\u00e9riau : Plastique souple avec PowerBait<\/p>\n<\/li>\n<\/ul>\n","protected":false},"excerpt":{"rendered":"<p>Le Berkley PowerBait Pre-Rigged Atomic Tubes Perch est un leurre souple pr\u00e9-mont\u00e9 pr\u00eat \u00e0 l\u2019emploi, con\u00e7u pour attirer efficacement les poissons panfish comme le crapet et la perchaude. Sa forme tubulaire imite parfaitement les petits poissons-app\u00e2ts, tandis que la texture PowerBait infus\u00e9e avec un ar\u00f4me irr\u00e9sistible stimule la prise. Vendus par paquet de 5, ces [&hellip;]<\/p>\n","protected":false},"featured_media":77820,"comment_status":"open","ping_status":"closed","template":"","meta":{"_acf_changed":false,"pagelayer_contact_templates":[],"_pagelayer_content":""},"product_brand":[],"product_cat":[146,144],"product_tag":[285],"class_list":{"0":"post-77822","1":"product","2":"type-product","3":"status-publish","4":"has-post-thumbnail","6":"product_cat-peche-leurres-appats","7":"product_cat-peche","8":"product_tag-berkley","10":"first","11":"instock","12":"taxable","13":"shipping-taxable","14":"purchasable","15":"product-type-simple"},"acf":[],"jetpack_sharing_enabled":true,"_links":{"self":[{"href":"https:\/\/pavillonchassepeche.ca\/en\/wp-json\/wp\/v2\/product\/77822","targetHints":{"allow":["GET"]}}],"collection":[{"href":"https:\/\/pavillonchassepeche.ca\/en\/wp-json\/wp\/v2\/product"}],"about":[{"href":"https:\/\/pavillonchassepeche.ca\/en\/wp-json\/wp\/v2\/types\/product"}],"replies":[{"embeddable":true,"href":"https:\/\/pavillonchassepeche.ca\/en\/wp-json\/wp\/v2\/comments?post=77822"}],"version-history":[{"count":2,"href":"https:\/\/pavillonchassepeche.ca\/en\/wp-json\/wp\/v2\/product\/77822\/revisions"}],"predecessor-version":[{"id":85873,"href":"https:\/\/pavillonchassepeche.ca\/en\/wp-json\/wp\/v2\/product\/77822\/revisions\/85873"}],"wp:featuredmedia":[{"embeddable":true,"href":"https:\/\/pavillonchassepeche.ca\/en\/wp-json\/wp\/v2\/media\/77820"}],"wp:attachment":[{"href":"https:\/\/pavillonchassepeche.ca\/en\/wp-json\/wp\/v2\/media?parent=77822"}],"wp:term":[{"taxonomy":"product_brand","embeddable":true,"href":"https:\/\/pavillonchassepeche.ca\/en\/wp-json\/wp\/v2\/product_brand?post=77822"},{"taxonomy":"product_cat","embeddable":true,"href":"https:\/\/pavillonchassepeche.ca\/en\/wp-json\/wp\/v2\/product_cat?post=77822"},{"taxonomy":"product_tag","embeddable":true,"href":"https:\/\/pavillonchassepeche.ca\/en\/wp-json\/wp\/v2\/product_tag?post=77822"}],"curies":[{"name":"wp","href":"https:\/\/api.w.org\/{rel}","templated":true}]}}