{"id":77686,"date":"2025-04-18T15:10:55","date_gmt":"2025-04-18T19:10:55","guid":{"rendered":"https:\/\/pavillonchassepeche.ca\/?post_type=product&#038;p=77686"},"modified":"2026-03-14T10:01:25","modified_gmt":"2026-03-14T14:01:25","slug":"pronature-valise-rigide-pour-arme-double","status":"publish","type":"product","link":"https:\/\/pavillonchassepeche.ca\/en\/product\/pronature-valise-rigide-pour-arme-double\/","title":{"rendered":"PRONATURE VALISE RIGIDE POUR ARME DOUBLE"},"content":{"rendered":"<p data-start=\"126\" data-end=\"678\">Con\u00e7ue pour les chasseurs et tireurs qui veulent prot\u00e9ger leur \u00e9quipement, cette valise robuste offre une excellente protection contre les chocs, la poussi\u00e8re et l\u2019humidit\u00e9. Son int\u00e9rieur rembourr\u00e9 garde vos armes bien en place, tandis que sa coque rigide r\u00e9sistante aux impacts assure un transport sans tracas, que ce soit en v\u00e9hicule ou lors de longs d\u00e9placements. Pratique, s\u00e9curitaire et con\u00e7ue pour durer : un incontournable pour tout amateur s\u00e9rieux.<\/p>\n<p data-start=\"680\" data-end=\"704\"><strong data-start=\"680\" data-end=\"702\">Caract\u00e9ristiques :<\/strong><\/p>\n<ul data-start=\"705\" data-end=\"966\">\n<li data-start=\"705\" data-end=\"741\">\n<p data-start=\"707\" data-end=\"741\">Convient pour deux armes longues<\/p>\n<\/li>\n<li data-start=\"742\" data-end=\"778\">\n<p data-start=\"744\" data-end=\"778\">Coque rigide en polym\u00e8re durable<\/p>\n<\/li>\n<li data-start=\"779\" data-end=\"828\">\n<p data-start=\"781\" data-end=\"828\">Int\u00e9rieur rembourr\u00e9 avec mousse de protection<\/p>\n<\/li>\n<li data-start=\"829\" data-end=\"865\">\n<p data-start=\"831\" data-end=\"865\">Poign\u00e9e de transport confortable<\/p>\n<\/li>\n<li data-start=\"866\" data-end=\"924\">\n<p data-start=\"868\" data-end=\"924\">Syst\u00e8me de fermeture s\u00e9curitaire avec loquets robustes<\/p>\n<\/li>\n<li data-start=\"925\" data-end=\"966\">\n<p data-start=\"927\" data-end=\"966\">Compatibilit\u00e9 avec cadenas (non inclus)<\/p>\n<\/li>\n<\/ul>\n<p data-start=\"968\" data-end=\"1001\"><strong data-start=\"968\" data-end=\"999\">Sp\u00e9cifications techniques :<\/strong><\/p>\n<ul data-start=\"1002\" data-end=\"1110\">\n<li data-start=\"1002\" data-end=\"1038\">\n<p data-start=\"1004\" data-end=\"1038\">Dimensions : env. 53&#8243; x 14&#8243; x 4&#8243;<\/p>\n<\/li>\n<li data-start=\"1039\" data-end=\"1070\">\n<p data-start=\"1041\" data-end=\"1070\">Poids approximatif : 4,5 kg<\/p>\n<\/li>\n<li data-start=\"1071\" data-end=\"1089\">\n<p data-start=\"1073\" data-end=\"1089\">Couleur : Noir<\/p>\n<\/li>\n<li data-start=\"1090\" data-end=\"1110\">\n<p data-start=\"1092\" data-end=\"1110\">Marque : Pronature<\/p>\n<\/li>\n<\/ul>\n","protected":false},"excerpt":{"rendered":"<p>Con\u00e7ue pour les chasseurs et tireurs qui veulent prot\u00e9ger leur \u00e9quipement, cette valise robuste offre une excellente protection contre les chocs, la poussi\u00e8re et l\u2019humidit\u00e9. Son int\u00e9rieur rembourr\u00e9 garde vos armes bien en place, tandis que sa coque rigide r\u00e9sistante aux impacts assure un transport sans tracas, que ce soit en v\u00e9hicule ou lors de [&hellip;]<\/p>\n","protected":false},"featured_media":77681,"comment_status":"open","ping_status":"closed","template":"","meta":{"_acf_changed":false,"pagelayer_contact_templates":[],"_pagelayer_content":""},"product_brand":[],"product_cat":[21,108],"product_tag":[267],"class_list":{"0":"post-77686","1":"product","2":"type-product","3":"status-publish","4":"has-post-thumbnail","6":"product_cat-chasse","7":"product_cat-equipements-chasse","8":"product_tag-pronature","10":"first","11":"instock","12":"taxable","13":"shipping-taxable","14":"purchasable","15":"product-type-simple"},"acf":[],"jetpack_sharing_enabled":true,"_links":{"self":[{"href":"https:\/\/pavillonchassepeche.ca\/en\/wp-json\/wp\/v2\/product\/77686","targetHints":{"allow":["GET"]}}],"collection":[{"href":"https:\/\/pavillonchassepeche.ca\/en\/wp-json\/wp\/v2\/product"}],"about":[{"href":"https:\/\/pavillonchassepeche.ca\/en\/wp-json\/wp\/v2\/types\/product"}],"replies":[{"embeddable":true,"href":"https:\/\/pavillonchassepeche.ca\/en\/wp-json\/wp\/v2\/comments?post=77686"}],"version-history":[{"count":2,"href":"https:\/\/pavillonchassepeche.ca\/en\/wp-json\/wp\/v2\/product\/77686\/revisions"}],"predecessor-version":[{"id":85640,"href":"https:\/\/pavillonchassepeche.ca\/en\/wp-json\/wp\/v2\/product\/77686\/revisions\/85640"}],"wp:featuredmedia":[{"embeddable":true,"href":"https:\/\/pavillonchassepeche.ca\/en\/wp-json\/wp\/v2\/media\/77681"}],"wp:attachment":[{"href":"https:\/\/pavillonchassepeche.ca\/en\/wp-json\/wp\/v2\/media?parent=77686"}],"wp:term":[{"taxonomy":"product_brand","embeddable":true,"href":"https:\/\/pavillonchassepeche.ca\/en\/wp-json\/wp\/v2\/product_brand?post=77686"},{"taxonomy":"product_cat","embeddable":true,"href":"https:\/\/pavillonchassepeche.ca\/en\/wp-json\/wp\/v2\/product_cat?post=77686"},{"taxonomy":"product_tag","embeddable":true,"href":"https:\/\/pavillonchassepeche.ca\/en\/wp-json\/wp\/v2\/product_tag?post=77686"}],"curies":[{"name":"wp","href":"https:\/\/api.w.org\/{rel}","templated":true}]}}