{"id":77169,"date":"2025-04-18T15:03:40","date_gmt":"2025-04-18T19:03:40","guid":{"rendered":"https:\/\/pavillonchassepeche.ca\/?post_type=product&#038;p=77169"},"modified":"2026-02-26T13:07:31","modified_gmt":"2026-02-26T18:07:31","slug":"recall-designs-call-orignal-syntec-vert-moose-break","status":"publish","type":"product","link":"https:\/\/pavillonchassepeche.ca\/en\/product\/recall-designs-call-orignal-syntec-vert-moose-break\/","title":{"rendered":"RECALL DESIGNS CALL ORIGNAL SYNTEC VERT MOOSE BREAK"},"content":{"rendered":"<p>Le moose Break est plus qu\u2019un cornet ordinaire, il est fabriqu\u00e9 de r\u00e9sine ce qui le rend tr\u00e8s r\u00e9sistant. Son design unique et vrill\u00e9 hors du commun lui permet de reproduire les vocalises \u00e0 merveille. Il mesure 17 \u00bd pouces de long. Le diam\u00e8tre d\u2019entr\u00e9e est de 1.25 pouces et le diam\u00e8tre de la sortie est de 6.25 pouces<\/p>\n","protected":false},"excerpt":{"rendered":"<p>Le moose Break est plus qu\u2019un cornet ordinaire, il est fabriqu\u00e9 de r\u00e9sine ce qui le rend tr\u00e8s r\u00e9sistant. Son design unique et vrill\u00e9 hors du commun lui permet de reproduire les vocalises \u00e0 merveille. Il mesure 17 \u00bd pouces de long. Le diam\u00e8tre d\u2019entr\u00e9e est de 1.25 pouces et le diam\u00e8tre de la sortie [&hellip;]<\/p>\n","protected":false},"featured_media":77167,"comment_status":"open","ping_status":"closed","template":"","meta":{"_acf_changed":false,"pagelayer_contact_templates":[],"_pagelayer_content":""},"product_brand":[],"product_cat":[35,21],"product_tag":[504],"class_list":{"0":"post-77169","1":"product","2":"type-product","3":"status-publish","4":"has-post-thumbnail","6":"product_cat-appats-attractifs","7":"product_cat-chasse","8":"product_tag-recall-designs","10":"first","11":"instock","12":"taxable","13":"shipping-taxable","14":"purchasable","15":"product-type-simple"},"acf":[],"jetpack_sharing_enabled":true,"_links":{"self":[{"href":"https:\/\/pavillonchassepeche.ca\/en\/wp-json\/wp\/v2\/product\/77169","targetHints":{"allow":["GET"]}}],"collection":[{"href":"https:\/\/pavillonchassepeche.ca\/en\/wp-json\/wp\/v2\/product"}],"about":[{"href":"https:\/\/pavillonchassepeche.ca\/en\/wp-json\/wp\/v2\/types\/product"}],"replies":[{"embeddable":true,"href":"https:\/\/pavillonchassepeche.ca\/en\/wp-json\/wp\/v2\/comments?post=77169"}],"version-history":[{"count":1,"href":"https:\/\/pavillonchassepeche.ca\/en\/wp-json\/wp\/v2\/product\/77169\/revisions"}],"predecessor-version":[{"id":77593,"href":"https:\/\/pavillonchassepeche.ca\/en\/wp-json\/wp\/v2\/product\/77169\/revisions\/77593"}],"wp:featuredmedia":[{"embeddable":true,"href":"https:\/\/pavillonchassepeche.ca\/en\/wp-json\/wp\/v2\/media\/77167"}],"wp:attachment":[{"href":"https:\/\/pavillonchassepeche.ca\/en\/wp-json\/wp\/v2\/media?parent=77169"}],"wp:term":[{"taxonomy":"product_brand","embeddable":true,"href":"https:\/\/pavillonchassepeche.ca\/en\/wp-json\/wp\/v2\/product_brand?post=77169"},{"taxonomy":"product_cat","embeddable":true,"href":"https:\/\/pavillonchassepeche.ca\/en\/wp-json\/wp\/v2\/product_cat?post=77169"},{"taxonomy":"product_tag","embeddable":true,"href":"https:\/\/pavillonchassepeche.ca\/en\/wp-json\/wp\/v2\/product_tag?post=77169"}],"curies":[{"name":"wp","href":"https:\/\/api.w.org\/{rel}","templated":true}]}}