{"id":77102,"date":"2025-04-18T15:02:06","date_gmt":"2025-04-18T19:02:06","guid":{"rendered":"https:\/\/pavillonchassepeche.ca\/?post_type=product&#038;p=77102"},"modified":"2026-03-13T11:00:18","modified_gmt":"2026-03-13T15:00:18","slug":"pronature-ensemble-de-nettoyage-pour-fusil-de-chasse","status":"publish","type":"product","link":"https:\/\/pavillonchassepeche.ca\/en\/product\/pronature-ensemble-de-nettoyage-pour-fusil-de-chasse\/","title":{"rendered":"PRONATURE ENSEMBLE DE NETTOYAGE POUR FUSIL DE CHASSE"},"content":{"rendered":"<p>Sp\u00e9cifications et composition<\/p>\n<\/p>\n<p>Recommand\u00e9 pour : Nettoyage de fusil<\/p>\n<\/p>\n<p>Contient:<\/p>\n<\/p>\n<p>Tige \u00e0 oeillet (12\/20 GA)<\/p>\n<\/p>\n<p>2 brosses de bronze<\/p>\n<\/p>\n<p>2 tampons<\/p>\n<\/p>\n<p>lingettes<\/p>\n<\/p>\n<p>1 c\u00e2ble 78 cm (30 po)<\/p>\n<\/p>\n<p>1 bouteille d\u2019huile 15 ml.<\/p>\n<\/p>\n<p>Sac en nylon<\/p>\n","protected":false},"excerpt":{"rendered":"<p>Sp\u00e9cifications et composition Recommand\u00e9 pour : Nettoyage de fusil Contient: Tige \u00e0 oeillet (12\/20 GA) 2 brosses de bronze 2 tampons lingettes 1 c\u00e2ble 78 cm (30 po) 1 bouteille d\u2019huile 15 ml. Sac en nylon<\/p>\n","protected":false},"featured_media":77100,"comment_status":"open","ping_status":"closed","template":"","meta":{"_acf_changed":false,"pagelayer_contact_templates":[],"_pagelayer_content":""},"product_brand":[],"product_cat":[63,21,71],"product_tag":[267],"class_list":{"0":"post-77102","1":"product","2":"type-product","3":"status-publish","4":"has-post-thumbnail","6":"product_cat-armes-a-feu","7":"product_cat-chasse","8":"product_cat-armes-a-feu-entretien-pieces","9":"product_tag-pronature","11":"first","12":"instock","13":"taxable","14":"shipping-taxable","15":"purchasable","16":"product-type-simple"},"acf":[],"jetpack_sharing_enabled":true,"_links":{"self":[{"href":"https:\/\/pavillonchassepeche.ca\/en\/wp-json\/wp\/v2\/product\/77102","targetHints":{"allow":["GET"]}}],"collection":[{"href":"https:\/\/pavillonchassepeche.ca\/en\/wp-json\/wp\/v2\/product"}],"about":[{"href":"https:\/\/pavillonchassepeche.ca\/en\/wp-json\/wp\/v2\/types\/product"}],"replies":[{"embeddable":true,"href":"https:\/\/pavillonchassepeche.ca\/en\/wp-json\/wp\/v2\/comments?post=77102"}],"version-history":[{"count":1,"href":"https:\/\/pavillonchassepeche.ca\/en\/wp-json\/wp\/v2\/product\/77102\/revisions"}],"predecessor-version":[{"id":77613,"href":"https:\/\/pavillonchassepeche.ca\/en\/wp-json\/wp\/v2\/product\/77102\/revisions\/77613"}],"wp:featuredmedia":[{"embeddable":true,"href":"https:\/\/pavillonchassepeche.ca\/en\/wp-json\/wp\/v2\/media\/77100"}],"wp:attachment":[{"href":"https:\/\/pavillonchassepeche.ca\/en\/wp-json\/wp\/v2\/media?parent=77102"}],"wp:term":[{"taxonomy":"product_brand","embeddable":true,"href":"https:\/\/pavillonchassepeche.ca\/en\/wp-json\/wp\/v2\/product_brand?post=77102"},{"taxonomy":"product_cat","embeddable":true,"href":"https:\/\/pavillonchassepeche.ca\/en\/wp-json\/wp\/v2\/product_cat?post=77102"},{"taxonomy":"product_tag","embeddable":true,"href":"https:\/\/pavillonchassepeche.ca\/en\/wp-json\/wp\/v2\/product_tag?post=77102"}],"curies":[{"name":"wp","href":"https:\/\/api.w.org\/{rel}","templated":true}]}}