{"id":76938,"date":"2025-04-18T14:58:26","date_gmt":"2025-04-18T18:58:26","guid":{"rendered":"https:\/\/pavillonchassepeche.ca\/?post_type=product&#038;p=76938"},"modified":"2026-04-10T16:24:35","modified_gmt":"2026-04-10T20:24:35","slug":"zone-t3-cible-t500-23x22x10","status":"publish","type":"product","link":"https:\/\/pavillonchassepeche.ca\/en\/product\/zone-t3-cible-t500-23x22x10\/","title":{"rendered":"ZONE T3 CIBLE T500 23x22x10"},"content":{"rendered":"<p>***item surdimensionn\u00e9***<\/p>\n<\/p>\n<p>La T500 est une cible de pratique pour arc &amp; arbal\u00e8te qui a la capacit\u00e9 d\u2019aller jusqu\u2019\u00e0 500 ps. Elle est \u00e9coresponsable. Faite de mati\u00e8res recycl\u00e9es compress\u00e9es, elle redonne une deuxi\u00e8me utilit\u00e9 \u00e0 la mati\u00e8re. Vous pourrez extraire facilement vos fl\u00e8ches, tr\u00e8s r\u00e9sistante et facile \u00e0 transporter.<\/p>\n<\/p>\n<p>Dimension : 23 x 22 x 12<\/p>\n<p>Capacit\u00e9 pointe de pratique seulement : +\/- 3 000 fl\u00e8ches<\/p>\n<p>Poids : 42 lbs<\/p>\n<p>Code produit : ZT3-T500<\/p>\n","protected":false},"excerpt":{"rendered":"<p>***item surdimensionn\u00e9*** La T500 est une cible de pratique pour arc &amp; arbal\u00e8te qui a la capacit\u00e9 d\u2019aller jusqu\u2019\u00e0 500 ps. Elle est \u00e9coresponsable. Faite de mati\u00e8res recycl\u00e9es compress\u00e9es, elle redonne une deuxi\u00e8me utilit\u00e9 \u00e0 la mati\u00e8re. Vous pourrez extraire facilement vos fl\u00e8ches, tr\u00e8s r\u00e9sistante et facile \u00e0 transporter. Dimension : 23 x 22 x [&hellip;]<\/p>\n","protected":false},"featured_media":76936,"comment_status":"open","ping_status":"closed","template":"","meta":{"_acf_changed":false,"pagelayer_contact_templates":[],"_pagelayer_content":""},"product_brand":[],"product_cat":[90],"product_tag":[861],"class_list":{"0":"post-76938","1":"product","2":"type-product","3":"status-publish","4":"has-post-thumbnail","6":"product_cat-cibles","7":"product_tag-zone-t-3","9":"first","10":"instock","11":"taxable","12":"shipping-taxable","13":"purchasable","14":"product-type-simple"},"acf":[],"jetpack_sharing_enabled":true,"_links":{"self":[{"href":"https:\/\/pavillonchassepeche.ca\/en\/wp-json\/wp\/v2\/product\/76938","targetHints":{"allow":["GET"]}}],"collection":[{"href":"https:\/\/pavillonchassepeche.ca\/en\/wp-json\/wp\/v2\/product"}],"about":[{"href":"https:\/\/pavillonchassepeche.ca\/en\/wp-json\/wp\/v2\/types\/product"}],"replies":[{"embeddable":true,"href":"https:\/\/pavillonchassepeche.ca\/en\/wp-json\/wp\/v2\/comments?post=76938"}],"version-history":[{"count":1,"href":"https:\/\/pavillonchassepeche.ca\/en\/wp-json\/wp\/v2\/product\/76938\/revisions"}],"predecessor-version":[{"id":77665,"href":"https:\/\/pavillonchassepeche.ca\/en\/wp-json\/wp\/v2\/product\/76938\/revisions\/77665"}],"wp:featuredmedia":[{"embeddable":true,"href":"https:\/\/pavillonchassepeche.ca\/en\/wp-json\/wp\/v2\/media\/76936"}],"wp:attachment":[{"href":"https:\/\/pavillonchassepeche.ca\/en\/wp-json\/wp\/v2\/media?parent=76938"}],"wp:term":[{"taxonomy":"product_brand","embeddable":true,"href":"https:\/\/pavillonchassepeche.ca\/en\/wp-json\/wp\/v2\/product_brand?post=76938"},{"taxonomy":"product_cat","embeddable":true,"href":"https:\/\/pavillonchassepeche.ca\/en\/wp-json\/wp\/v2\/product_cat?post=76938"},{"taxonomy":"product_tag","embeddable":true,"href":"https:\/\/pavillonchassepeche.ca\/en\/wp-json\/wp\/v2\/product_tag?post=76938"}],"curies":[{"name":"wp","href":"https:\/\/api.w.org\/{rel}","templated":true}]}}