{"id":76935,"date":"2025-04-18T14:58:22","date_gmt":"2025-04-18T18:58:22","guid":{"rendered":"https:\/\/pavillonchassepeche.ca\/?post_type=product&#038;p=76935"},"modified":"2025-04-18T15:14:13","modified_gmt":"2025-04-18T19:14:13","slug":"zone-t-3-cube-de-pratique-13-5-x-10-orange","status":"publish","type":"product","link":"https:\/\/pavillonchassepeche.ca\/en\/product\/zone-t-3-cube-de-pratique-13-5-x-10-orange\/","title":{"rendered":"ZONE T-3 CUBE DE PRATIQUE 13.5&#8221; X 10&#8221; ORANGE"},"content":{"rendered":"<p>Le cube \u00c9ruption est fabriqu\u00e9 de mat\u00e9riel \u201cr\u00e9gulier\u201d et peut arr\u00eater les fl\u00e8ches jusqu\u2019\u00e0 400 p\/s. Performant et compact, il est parfait pour la pratique sur le terrain. Ce qui en fait une de nos cibles les plus vendues et les plus aim\u00e9es!<\/p>\n<\/p>\n<p>Dimension : 13.5 x 13.5 x 10<\/p>\n<p>Capacit\u00e9 pointe de pratique : +\/- 2000 fl\u00e8ches<\/p>\n<p>Capacit\u00e9 pointe de chasse : +\/- 1000 fl\u00e8ches<\/p>\n<p>Poids : 7.5 lbs<\/p>\n<p>Code produit : 1310R<\/p>\n","protected":false},"excerpt":{"rendered":"<p>Le cube \u00c9ruption est fabriqu\u00e9 de mat\u00e9riel \u201cr\u00e9gulier\u201d et peut arr\u00eater les fl\u00e8ches jusqu\u2019\u00e0 400 p\/s. Performant et compact, il est parfait pour la pratique sur le terrain. Ce qui en fait une de nos cibles les plus vendues et les plus aim\u00e9es! Dimension : 13.5 x 13.5 x 10 Capacit\u00e9 pointe de pratique : [&hellip;]<\/p>\n","protected":false},"featured_media":76933,"comment_status":"open","ping_status":"closed","template":"","meta":{"_acf_changed":false,"pagelayer_contact_templates":[],"_pagelayer_content":""},"product_brand":[],"product_cat":[90],"product_tag":[267],"class_list":{"0":"post-76935","1":"product","2":"type-product","3":"status-publish","4":"has-post-thumbnail","6":"product_cat-cibles","7":"product_tag-pronature","9":"first","10":"instock","11":"taxable","12":"shipping-taxable","13":"purchasable","14":"product-type-simple"},"acf":[],"jetpack_sharing_enabled":true,"_links":{"self":[{"href":"https:\/\/pavillonchassepeche.ca\/en\/wp-json\/wp\/v2\/product\/76935","targetHints":{"allow":["GET"]}}],"collection":[{"href":"https:\/\/pavillonchassepeche.ca\/en\/wp-json\/wp\/v2\/product"}],"about":[{"href":"https:\/\/pavillonchassepeche.ca\/en\/wp-json\/wp\/v2\/types\/product"}],"replies":[{"embeddable":true,"href":"https:\/\/pavillonchassepeche.ca\/en\/wp-json\/wp\/v2\/comments?post=76935"}],"version-history":[{"count":1,"href":"https:\/\/pavillonchassepeche.ca\/en\/wp-json\/wp\/v2\/product\/76935\/revisions"}],"predecessor-version":[{"id":77666,"href":"https:\/\/pavillonchassepeche.ca\/en\/wp-json\/wp\/v2\/product\/76935\/revisions\/77666"}],"wp:featuredmedia":[{"embeddable":true,"href":"https:\/\/pavillonchassepeche.ca\/en\/wp-json\/wp\/v2\/media\/76933"}],"wp:attachment":[{"href":"https:\/\/pavillonchassepeche.ca\/en\/wp-json\/wp\/v2\/media?parent=76935"}],"wp:term":[{"taxonomy":"product_brand","embeddable":true,"href":"https:\/\/pavillonchassepeche.ca\/en\/wp-json\/wp\/v2\/product_brand?post=76935"},{"taxonomy":"product_cat","embeddable":true,"href":"https:\/\/pavillonchassepeche.ca\/en\/wp-json\/wp\/v2\/product_cat?post=76935"},{"taxonomy":"product_tag","embeddable":true,"href":"https:\/\/pavillonchassepeche.ca\/en\/wp-json\/wp\/v2\/product_tag?post=76935"}],"curies":[{"name":"wp","href":"https:\/\/api.w.org\/{rel}","templated":true}]}}