{"id":76818,"date":"2025-04-18T14:56:00","date_gmt":"2025-04-18T18:56:00","guid":{"rendered":"https:\/\/pavillonchassepeche.ca\/?post_type=product&#038;p=76818"},"modified":"2026-02-26T14:18:23","modified_gmt":"2026-02-26T19:18:23","slug":"jackfield-pantalon-impermeable-extensible-poly-spandex-f-noir-m","status":"publish","type":"product","link":"https:\/\/pavillonchassepeche.ca\/en\/product\/jackfield-pantalon-impermeable-extensible-poly-spandex-f-noir-m\/","title":{"rendered":"JACKFIELD PANTALON IMPERM\u00c9ABLE EXTENSIBLE POLY\/SPANDEX (F) NOIR (M)"},"content":{"rendered":"<p>Recommand\u00e9 pour : Printemps, sports, randonn\u00e9e.<\/p>\n<p>Mat\u00e9riaux :<\/p>\n<p>94% Polyester.<\/p>\n<p>6% spandex.<\/p>\n<p>Doublure de filet.<\/p>\n<p>Coupe : <\/p>\n<p>Une poche \u00e0 l\u2019avant.<\/p>\n<p>Fermeture \u00e9clair aux jambes pour mettre ou enlever votre botte facilement.<\/p>\n<p>Isolation :<\/p>\n<p>Bonne respirabilit\u00e9 du tissus \u00e0 3000\/M2\/24h.<\/p>\n<p>Aussi \u00e0 savoir&#8230;<\/p>\n<p>Coutures scell\u00e9es.<\/p>\n<p>Le tissu ext\u00e9rieur et la doublure sont extensibles.<\/p>\n<p>dans les 4 directions, pour un confort sup\u00e9rieur.<\/p>\n<p>Le tissu de la doublure est tr\u00e8s doux pour la peau.<\/p>\n<p>Couleur: Noir.<\/p>\n<p>Tailles disponibles: 2XS \u00e0 4XL.<\/p>\n<p>\u00c0 agencer avec le manteau Jackfield: 81-725J.<\/p>\n","protected":false},"excerpt":{"rendered":"<p>Recommand\u00e9 pour : Printemps, sports, randonn\u00e9e. Mat\u00e9riaux : 94% Polyester. 6% spandex. Doublure de filet. Coupe : Une poche \u00e0 l\u2019avant. Fermeture \u00e9clair aux jambes pour mettre ou enlever votre botte facilement. Isolation : Bonne respirabilit\u00e9 du tissus \u00e0 3000\/M2\/24h. Aussi \u00e0 savoir&#8230; Coutures scell\u00e9es. Le tissu ext\u00e9rieur et la doublure sont extensibles. dans les [&hellip;]<\/p>\n","protected":false},"featured_media":76816,"comment_status":"open","ping_status":"closed","template":"","meta":{"_acf_changed":false,"pagelayer_contact_templates":[],"_pagelayer_content":""},"product_brand":[],"product_cat":[233,197],"product_tag":[460,330],"class_list":{"0":"post-76818","1":"product","2":"type-product","3":"status-publish","4":"has-post-thumbnail","6":"product_cat-vetements-sous-vetements-accessoires","7":"product_cat-vetements","8":"product_tag-distribution-eugene-gagnon","9":"product_tag-jackfield","11":"first","12":"instock","13":"taxable","14":"shipping-taxable","15":"purchasable","16":"product-type-simple"},"acf":[],"jetpack_sharing_enabled":true,"_links":{"self":[{"href":"https:\/\/pavillonchassepeche.ca\/en\/wp-json\/wp\/v2\/product\/76818","targetHints":{"allow":["GET"]}}],"collection":[{"href":"https:\/\/pavillonchassepeche.ca\/en\/wp-json\/wp\/v2\/product"}],"about":[{"href":"https:\/\/pavillonchassepeche.ca\/en\/wp-json\/wp\/v2\/types\/product"}],"replies":[{"embeddable":true,"href":"https:\/\/pavillonchassepeche.ca\/en\/wp-json\/wp\/v2\/comments?post=76818"}],"version-history":[{"count":1,"href":"https:\/\/pavillonchassepeche.ca\/en\/wp-json\/wp\/v2\/product\/76818\/revisions"}],"predecessor-version":[{"id":77703,"href":"https:\/\/pavillonchassepeche.ca\/en\/wp-json\/wp\/v2\/product\/76818\/revisions\/77703"}],"wp:featuredmedia":[{"embeddable":true,"href":"https:\/\/pavillonchassepeche.ca\/en\/wp-json\/wp\/v2\/media\/76816"}],"wp:attachment":[{"href":"https:\/\/pavillonchassepeche.ca\/en\/wp-json\/wp\/v2\/media?parent=76818"}],"wp:term":[{"taxonomy":"product_brand","embeddable":true,"href":"https:\/\/pavillonchassepeche.ca\/en\/wp-json\/wp\/v2\/product_brand?post=76818"},{"taxonomy":"product_cat","embeddable":true,"href":"https:\/\/pavillonchassepeche.ca\/en\/wp-json\/wp\/v2\/product_cat?post=76818"},{"taxonomy":"product_tag","embeddable":true,"href":"https:\/\/pavillonchassepeche.ca\/en\/wp-json\/wp\/v2\/product_tag?post=76818"}],"curies":[{"name":"wp","href":"https:\/\/api.w.org\/{rel}","templated":true}]}}