{"id":76769,"date":"2025-04-18T14:54:52","date_gmt":"2025-04-18T18:54:52","guid":{"rendered":"https:\/\/pavillonchassepeche.ca\/?post_type=product&#038;p=76769"},"modified":"2025-08-21T19:04:34","modified_gmt":"2025-08-21T23:04:34","slug":"rockwater-designe-sac-dhydratation-1-5l-noir","status":"publish","type":"product","link":"https:\/\/pavillonchassepeche.ca\/en\/product\/rockwater-designe-sac-dhydratation-1-5l-noir\/","title":{"rendered":"ROCKWATER DESIGNE SAC D&#8217;HYDRATATION 1.5L NOIR"},"content":{"rendered":"<p data-start=\"168\" data-end=\"811\"><strong data-start=\"168\" data-end=\"303\">Pr\u00e9pare-toi pour tes longues randonn\u00e9es, sorties en for\u00eat ou journ\u00e9es de chasse avec le sac d\u2019hydratation Rockwater Designs WF-347.<\/strong> Con\u00e7u pour le confort et la performance, ce sac \u00e0 dos ultral\u00e9ger en polyester ripstop r\u00e9sistant t\u2019accompagne partout sans te ralentir. Sa vessie de 1,5 L avec embout en silicone te permet de t\u2019hydrater facilement, que tu sois droitier ou gaucher. Compact mais pratique, il offre une poche principale verticale pour les petites charges essentielles, une ceinture avec boucle rapide et une sangle de poitrine ajustable pour un maintien optimal. Parfait pour ceux qui ne veulent rien tra\u00eener\u2026 sauf l\u2019essentiel.<\/p>\n<p data-start=\"813\" data-end=\"837\"><strong data-start=\"813\" data-end=\"835\">Caract\u00e9ristiques :<\/strong><\/p>\n<ul data-start=\"838\" data-end=\"1092\">\n<li data-start=\"838\" data-end=\"876\">\n<p data-start=\"840\" data-end=\"876\">Vessie d\u2019hydratation 1,5 L incluse<\/p>\n<\/li>\n<li data-start=\"877\" data-end=\"918\">\n<p data-start=\"879\" data-end=\"918\">Tissu ripstop en polyester ultral\u00e9ger<\/p>\n<\/li>\n<li data-start=\"919\" data-end=\"967\">\n<p data-start=\"921\" data-end=\"967\">Bretelles ajustables avec sangle de poitrine<\/p>\n<\/li>\n<li data-start=\"968\" data-end=\"1009\">\n<p data-start=\"970\" data-end=\"1009\">Ceinture \u00e0 boucle \u00e0 d\u00e9gagement rapide<\/p>\n<\/li>\n<li data-start=\"1010\" data-end=\"1051\">\n<p data-start=\"1012\" data-end=\"1051\">Acc\u00e8s \u00e0 l\u2019eau du c\u00f4t\u00e9 droit ou gauche<\/p>\n<\/li>\n<li data-start=\"1052\" data-end=\"1092\">\n<p data-start=\"1054\" data-end=\"1092\">Poche principale \u00e0 ouverture verticale<\/p>\n<\/li>\n<\/ul>\n<p data-start=\"1094\" data-end=\"1127\"><strong data-start=\"1094\" data-end=\"1125\">Sp\u00e9cifications techniques :<\/strong><\/p>\n<ul data-start=\"1128\" data-end=\"1301\">\n<li data-start=\"1128\" data-end=\"1147\">\n<p data-start=\"1130\" data-end=\"1147\">Mod\u00e8le : WF-347<\/p>\n<\/li>\n<li data-start=\"1148\" data-end=\"1166\">\n<p data-start=\"1150\" data-end=\"1166\">Couleur : Noir<\/p>\n<\/li>\n<li data-start=\"1167\" data-end=\"1203\">\n<p data-start=\"1169\" data-end=\"1203\">Dimensions : 15.5 x 8.5 x 2.5 po<\/p>\n<\/li>\n<li data-start=\"1204\" data-end=\"1221\">\n<p data-start=\"1206\" data-end=\"1221\">Poids : L\u00e9ger<\/p>\n<\/li>\n<li data-start=\"1222\" data-end=\"1256\">\n<p data-start=\"1224\" data-end=\"1256\">Embout de la vessie : Silicone<\/p>\n<\/li>\n<li data-start=\"1257\" data-end=\"1301\">\n<p data-start=\"1259\" data-end=\"1301\">Usage : Plein air, chasse, randonn\u00e9e, v\u00e9lo<\/p>\n<\/li>\n<\/ul>\n","protected":false},"excerpt":{"rendered":"<p>Pr\u00e9pare-toi pour tes longues randonn\u00e9es, sorties en for\u00eat ou journ\u00e9es de chasse avec le sac d\u2019hydratation Rockwater Designs WF-347. Con\u00e7u pour le confort et la performance, ce sac \u00e0 dos ultral\u00e9ger en polyester ripstop r\u00e9sistant t\u2019accompagne partout sans te ralentir. Sa vessie de 1,5 L avec embout en silicone te permet de t\u2019hydrater facilement, que [&hellip;]<\/p>\n","protected":false},"featured_media":76767,"comment_status":"open","ping_status":"closed","template":"","meta":{"_acf_changed":false,"pagelayer_contact_templates":[],"_pagelayer_content":""},"product_brand":[],"product_cat":[197],"product_tag":[856],"class_list":{"0":"post-76769","1":"product","2":"type-product","3":"status-publish","4":"has-post-thumbnail","6":"product_cat-vetements","7":"product_tag-rockwater","9":"first","10":"instock","11":"taxable","12":"shipping-taxable","13":"purchasable","14":"product-type-simple"},"acf":[],"jetpack_sharing_enabled":true,"_links":{"self":[{"href":"https:\/\/pavillonchassepeche.ca\/en\/wp-json\/wp\/v2\/product\/76769","targetHints":{"allow":["GET"]}}],"collection":[{"href":"https:\/\/pavillonchassepeche.ca\/en\/wp-json\/wp\/v2\/product"}],"about":[{"href":"https:\/\/pavillonchassepeche.ca\/en\/wp-json\/wp\/v2\/types\/product"}],"replies":[{"embeddable":true,"href":"https:\/\/pavillonchassepeche.ca\/en\/wp-json\/wp\/v2\/comments?post=76769"}],"version-history":[{"count":2,"href":"https:\/\/pavillonchassepeche.ca\/en\/wp-json\/wp\/v2\/product\/76769\/revisions"}],"predecessor-version":[{"id":88352,"href":"https:\/\/pavillonchassepeche.ca\/en\/wp-json\/wp\/v2\/product\/76769\/revisions\/88352"}],"wp:featuredmedia":[{"embeddable":true,"href":"https:\/\/pavillonchassepeche.ca\/en\/wp-json\/wp\/v2\/media\/76767"}],"wp:attachment":[{"href":"https:\/\/pavillonchassepeche.ca\/en\/wp-json\/wp\/v2\/media?parent=76769"}],"wp:term":[{"taxonomy":"product_brand","embeddable":true,"href":"https:\/\/pavillonchassepeche.ca\/en\/wp-json\/wp\/v2\/product_brand?post=76769"},{"taxonomy":"product_cat","embeddable":true,"href":"https:\/\/pavillonchassepeche.ca\/en\/wp-json\/wp\/v2\/product_cat?post=76769"},{"taxonomy":"product_tag","embeddable":true,"href":"https:\/\/pavillonchassepeche.ca\/en\/wp-json\/wp\/v2\/product_tag?post=76769"}],"curies":[{"name":"wp","href":"https:\/\/api.w.org\/{rel}","templated":true}]}}