{"id":76745,"date":"2025-04-18T14:54:14","date_gmt":"2025-04-18T18:54:14","guid":{"rendered":"https:\/\/pavillonchassepeche.ca\/?post_type=product&#038;p=76745"},"modified":"2026-02-26T10:58:19","modified_gmt":"2026-02-26T15:58:19","slug":"thermacell-recharge-pour-appareil-radius","status":"publish","type":"product","link":"https:\/\/pavillonchassepeche.ca\/en\/product\/thermacell-recharge-pour-appareil-radius\/","title":{"rendered":"THERMACELL RECHARGE POUR APPAREIL RADIUS"},"content":{"rendered":"<p data-start=\"125\" data-end=\"612\">La <strong data-start=\"128\" data-end=\"172\">recharge Thermacell pour appareil Radius<\/strong> est con\u00e7ue pour vous offrir une protection longue dur\u00e9e contre les moustiques lors de vos sorties en plein air. Compatible exclusivement avec l&#8217;appareil Radius, cette recharge lib\u00e8re une vapeur inodore qui cr\u00e9e une zone de protection efficace, sans fum\u00e9e ni a\u00e9rosols. Facile \u00e0 installer, elle est id\u00e9ale pour le camping, la p\u00eache, la chasse ou les soir\u00e9es en terrasse. Restez concentr\u00e9 sur vos activit\u00e9s sans \u00eatre d\u00e9rang\u00e9 par les insectes.<\/p>\n<p data-start=\"614\" data-end=\"638\"><strong data-start=\"614\" data-end=\"636\">Caract\u00e9ristiques :<\/strong><\/p>\n<ul data-start=\"639\" data-end=\"935\">\n<li data-start=\"639\" data-end=\"708\">\n<p data-start=\"641\" data-end=\"708\">Recharge con\u00e7ue pour l\u2019appareil anti-moustiques Thermacell Radius<\/p>\n<\/li>\n<li data-start=\"709\" data-end=\"760\">\n<p data-start=\"711\" data-end=\"760\">Cr\u00e9e une zone de protection sans fum\u00e9e ni odeur<\/p>\n<\/li>\n<li data-start=\"761\" data-end=\"811\">\n<p data-start=\"763\" data-end=\"811\">Facile \u00e0 utiliser et \u00e0 ins\u00e9rer dans l\u2019appareil<\/p>\n<\/li>\n<li data-start=\"812\" data-end=\"891\">\n<p data-start=\"814\" data-end=\"891\">Id\u00e9al pour le camping, la chasse, la p\u00eache et autres activit\u00e9s de plein air<\/p>\n<\/li>\n<li data-start=\"892\" data-end=\"935\">\n<p data-start=\"894\" data-end=\"935\">Protection efficace contre les moustiques<\/p>\n<\/li>\n<\/ul>\n<p data-start=\"937\" data-end=\"970\"><strong data-start=\"937\" data-end=\"968\">Sp\u00e9cifications techniques :<\/strong><\/p>\n<ul data-start=\"971\" data-end=\"1082\">\n<li data-start=\"971\" data-end=\"1011\">\n<p data-start=\"973\" data-end=\"1011\">Type : Recharge pour appareil Radius<\/p>\n<\/li>\n<li data-start=\"1012\" data-end=\"1060\">\n<p data-start=\"1014\" data-end=\"1060\">Compatibilit\u00e9 : Thermacell Radius uniquement<\/p>\n<\/li>\n<li data-start=\"1061\" data-end=\"1082\">\n<p data-start=\"1063\" data-end=\"1082\">Marque : Thermacell<\/p>\n<\/li>\n<\/ul>\n","protected":false},"excerpt":{"rendered":"<p>La recharge Thermacell pour appareil Radius est con\u00e7ue pour vous offrir une protection longue dur\u00e9e contre les moustiques lors de vos sorties en plein air. Compatible exclusivement avec l&#8217;appareil Radius, cette recharge lib\u00e8re une vapeur inodore qui cr\u00e9e une zone de protection efficace, sans fum\u00e9e ni a\u00e9rosols. Facile \u00e0 installer, elle est id\u00e9ale pour le [&hellip;]<\/p>\n","protected":false},"featured_media":76743,"comment_status":"open","ping_status":"closed","template":"","meta":{"_acf_changed":false,"pagelayer_contact_templates":[],"_pagelayer_content":""},"product_brand":[],"product_cat":[1109,110,1110],"product_tag":[332],"class_list":{"0":"post-76745","1":"product","2":"type-product","3":"status-publish","4":"has-post-thumbnail","6":"product_cat-plein-air-eclairage-electronique","7":"product_cat-plein-air","8":"product_cat-plein-air-randonnee-et-accessoires","9":"product_tag-thermacell","11":"first","12":"instock","13":"taxable","14":"shipping-taxable","15":"purchasable","16":"product-type-simple"},"acf":[],"jetpack_sharing_enabled":true,"_links":{"self":[{"href":"https:\/\/pavillonchassepeche.ca\/en\/wp-json\/wp\/v2\/product\/76745","targetHints":{"allow":["GET"]}}],"collection":[{"href":"https:\/\/pavillonchassepeche.ca\/en\/wp-json\/wp\/v2\/product"}],"about":[{"href":"https:\/\/pavillonchassepeche.ca\/en\/wp-json\/wp\/v2\/types\/product"}],"replies":[{"embeddable":true,"href":"https:\/\/pavillonchassepeche.ca\/en\/wp-json\/wp\/v2\/comments?post=76745"}],"version-history":[{"count":2,"href":"https:\/\/pavillonchassepeche.ca\/en\/wp-json\/wp\/v2\/product\/76745\/revisions"}],"predecessor-version":[{"id":85977,"href":"https:\/\/pavillonchassepeche.ca\/en\/wp-json\/wp\/v2\/product\/76745\/revisions\/85977"}],"wp:featuredmedia":[{"embeddable":true,"href":"https:\/\/pavillonchassepeche.ca\/en\/wp-json\/wp\/v2\/media\/76743"}],"wp:attachment":[{"href":"https:\/\/pavillonchassepeche.ca\/en\/wp-json\/wp\/v2\/media?parent=76745"}],"wp:term":[{"taxonomy":"product_brand","embeddable":true,"href":"https:\/\/pavillonchassepeche.ca\/en\/wp-json\/wp\/v2\/product_brand?post=76745"},{"taxonomy":"product_cat","embeddable":true,"href":"https:\/\/pavillonchassepeche.ca\/en\/wp-json\/wp\/v2\/product_cat?post=76745"},{"taxonomy":"product_tag","embeddable":true,"href":"https:\/\/pavillonchassepeche.ca\/en\/wp-json\/wp\/v2\/product_tag?post=76745"}],"curies":[{"name":"wp","href":"https:\/\/api.w.org\/{rel}","templated":true}]}}