{"id":76702,"date":"2025-04-18T14:53:27","date_gmt":"2025-04-18T18:53:27","guid":{"rendered":"https:\/\/pavillonchassepeche.ca\/?post_type=product&#038;p=76702"},"modified":"2025-11-27T16:17:03","modified_gmt":"2025-11-27T21:17:03","slug":"alper-chandail-a-capuchon-rouge-rouge","status":"publish","type":"product","link":"https:\/\/pavillonchassepeche.ca\/en\/product\/alper-chandail-a-capuchon-rouge-rouge\/","title":{"rendered":"ALPER CHANDAIL \u00c0 CAPUCHON ROUGE NOIR"},"content":{"rendered":"<p data-start=\"59\" data-end=\"599\">Le chandail \u00e0 capuchon rouge Alper combine confort, chaleur et style intemporel. Fabriqu\u00e9 en polar doux, il est parfait pour les journ\u00e9es printani\u00e8res plus fra\u00eeches, les soir\u00e9es d\u2019automne ou simplement pour un usage quotidien. Ses poignets en tricot souple assurent un ajustement confortable, tandis que la fermeture \u00e9clair \u00e0 l\u2019avant et les deux poches pratiques ajoutent \u00e0 sa fonctionnalit\u00e9. Un incontournable \u00e0 la fois pratique et polyvalent, disponible dans un large \u00e9ventail de tailles pour convenir \u00e0 tous.<\/p>\n<p data-start=\"601\" data-end=\"623\"><strong data-start=\"601\" data-end=\"621\">Caract\u00e9ristiques<\/strong><\/p>\n<ul data-start=\"624\" data-end=\"904\">\n<li data-start=\"624\" data-end=\"659\">\n<p data-start=\"626\" data-end=\"659\">Mat\u00e9riau en polar doux et chaud<\/p>\n<\/li>\n<li data-start=\"660\" data-end=\"710\">\n<p data-start=\"662\" data-end=\"710\">Poignets en tricot souple pour plus de confort<\/p>\n<\/li>\n<li data-start=\"711\" data-end=\"765\">\n<p data-start=\"713\" data-end=\"765\">Fermeture \u00e9clair \u00e0 l\u2019avant pour un enfilage facile<\/p>\n<\/li>\n<li data-start=\"766\" data-end=\"814\">\n<p data-start=\"768\" data-end=\"814\">Deux poches \u00e0 l\u2019avant pour plus de praticit\u00e9<\/p>\n<\/li>\n<li data-start=\"815\" data-end=\"863\">\n<p data-start=\"817\" data-end=\"863\">Style intemporel adapt\u00e9 \u00e0 toutes les saisons<\/p>\n<\/li>\n<li data-start=\"864\" data-end=\"904\">\n<p data-start=\"866\" data-end=\"904\">Disponible dans les tailles XS \u00e0 3XL<\/p>\n<\/li>\n<\/ul>\n<p data-start=\"906\" data-end=\"937\"><strong data-start=\"906\" data-end=\"935\">Sp\u00e9cifications techniques<\/strong><\/p>\n<ul data-start=\"938\" data-end=\"1113\">\n<li data-start=\"938\" data-end=\"956\">\n<p data-start=\"940\" data-end=\"956\">Marque : Alper<\/p>\n<\/li>\n<li data-start=\"957\" data-end=\"995\">\n<p data-start=\"959\" data-end=\"995\">Mod\u00e8le : Chandail \u00e0 capuchon rouge<\/p>\n<\/li>\n<li data-start=\"996\" data-end=\"1015\">\n<p data-start=\"998\" data-end=\"1015\">Couleur : Rouge<\/p>\n<\/li>\n<li data-start=\"1016\" data-end=\"1036\">\n<p data-start=\"1018\" data-end=\"1036\">Mat\u00e9riau : Polar<\/p>\n<\/li>\n<li data-start=\"1037\" data-end=\"1059\">\n<p data-start=\"1039\" data-end=\"1059\">Tailles : XS \u00e0 3XL<\/p>\n<\/li>\n<li data-start=\"1060\" data-end=\"1113\">\n<p data-start=\"1062\" data-end=\"1113\">Utilisation : Printemps, automne, usage quotidien<\/p>\n<\/li>\n<\/ul>\n","protected":false},"excerpt":{"rendered":"<p>Le chandail \u00e0 capuchon rouge Alper combine confort, chaleur et style intemporel. Fabriqu\u00e9 en polar doux, il est parfait pour les journ\u00e9es printani\u00e8res plus fra\u00eeches, les soir\u00e9es d\u2019automne ou simplement pour un usage quotidien. Ses poignets en tricot souple assurent un ajustement confortable, tandis que la fermeture \u00e9clair \u00e0 l\u2019avant et les deux poches pratiques [&hellip;]<\/p>\n","protected":false},"featured_media":76700,"comment_status":"open","ping_status":"closed","template":"","meta":{"_acf_changed":false,"pagelayer_contact_templates":[],"_pagelayer_content":""},"product_brand":[],"product_cat":[1063,197,235],"product_tag":[831],"class_list":{"0":"post-76702","1":"product","2":"type-product","3":"status-publish","4":"has-post-thumbnail","6":"product_cat-liquidation","7":"product_cat-vetements","8":"product_cat-vetements-manteaux-pantalons","9":"product_tag-alper","11":"first","12":"instock","13":"sale","14":"taxable","15":"shipping-taxable","16":"purchasable","17":"product-type-variable"},"acf":[],"jetpack_sharing_enabled":true,"_links":{"self":[{"href":"https:\/\/pavillonchassepeche.ca\/en\/wp-json\/wp\/v2\/product\/76702","targetHints":{"allow":["GET"]}}],"collection":[{"href":"https:\/\/pavillonchassepeche.ca\/en\/wp-json\/wp\/v2\/product"}],"about":[{"href":"https:\/\/pavillonchassepeche.ca\/en\/wp-json\/wp\/v2\/types\/product"}],"replies":[{"embeddable":true,"href":"https:\/\/pavillonchassepeche.ca\/en\/wp-json\/wp\/v2\/comments?post=76702"}],"version-history":[{"count":3,"href":"https:\/\/pavillonchassepeche.ca\/en\/wp-json\/wp\/v2\/product\/76702\/revisions"}],"predecessor-version":[{"id":92142,"href":"https:\/\/pavillonchassepeche.ca\/en\/wp-json\/wp\/v2\/product\/76702\/revisions\/92142"}],"wp:featuredmedia":[{"embeddable":true,"href":"https:\/\/pavillonchassepeche.ca\/en\/wp-json\/wp\/v2\/media\/76700"}],"wp:attachment":[{"href":"https:\/\/pavillonchassepeche.ca\/en\/wp-json\/wp\/v2\/media?parent=76702"}],"wp:term":[{"taxonomy":"product_brand","embeddable":true,"href":"https:\/\/pavillonchassepeche.ca\/en\/wp-json\/wp\/v2\/product_brand?post=76702"},{"taxonomy":"product_cat","embeddable":true,"href":"https:\/\/pavillonchassepeche.ca\/en\/wp-json\/wp\/v2\/product_cat?post=76702"},{"taxonomy":"product_tag","embeddable":true,"href":"https:\/\/pavillonchassepeche.ca\/en\/wp-json\/wp\/v2\/product_tag?post=76702"}],"curies":[{"name":"wp","href":"https:\/\/api.w.org\/{rel}","templated":true}]}}