{"id":76375,"date":"2025-04-18T14:47:00","date_gmt":"2025-04-18T18:47:00","guid":{"rendered":"https:\/\/pavillonchassepeche.ca\/?post_type=product&#038;p=76375"},"modified":"2026-02-26T14:22:28","modified_gmt":"2026-02-26T19:22:28","slug":"vortex-lunette-a-prisme-spitfire-hd-gen-ii-5x-ar-bdc4-moa","status":"publish","type":"product","link":"https:\/\/pavillonchassepeche.ca\/en\/product\/vortex-lunette-a-prisme-spitfire-hd-gen-ii-5x-ar-bdc4-moa\/","title":{"rendered":"VORTEX Lunette \u00e0 prisme Spitfire HD Gen II 5x AR-BDC4 MOA"},"content":{"rendered":"<p data-start=\"251\" data-end=\"671\">La lunette \u00e0 prisme Vortex Spitfire HD Gen II 5x est con\u00e7ue pour offrir une acquisition rapide de la cible et une pr\u00e9cision exceptionnelle, m\u00eame \u00e0 longue distance. Son grossissement fixe 5x combin\u00e9 au r\u00e9ticule AR-BDC4 en MOA est id\u00e9al pour les carabines de style AR. Compacte, robuste et dot\u00e9e d\u2019un syst\u00e8me de r\u00e9ticule \u00e9clair\u00e9, elle est parfaite pour les environnements tactiques ou de tir dynamique.<\/p>\n<hr data-start=\"673\" data-end=\"676\" \/>\n<p data-start=\"678\" data-end=\"702\"><strong data-start=\"678\" data-end=\"700\">Caract\u00e9ristiques :<\/strong><\/p>\n<ul data-start=\"703\" data-end=\"1066\">\n<li data-start=\"703\" data-end=\"728\">\n<p data-start=\"705\" data-end=\"728\">Grossissement fixe 5x<\/p>\n<\/li>\n<li data-start=\"729\" data-end=\"750\">\n<p data-start=\"731\" data-end=\"750\">Objectif de 25 mm<\/p>\n<\/li>\n<li data-start=\"751\" data-end=\"784\">\n<p data-start=\"753\" data-end=\"784\">R\u00e9ticule grav\u00e9 AR-BDC4 en MOA<\/p>\n<\/li>\n<li data-start=\"785\" data-end=\"837\">\n<p data-start=\"787\" data-end=\"837\">R\u00e9ticule \u00e9clair\u00e9 rouge\/vert \u00e0 intensit\u00e9 variable<\/p>\n<\/li>\n<li data-start=\"838\" data-end=\"895\">\n<p data-start=\"840\" data-end=\"895\">Conception \u00e0 prisme HD pour une image claire et nette<\/p>\n<\/li>\n<li data-start=\"896\" data-end=\"941\">\n<p data-start=\"898\" data-end=\"941\">\u00c9tanche, anti-bu\u00e9e et r\u00e9sistant aux chocs<\/p>\n<\/li>\n<li data-start=\"942\" data-end=\"999\">\n<p data-start=\"944\" data-end=\"999\">Montage bas ou sur\u00e9lev\u00e9 (inclus) compatible Picatinny<\/p>\n<\/li>\n<li data-start=\"1000\" data-end=\"1066\">\n<p data-start=\"1002\" data-end=\"1066\">Molette de r\u00e9glage rapide de la parallaxe et de la mise au point<\/p>\n<\/li>\n<\/ul>\n<hr data-start=\"1068\" data-end=\"1071\" \/>\n<p data-start=\"1073\" data-end=\"1095\"><strong data-start=\"1073\" data-end=\"1093\">Sp\u00e9cifications :<\/strong><\/p>\n<ul data-start=\"1096\" data-end=\"1403\">\n<li data-start=\"1096\" data-end=\"1135\">\n<p data-start=\"1098\" data-end=\"1135\">Longueur : environ 10,7 cm (4,2 po)<\/p>\n<\/li>\n<li data-start=\"1136\" data-end=\"1169\">\n<p data-start=\"1138\" data-end=\"1169\">Poids : environ 340 g (12 oz)<\/p>\n<\/li>\n<li data-start=\"1170\" data-end=\"1215\">\n<p data-start=\"1172\" data-end=\"1215\">Champ de vision \u00e0 100 verges : 23,3 pieds<\/p>\n<\/li>\n<li data-start=\"1216\" data-end=\"1248\">\n<p data-start=\"1218\" data-end=\"1248\">D\u00e9gagement oculaire : 2,7 po<\/p>\n<\/li>\n<li data-start=\"1249\" data-end=\"1292\">\n<p data-start=\"1251\" data-end=\"1292\">R\u00e9glage de la tourelle : 1 MOA par clic<\/p>\n<\/li>\n<li data-start=\"1293\" data-end=\"1342\">\n<p data-start=\"1295\" data-end=\"1342\">Plage de r\u00e9glage (\u00e9l\u00e9vation\/d\u00e9rive) : 200 MOA<\/p>\n<\/li>\n<li data-start=\"1343\" data-end=\"1372\">\n<p data-start=\"1345\" data-end=\"1372\">Batterie : CR2032 incluse<\/p>\n<\/li>\n<li data-start=\"1373\" data-end=\"1403\">\n<p data-start=\"1375\" data-end=\"1403\">Garantie VIP \u00e0 vie de Vortex<\/p>\n<\/li>\n<\/ul>\n","protected":false},"excerpt":{"rendered":"<p>La lunette \u00e0 prisme Vortex Spitfire HD Gen II 5x est con\u00e7ue pour offrir une acquisition rapide de la cible et une pr\u00e9cision exceptionnelle, m\u00eame \u00e0 longue distance. Son grossissement fixe 5x combin\u00e9 au r\u00e9ticule AR-BDC4 en MOA est id\u00e9al pour les carabines de style AR. Compacte, robuste et dot\u00e9e d\u2019un syst\u00e8me de r\u00e9ticule \u00e9clair\u00e9, [&hellip;]<\/p>\n","protected":false},"featured_media":76373,"comment_status":"open","ping_status":"closed","template":"","meta":{"_acf_changed":false,"pagelayer_contact_templates":[],"_pagelayer_content":""},"product_brand":[],"product_cat":[96,21],"product_tag":[],"class_list":{"0":"post-76375","1":"product","2":"type-product","3":"status-publish","4":"has-post-thumbnail","6":"product_cat-accessoires-optiques","7":"product_cat-chasse","9":"first","10":"instock","11":"taxable","12":"shipping-taxable","13":"purchasable","14":"product-type-simple"},"acf":[],"jetpack_sharing_enabled":true,"_links":{"self":[{"href":"https:\/\/pavillonchassepeche.ca\/en\/wp-json\/wp\/v2\/product\/76375","targetHints":{"allow":["GET"]}}],"collection":[{"href":"https:\/\/pavillonchassepeche.ca\/en\/wp-json\/wp\/v2\/product"}],"about":[{"href":"https:\/\/pavillonchassepeche.ca\/en\/wp-json\/wp\/v2\/types\/product"}],"replies":[{"embeddable":true,"href":"https:\/\/pavillonchassepeche.ca\/en\/wp-json\/wp\/v2\/comments?post=76375"}],"version-history":[{"count":2,"href":"https:\/\/pavillonchassepeche.ca\/en\/wp-json\/wp\/v2\/product\/76375\/revisions"}],"predecessor-version":[{"id":85038,"href":"https:\/\/pavillonchassepeche.ca\/en\/wp-json\/wp\/v2\/product\/76375\/revisions\/85038"}],"wp:featuredmedia":[{"embeddable":true,"href":"https:\/\/pavillonchassepeche.ca\/en\/wp-json\/wp\/v2\/media\/76373"}],"wp:attachment":[{"href":"https:\/\/pavillonchassepeche.ca\/en\/wp-json\/wp\/v2\/media?parent=76375"}],"wp:term":[{"taxonomy":"product_brand","embeddable":true,"href":"https:\/\/pavillonchassepeche.ca\/en\/wp-json\/wp\/v2\/product_brand?post=76375"},{"taxonomy":"product_cat","embeddable":true,"href":"https:\/\/pavillonchassepeche.ca\/en\/wp-json\/wp\/v2\/product_cat?post=76375"},{"taxonomy":"product_tag","embeddable":true,"href":"https:\/\/pavillonchassepeche.ca\/en\/wp-json\/wp\/v2\/product_tag?post=76375"}],"curies":[{"name":"wp","href":"https:\/\/api.w.org\/{rel}","templated":true}]}}