{"id":75701,"date":"2025-04-18T14:32:00","date_gmt":"2025-04-18T18:32:00","guid":{"rendered":"https:\/\/pavillonchassepeche.ca\/?post_type=product&#038;p=75701"},"modified":"2025-08-12T11:06:14","modified_gmt":"2025-08-12T15:06:14","slug":"riverra-casquette-protection-anti-uv-couleurchampagne-gr-large","status":"publish","type":"product","link":"https:\/\/pavillonchassepeche.ca\/en\/product\/riverra-casquette-protection-anti-uv-couleurchampagne-gr-large\/","title":{"rendered":"RIVERRA CASQUETTE PROTECTION ANTI-UV COULEUR:CHAMPAGNE GR: LARGE"},"content":{"rendered":"<p data-start=\"152\" data-end=\"692\">La <strong data-start=\"155\" data-end=\"195\">casquette Riverra protection anti-UV<\/strong> en couleur <strong data-start=\"207\" data-end=\"220\">Champagne<\/strong> et taille <strong data-start=\"231\" data-end=\"240\">Large<\/strong> est un accessoire essentiel pour toutes vos activit\u00e9s en plein air. Elle offre une protection efficace contre les rayons nocifs du soleil gr\u00e2ce \u00e0 son tissu sp\u00e9cialement con\u00e7u pour bloquer les UV, tout en restant l\u00e9g\u00e8re et respirante pour un confort optimal. Son design \u00e9l\u00e9gant et sa couleur champagne apportent une touche de style tout en assurant une bonne couvrance. Parfaite pour la p\u00eache, la randonn\u00e9e, le jardinage ou toute sortie sous le soleil.<\/p>\n<p data-start=\"694\" data-end=\"718\"><strong data-start=\"694\" data-end=\"716\">Caract\u00e9ristiques :<\/strong><\/p>\n<ul data-start=\"719\" data-end=\"947\">\n<li data-start=\"719\" data-end=\"777\">\n<p data-start=\"721\" data-end=\"777\">Protection anti-UV efficace pour prot\u00e9ger votre visage<\/p>\n<\/li>\n<li data-start=\"778\" data-end=\"831\">\n<p data-start=\"780\" data-end=\"831\">Tissu l\u00e9ger et respirant pour un confort prolong\u00e9<\/p>\n<\/li>\n<li data-start=\"832\" data-end=\"862\">\n<p data-start=\"834\" data-end=\"862\">Couleur \u00e9l\u00e9gante Champagne<\/p>\n<\/li>\n<li data-start=\"863\" data-end=\"906\">\n<p data-start=\"865\" data-end=\"906\">Taille Large pour un ajustement parfait<\/p>\n<\/li>\n<li data-start=\"907\" data-end=\"947\">\n<p data-start=\"909\" data-end=\"947\">Id\u00e9ale pour les activit\u00e9s en plein air<\/p>\n<\/li>\n<\/ul>\n<p data-start=\"949\" data-end=\"982\"><strong data-start=\"949\" data-end=\"980\">Sp\u00e9cifications techniques :<\/strong><\/p>\n<ul data-start=\"983\" data-end=\"1112\">\n<li data-start=\"983\" data-end=\"1011\">\n<p data-start=\"985\" data-end=\"1011\">Type : Casquette anti-UV<\/p>\n<\/li>\n<li data-start=\"1012\" data-end=\"1035\">\n<p data-start=\"1014\" data-end=\"1035\">Couleur : Champagne<\/p>\n<\/li>\n<li data-start=\"1036\" data-end=\"1054\">\n<p data-start=\"1038\" data-end=\"1054\">Taille : Large<\/p>\n<\/li>\n<li data-start=\"1055\" data-end=\"1093\">\n<p data-start=\"1057\" data-end=\"1093\">Mat\u00e9riau : Tissu technique anti-UV<\/p>\n<\/li>\n<li data-start=\"1094\" data-end=\"1112\">\n<p data-start=\"1096\" data-end=\"1112\">Marque : Riverra<\/p>\n<\/li>\n<\/ul>\n","protected":false},"excerpt":{"rendered":"<p>La casquette Riverra protection anti-UV en couleur Champagne et taille Large est un accessoire essentiel pour toutes vos activit\u00e9s en plein air. Elle offre une protection efficace contre les rayons nocifs du soleil gr\u00e2ce \u00e0 son tissu sp\u00e9cialement con\u00e7u pour bloquer les UV, tout en restant l\u00e9g\u00e8re et respirante pour un confort optimal. Son design [&hellip;]<\/p>\n","protected":false},"featured_media":75699,"comment_status":"open","ping_status":"closed","template":"","meta":{"_acf_changed":false,"pagelayer_contact_templates":[],"_pagelayer_content":""},"product_brand":[],"product_cat":[197],"product_tag":[335],"class_list":{"0":"post-75701","1":"product","2":"type-product","3":"status-publish","4":"has-post-thumbnail","6":"product_cat-vetements","7":"product_tag-ganka","9":"first","10":"instock","11":"taxable","12":"shipping-taxable","13":"purchasable","14":"product-type-simple"},"acf":[],"jetpack_sharing_enabled":true,"_links":{"self":[{"href":"https:\/\/pavillonchassepeche.ca\/en\/wp-json\/wp\/v2\/product\/75701","targetHints":{"allow":["GET"]}}],"collection":[{"href":"https:\/\/pavillonchassepeche.ca\/en\/wp-json\/wp\/v2\/product"}],"about":[{"href":"https:\/\/pavillonchassepeche.ca\/en\/wp-json\/wp\/v2\/types\/product"}],"replies":[{"embeddable":true,"href":"https:\/\/pavillonchassepeche.ca\/en\/wp-json\/wp\/v2\/comments?post=75701"}],"version-history":[{"count":1,"href":"https:\/\/pavillonchassepeche.ca\/en\/wp-json\/wp\/v2\/product\/75701\/revisions"}],"predecessor-version":[{"id":85946,"href":"https:\/\/pavillonchassepeche.ca\/en\/wp-json\/wp\/v2\/product\/75701\/revisions\/85946"}],"wp:featuredmedia":[{"embeddable":true,"href":"https:\/\/pavillonchassepeche.ca\/en\/wp-json\/wp\/v2\/media\/75699"}],"wp:attachment":[{"href":"https:\/\/pavillonchassepeche.ca\/en\/wp-json\/wp\/v2\/media?parent=75701"}],"wp:term":[{"taxonomy":"product_brand","embeddable":true,"href":"https:\/\/pavillonchassepeche.ca\/en\/wp-json\/wp\/v2\/product_brand?post=75701"},{"taxonomy":"product_cat","embeddable":true,"href":"https:\/\/pavillonchassepeche.ca\/en\/wp-json\/wp\/v2\/product_cat?post=75701"},{"taxonomy":"product_tag","embeddable":true,"href":"https:\/\/pavillonchassepeche.ca\/en\/wp-json\/wp\/v2\/product_tag?post=75701"}],"curies":[{"name":"wp","href":"https:\/\/api.w.org\/{rel}","templated":true}]}}