{"id":75261,"date":"2025-04-18T14:19:02","date_gmt":"2025-04-18T18:19:02","guid":{"rendered":"https:\/\/pavillonchassepeche.ca\/?post_type=product&#038;p=75261"},"modified":"2025-11-24T14:18:08","modified_gmt":"2025-11-24T19:18:08","slug":"steambow-ar-6-stinger-ii-tactical","status":"publish","type":"product","link":"https:\/\/pavillonchassepeche.ca\/en\/product\/steambow-ar-6-stinger-ii-tactical\/","title":{"rendered":"STEAMBOW AR-6 STINGER II TACTICAL"},"content":{"rendered":"<p data-start=\"143\" data-end=\"590\">Le <strong data-start=\"146\" data-end=\"183\">Steambow AR-6 Stinger II Tactical<\/strong> est une arbal\u00e8te de poing r\u00e9volutionnaire, con\u00e7ue pour offrir pr\u00e9cision, vitesse et facilit\u00e9 d\u2019utilisation. Gr\u00e2ce \u00e0 son syst\u00e8me \u00e0 r\u00e9p\u00e9tition 6 coups et sa conception compacte, c\u2019est un choix parfait pour le tir r\u00e9cr\u00e9atif et l\u2019entra\u00eenement. Son design tactique avec crosse r\u00e9glable, poign\u00e9e avant ergonomique et rails Picatinny permet d\u2019ajouter facilement des accessoires pour une personnalisation optimale.<\/p>\n<p data-start=\"592\" data-end=\"616\"><strong data-start=\"592\" data-end=\"614\">Caract\u00e9ristiques :<\/strong><\/p>\n<ul data-start=\"617\" data-end=\"932\">\n<li data-start=\"617\" data-end=\"663\">\n<p data-start=\"619\" data-end=\"663\">Mod\u00e8le : Steambow AR-6 Stinger II Tactical<\/p>\n<\/li>\n<li data-start=\"664\" data-end=\"705\">\n<p data-start=\"666\" data-end=\"705\">Type : Arbal\u00e8te de poing \u00e0 r\u00e9p\u00e9tition<\/p>\n<\/li>\n<li data-start=\"706\" data-end=\"742\">\n<p data-start=\"708\" data-end=\"742\">Capacit\u00e9 : 6 traits par chargeur<\/p>\n<\/li>\n<li data-start=\"743\" data-end=\"776\">\n<p data-start=\"745\" data-end=\"776\">Crosse : Ajustable type AR-15<\/p>\n<\/li>\n<li data-start=\"777\" data-end=\"806\">\n<p data-start=\"779\" data-end=\"806\">Poign\u00e9e avant ergonomique<\/p>\n<\/li>\n<li data-start=\"807\" data-end=\"842\">\n<p data-start=\"809\" data-end=\"842\">Rail Picatinny pour accessoires<\/p>\n<\/li>\n<li data-start=\"843\" data-end=\"907\">\n<p data-start=\"845\" data-end=\"907\">Puissance : Environ 35 \u00e0 55 lbs (selon la branche install\u00e9e)<\/p>\n<\/li>\n<li data-start=\"908\" data-end=\"932\">\n<p data-start=\"910\" data-end=\"932\">Poids : Environ 1,2 kg<\/p>\n<\/li>\n<\/ul>\n<p data-start=\"934\" data-end=\"956\"><strong data-start=\"934\" data-end=\"954\">Sp\u00e9cifications :<\/strong><\/p>\n<ul data-start=\"957\" data-end=\"1232\">\n<li data-start=\"957\" data-end=\"1002\">\n<p data-start=\"959\" data-end=\"1002\">M\u00e9canisme de rechargement rapide \u00e0 levier<\/p>\n<\/li>\n<li data-start=\"1003\" data-end=\"1047\">\n<p data-start=\"1005\" data-end=\"1047\">Compacte, l\u00e9g\u00e8re et facile \u00e0 transporter<\/p>\n<\/li>\n<li data-start=\"1048\" data-end=\"1130\">\n<p data-start=\"1050\" data-end=\"1130\">Id\u00e9ale pour le tir r\u00e9cr\u00e9atif, l\u2019entra\u00eenement et la pr\u00e9cision \u00e0 courte distance<\/p>\n<\/li>\n<li data-start=\"1131\" data-end=\"1181\">\n<p data-start=\"1133\" data-end=\"1181\">Construction robuste en polym\u00e8re haute qualit\u00e9<\/p>\n<\/li>\n<li data-start=\"1182\" data-end=\"1232\">\n<p data-start=\"1184\" data-end=\"1232\">Facile \u00e0 entretenir et s\u00e9curitaire d\u2019utilisation<\/p>\n<\/li>\n<\/ul>\n","protected":false},"excerpt":{"rendered":"<p>Le Steambow AR-6 Stinger II Tactical est une arbal\u00e8te de poing r\u00e9volutionnaire, con\u00e7ue pour offrir pr\u00e9cision, vitesse et facilit\u00e9 d\u2019utilisation. Gr\u00e2ce \u00e0 son syst\u00e8me \u00e0 r\u00e9p\u00e9tition 6 coups et sa conception compacte, c\u2019est un choix parfait pour le tir r\u00e9cr\u00e9atif et l\u2019entra\u00eenement. Son design tactique avec crosse r\u00e9glable, poign\u00e9e avant ergonomique et rails Picatinny permet [&hellip;]<\/p>\n","protected":false},"featured_media":85458,"comment_status":"open","ping_status":"closed","template":"","meta":{"_acf_changed":false,"pagelayer_contact_templates":[],"_pagelayer_content":""},"product_brand":[],"product_cat":[52,21],"product_tag":[],"class_list":{"0":"post-75261","1":"product","2":"type-product","3":"status-publish","4":"has-post-thumbnail","6":"product_cat-arbaletes-arcs","7":"product_cat-chasse","9":"first","10":"instock","11":"taxable","12":"shipping-taxable","13":"purchasable","14":"product-type-simple"},"acf":[],"jetpack_sharing_enabled":true,"_links":{"self":[{"href":"https:\/\/pavillonchassepeche.ca\/en\/wp-json\/wp\/v2\/product\/75261","targetHints":{"allow":["GET"]}}],"collection":[{"href":"https:\/\/pavillonchassepeche.ca\/en\/wp-json\/wp\/v2\/product"}],"about":[{"href":"https:\/\/pavillonchassepeche.ca\/en\/wp-json\/wp\/v2\/types\/product"}],"replies":[{"embeddable":true,"href":"https:\/\/pavillonchassepeche.ca\/en\/wp-json\/wp\/v2\/comments?post=75261"}],"version-history":[{"count":2,"href":"https:\/\/pavillonchassepeche.ca\/en\/wp-json\/wp\/v2\/product\/75261\/revisions"}],"predecessor-version":[{"id":85460,"href":"https:\/\/pavillonchassepeche.ca\/en\/wp-json\/wp\/v2\/product\/75261\/revisions\/85460"}],"wp:featuredmedia":[{"embeddable":true,"href":"https:\/\/pavillonchassepeche.ca\/en\/wp-json\/wp\/v2\/media\/85458"}],"wp:attachment":[{"href":"https:\/\/pavillonchassepeche.ca\/en\/wp-json\/wp\/v2\/media?parent=75261"}],"wp:term":[{"taxonomy":"product_brand","embeddable":true,"href":"https:\/\/pavillonchassepeche.ca\/en\/wp-json\/wp\/v2\/product_brand?post=75261"},{"taxonomy":"product_cat","embeddable":true,"href":"https:\/\/pavillonchassepeche.ca\/en\/wp-json\/wp\/v2\/product_cat?post=75261"},{"taxonomy":"product_tag","embeddable":true,"href":"https:\/\/pavillonchassepeche.ca\/en\/wp-json\/wp\/v2\/product_tag?post=75261"}],"curies":[{"name":"wp","href":"https:\/\/api.w.org\/{rel}","templated":true}]}}