{"id":75106,"date":"2025-04-18T14:14:57","date_gmt":"2025-04-18T18:14:57","guid":{"rendered":"https:\/\/pavillonchassepeche.ca\/?post_type=product&#038;p=75106"},"modified":"2026-01-27T16:04:26","modified_gmt":"2026-01-27T21:04:26","slug":"ruger-magazine-90223-bx-1-clr-10-22","status":"publish","type":"product","link":"https:\/\/pavillonchassepeche.ca\/en\/product\/ruger-magazine-90223-bx-1-clr-10-22\/","title":{"rendered":"RUGER MAGAZINE 90223 BX-1-CLR 10\/22"},"content":{"rendered":"<p data-start=\"152\" data-end=\"609\">Le <strong data-start=\"184\" data-end=\"228\">magazine Ruger 90223 BX-1-CLR pour 10\/22<\/strong> est con\u00e7u pour offrir une alimentation fiable et sans accrocs \u00e0 votre carabine Ruger 10\/22. Fabriqu\u00e9 avec des mat\u00e9riaux durables et un design clair, il permet de voir facilement le nombre de cartouches restantes. Ce magazine allie robustesse et praticit\u00e9, id\u00e9al pour la pratique du tir sportif ou le tir r\u00e9cr\u00e9atif, en garantissant une performance constante \u00e0 chaque utilisation.<\/p>\n<hr data-start=\"611\" data-end=\"614\" \/>\n<p data-start=\"616\" data-end=\"638\"><strong data-start=\"616\" data-end=\"636\">Caract\u00e9ristiques<\/strong><\/p>\n<ul data-start=\"639\" data-end=\"908\">\n<li data-start=\"639\" data-end=\"704\">\n<p data-start=\"641\" data-end=\"704\">Conception durable et r\u00e9sistante pour une longue dur\u00e9e de vie<\/p>\n<\/li>\n<li data-start=\"705\" data-end=\"767\">\n<p data-start=\"707\" data-end=\"767\">Corps transparent pour visualiser facilement les munitions<\/p>\n<\/li>\n<li data-start=\"768\" data-end=\"820\">\n<p data-start=\"770\" data-end=\"820\">Compatible avec toutes les carabines Ruger 10\/22<\/p>\n<\/li>\n<li data-start=\"821\" data-end=\"872\">\n<p data-start=\"823\" data-end=\"872\">Alimentation fiable et constante des cartouches<\/p>\n<\/li>\n<li data-start=\"873\" data-end=\"908\">\n<p data-start=\"875\" data-end=\"908\">Facile \u00e0 charger et \u00e0 manipuler<\/p>\n<\/li>\n<\/ul>\n<hr data-start=\"910\" data-end=\"913\" \/>\n<p data-start=\"915\" data-end=\"946\"><strong data-start=\"915\" data-end=\"944\">Sp\u00e9cifications techniques<\/strong><\/p>\n<ul data-start=\"947\" data-end=\"1133\">\n<li data-start=\"947\" data-end=\"975\">\n<p data-start=\"949\" data-end=\"975\">Capacit\u00e9 : 10 cartouches<\/p>\n<\/li>\n<li data-start=\"976\" data-end=\"1003\">\n<p data-start=\"978\" data-end=\"1003\">Mod\u00e8le : 90223 BX-1-CLR<\/p>\n<\/li>\n<li data-start=\"1004\" data-end=\"1037\">\n<p data-start=\"1006\" data-end=\"1037\">Couleur : transparent (clear)<\/p>\n<\/li>\n<li data-start=\"1038\" data-end=\"1068\">\n<p data-start=\"1040\" data-end=\"1068\">Type : magazine d\u00e9tachable<\/p>\n<\/li>\n<li data-start=\"1069\" data-end=\"1101\">\n<p data-start=\"1071\" data-end=\"1101\">Mat\u00e9riaux : polym\u00e8re durable<\/p>\n<\/li>\n<li data-start=\"1102\" data-end=\"1133\">\n<p data-start=\"1104\" data-end=\"1133\">Compatibilit\u00e9 : Ruger 10\/22<\/p>\n<\/li>\n<\/ul>\n","protected":false},"excerpt":{"rendered":"<p>Le magazine Ruger 90223 BX-1-CLR pour 10\/22 est con\u00e7u pour offrir une alimentation fiable et sans accrocs \u00e0 votre carabine Ruger 10\/22. Fabriqu\u00e9 avec des mat\u00e9riaux durables et un design clair, il permet de voir facilement le nombre de cartouches restantes. Ce magazine allie robustesse et praticit\u00e9, id\u00e9al pour la pratique du tir sportif ou [&hellip;]<\/p>\n","protected":false},"featured_media":93324,"comment_status":"open","ping_status":"closed","template":"","meta":{"_acf_changed":false,"pagelayer_contact_templates":[],"_pagelayer_content":""},"product_brand":[],"product_cat":[63,71],"product_tag":[471],"class_list":{"0":"post-75106","1":"product","2":"type-product","3":"status-publish","4":"has-post-thumbnail","6":"product_cat-armes-a-feu","7":"product_cat-armes-a-feu-entretien-pieces","8":"product_tag-ruger","10":"first","11":"instock","12":"taxable","13":"shipping-taxable","14":"purchasable","15":"product-type-simple"},"acf":[],"jetpack_sharing_enabled":true,"_links":{"self":[{"href":"https:\/\/pavillonchassepeche.ca\/en\/wp-json\/wp\/v2\/product\/75106","targetHints":{"allow":["GET"]}}],"collection":[{"href":"https:\/\/pavillonchassepeche.ca\/en\/wp-json\/wp\/v2\/product"}],"about":[{"href":"https:\/\/pavillonchassepeche.ca\/en\/wp-json\/wp\/v2\/types\/product"}],"replies":[{"embeddable":true,"href":"https:\/\/pavillonchassepeche.ca\/en\/wp-json\/wp\/v2\/comments?post=75106"}],"version-history":[{"count":2,"href":"https:\/\/pavillonchassepeche.ca\/en\/wp-json\/wp\/v2\/product\/75106\/revisions"}],"predecessor-version":[{"id":93326,"href":"https:\/\/pavillonchassepeche.ca\/en\/wp-json\/wp\/v2\/product\/75106\/revisions\/93326"}],"wp:featuredmedia":[{"embeddable":true,"href":"https:\/\/pavillonchassepeche.ca\/en\/wp-json\/wp\/v2\/media\/93324"}],"wp:attachment":[{"href":"https:\/\/pavillonchassepeche.ca\/en\/wp-json\/wp\/v2\/media?parent=75106"}],"wp:term":[{"taxonomy":"product_brand","embeddable":true,"href":"https:\/\/pavillonchassepeche.ca\/en\/wp-json\/wp\/v2\/product_brand?post=75106"},{"taxonomy":"product_cat","embeddable":true,"href":"https:\/\/pavillonchassepeche.ca\/en\/wp-json\/wp\/v2\/product_cat?post=75106"},{"taxonomy":"product_tag","embeddable":true,"href":"https:\/\/pavillonchassepeche.ca\/en\/wp-json\/wp\/v2\/product_tag?post=75106"}],"curies":[{"name":"wp","href":"https:\/\/api.w.org\/{rel}","templated":true}]}}