{"id":75095,"date":"2025-04-18T14:14:49","date_gmt":"2025-04-18T18:14:49","guid":{"rendered":"https:\/\/pavillonchassepeche.ca\/?post_type=product&#038;p=75095"},"modified":"2025-12-19T11:20:08","modified_gmt":"2025-12-19T16:20:08","slug":"gks-bas-de-noel-decoratif-orignal","status":"publish","type":"product","link":"https:\/\/pavillonchassepeche.ca\/en\/product\/gks-bas-de-noel-decoratif-orignal\/","title":{"rendered":"GKS BAS DE NOEL D\u00c9CORATIF (ORIGNAL)"},"content":{"rendered":"<p data-start=\"177\" data-end=\"583\">Ajoutez une touche de charme rustique \u00e0 votre d\u00e9coration des F\u00eates avec ce bas de No\u00ebl d\u00e9coratif au motif d&#8217;orignal sign\u00e9 GKS. Parfait pour accrocher au manteau de la chemin\u00e9e ou pr\u00e8s du sapin, il apportera une ambiance chaleureuse et festive \u00e0 votre maison. Sa conception soign\u00e9e et ses d\u00e9tails r\u00e9alistes en font un incontournable pour les amateurs de plein air et les passionn\u00e9s de chasse et nature.<\/p>\n<p data-start=\"585\" data-end=\"609\"><strong data-start=\"585\" data-end=\"607\">Caract\u00e9ristiques :<\/strong><\/p>\n<ul data-start=\"610\" data-end=\"804\">\n<li data-start=\"610\" data-end=\"649\">\n<p data-start=\"612\" data-end=\"649\">Motif orignal d\u00e9coratif et festif<\/p>\n<\/li>\n<li data-start=\"650\" data-end=\"709\">\n<p data-start=\"652\" data-end=\"709\">Id\u00e9al pour le manteau de la chemin\u00e9e ou autour du sapin<\/p>\n<\/li>\n<li data-start=\"710\" data-end=\"752\">\n<p data-start=\"712\" data-end=\"752\">Design soign\u00e9 avec finition de qualit\u00e9<\/p>\n<\/li>\n<li data-start=\"753\" data-end=\"804\">\n<p data-start=\"755\" data-end=\"804\">Ambiance rustique et chaleureuse pour les F\u00eates<\/p>\n<\/li>\n<\/ul>\n<p data-start=\"806\" data-end=\"839\"><strong data-start=\"806\" data-end=\"837\">Sp\u00e9cifications techniques :<\/strong><\/p>\n<ul data-start=\"840\" data-end=\"1060\">\n<li data-start=\"963\" data-end=\"1010\">\n<p data-start=\"965\" data-end=\"1010\">Couleurs : Rouge, blanc et motifs orignal<\/p>\n<\/li>\n<li data-start=\"1011\" data-end=\"1060\">\n<p data-start=\"1013\" data-end=\"1060\">Entretien : nettoyage \u00e0 sec ou essuyage l\u00e9ger<\/p>\n<\/li>\n<\/ul>\n","protected":false},"excerpt":{"rendered":"<p>Ajoutez une touche de charme rustique \u00e0 votre d\u00e9coration des F\u00eates avec ce bas de No\u00ebl d\u00e9coratif au motif d&#8217;orignal sign\u00e9 GKS. Parfait pour accrocher au manteau de la chemin\u00e9e ou pr\u00e8s du sapin, il apportera une ambiance chaleureuse et festive \u00e0 votre maison. Sa conception soign\u00e9e et ses d\u00e9tails r\u00e9alistes en font un incontournable [&hellip;]<\/p>\n","protected":false},"featured_media":75093,"comment_status":"open","ping_status":"closed","template":"","meta":{"_acf_changed":false,"pagelayer_contact_templates":[],"_pagelayer_content":""},"product_brand":[],"product_cat":[1063],"product_tag":[481],"class_list":{"0":"post-75095","1":"product","2":"type-product","3":"status-publish","4":"has-post-thumbnail","6":"product_cat-liquidation","7":"product_tag-gks","9":"first","10":"instock","11":"sale","12":"taxable","13":"shipping-taxable","14":"purchasable","15":"product-type-simple"},"acf":[],"jetpack_sharing_enabled":true,"_links":{"self":[{"href":"https:\/\/pavillonchassepeche.ca\/en\/wp-json\/wp\/v2\/product\/75095","targetHints":{"allow":["GET"]}}],"collection":[{"href":"https:\/\/pavillonchassepeche.ca\/en\/wp-json\/wp\/v2\/product"}],"about":[{"href":"https:\/\/pavillonchassepeche.ca\/en\/wp-json\/wp\/v2\/types\/product"}],"replies":[{"embeddable":true,"href":"https:\/\/pavillonchassepeche.ca\/en\/wp-json\/wp\/v2\/comments?post=75095"}],"version-history":[{"count":2,"href":"https:\/\/pavillonchassepeche.ca\/en\/wp-json\/wp\/v2\/product\/75095\/revisions"}],"predecessor-version":[{"id":92098,"href":"https:\/\/pavillonchassepeche.ca\/en\/wp-json\/wp\/v2\/product\/75095\/revisions\/92098"}],"wp:featuredmedia":[{"embeddable":true,"href":"https:\/\/pavillonchassepeche.ca\/en\/wp-json\/wp\/v2\/media\/75093"}],"wp:attachment":[{"href":"https:\/\/pavillonchassepeche.ca\/en\/wp-json\/wp\/v2\/media?parent=75095"}],"wp:term":[{"taxonomy":"product_brand","embeddable":true,"href":"https:\/\/pavillonchassepeche.ca\/en\/wp-json\/wp\/v2\/product_brand?post=75095"},{"taxonomy":"product_cat","embeddable":true,"href":"https:\/\/pavillonchassepeche.ca\/en\/wp-json\/wp\/v2\/product_cat?post=75095"},{"taxonomy":"product_tag","embeddable":true,"href":"https:\/\/pavillonchassepeche.ca\/en\/wp-json\/wp\/v2\/product_tag?post=75095"}],"curies":[{"name":"wp","href":"https:\/\/api.w.org\/{rel}","templated":true}]}}