{"id":75044,"date":"2025-04-18T14:14:06","date_gmt":"2025-04-18T18:14:06","guid":{"rendered":"https:\/\/pavillonchassepeche.ca\/?post_type=product&#038;p=75044"},"modified":"2026-02-26T14:27:12","modified_gmt":"2026-02-26T19:27:12","slug":"world-famous-chapeau-bomber-froid-polaire","status":"publish","type":"product","link":"https:\/\/pavillonchassepeche.ca\/en\/product\/world-famous-chapeau-bomber-froid-polaire\/","title":{"rendered":"WORLD FAMOUS CHAPEAU BOMBER FROID POLAIRE"},"content":{"rendered":"<p>&#8211; Ext\u00e9rieur en nylon.<\/p>\n<p>&#8211; Doublure matelass\u00e9e.<\/p>\n<p>&#8211; Fourrure synth\u00e9tique.<\/p>\n<p>&#8211; Masque d\u00e9tachable.<\/p>\n<p>&#8211; Noir ou marine.<\/p>\n","protected":false},"excerpt":{"rendered":"<p>&#8211; Ext\u00e9rieur en nylon. &#8211; Doublure matelass\u00e9e. &#8211; Fourrure synth\u00e9tique. &#8211; Masque d\u00e9tachable. &#8211; Noir ou marine.<\/p>\n","protected":false},"featured_media":75042,"comment_status":"open","ping_status":"closed","template":"","meta":{"_acf_changed":false,"pagelayer_contact_templates":[],"_pagelayer_content":""},"product_brand":[],"product_cat":[1063,197,233],"product_tag":[],"class_list":{"0":"post-75044","1":"product","2":"type-product","3":"status-publish","4":"has-post-thumbnail","6":"product_cat-liquidation","7":"product_cat-vetements","8":"product_cat-vetements-sous-vetements-accessoires","10":"first","11":"instock","12":"sale","13":"taxable","14":"shipping-taxable","15":"purchasable","16":"product-type-variable"},"acf":[],"jetpack_sharing_enabled":true,"_links":{"self":[{"href":"https:\/\/pavillonchassepeche.ca\/en\/wp-json\/wp\/v2\/product\/75044","targetHints":{"allow":["GET"]}}],"collection":[{"href":"https:\/\/pavillonchassepeche.ca\/en\/wp-json\/wp\/v2\/product"}],"about":[{"href":"https:\/\/pavillonchassepeche.ca\/en\/wp-json\/wp\/v2\/types\/product"}],"replies":[{"embeddable":true,"href":"https:\/\/pavillonchassepeche.ca\/en\/wp-json\/wp\/v2\/comments?post=75044"}],"version-history":[{"count":2,"href":"https:\/\/pavillonchassepeche.ca\/en\/wp-json\/wp\/v2\/product\/75044\/revisions"}],"predecessor-version":[{"id":92476,"href":"https:\/\/pavillonchassepeche.ca\/en\/wp-json\/wp\/v2\/product\/75044\/revisions\/92476"}],"wp:featuredmedia":[{"embeddable":true,"href":"https:\/\/pavillonchassepeche.ca\/en\/wp-json\/wp\/v2\/media\/75042"}],"wp:attachment":[{"href":"https:\/\/pavillonchassepeche.ca\/en\/wp-json\/wp\/v2\/media?parent=75044"}],"wp:term":[{"taxonomy":"product_brand","embeddable":true,"href":"https:\/\/pavillonchassepeche.ca\/en\/wp-json\/wp\/v2\/product_brand?post=75044"},{"taxonomy":"product_cat","embeddable":true,"href":"https:\/\/pavillonchassepeche.ca\/en\/wp-json\/wp\/v2\/product_cat?post=75044"},{"taxonomy":"product_tag","embeddable":true,"href":"https:\/\/pavillonchassepeche.ca\/en\/wp-json\/wp\/v2\/product_tag?post=75044"}],"curies":[{"name":"wp","href":"https:\/\/api.w.org\/{rel}","templated":true}]}}