{"id":74951,"date":"2025-04-18T14:11:59","date_gmt":"2025-04-18T18:11:59","guid":{"rendered":"https:\/\/pavillonchassepeche.ca\/?post_type=product&#038;p=74951"},"modified":"2026-04-12T14:46:14","modified_gmt":"2026-04-12T18:46:14","slug":"powerpro-super8slick-v2-fil-tresse-10lbs-150yd-onyx","status":"publish","type":"product","link":"https:\/\/pavillonchassepeche.ca\/en\/product\/powerpro-super8slick-v2-fil-tresse-10lbs-150yd-onyx\/","title":{"rendered":"POWERPRO SUPER8SLICK V2 FIL TRESS\u00c9 10LBS\/150YD ONYX"},"content":{"rendered":"<p data-start=\"138\" data-end=\"668\">Le <strong data-start=\"141\" data-end=\"179\">fil tress\u00e9 PowerPro Super8Slick V2<\/strong> en couleur <strong data-start=\"191\" data-end=\"199\">Onyx<\/strong> combine r\u00e9sistance et douceur pour offrir une exp\u00e9rience de p\u00eache optimale. Avec une capacit\u00e9 de <strong data-start=\"297\" data-end=\"307\">10 lbs<\/strong> et une longueur de <strong data-start=\"327\" data-end=\"340\">150 yards<\/strong>, ce fil fin et robuste est id\u00e9al pour les p\u00eaches techniques o\u00f9 la discr\u00e9tion et la solidit\u00e9 sont essentielles. Sa surface ultra-lisse r\u00e9duit la friction, permettant des lancers plus longs et une meilleure sensibilit\u00e9 pour d\u00e9tecter les touches les plus subtiles. Parfait pour la p\u00eache \u00e0 la truite, au dor\u00e9 et autres carnassiers.<\/p>\n<p data-start=\"670\" data-end=\"694\"><strong data-start=\"670\" data-end=\"692\">Caract\u00e9ristiques :<\/strong><\/p>\n<ul data-start=\"695\" data-end=\"980\">\n<li data-start=\"695\" data-end=\"754\">\n<p data-start=\"697\" data-end=\"754\">Fil tress\u00e9 ultra-lisse pour des lancers longs et pr\u00e9cis<\/p>\n<\/li>\n<li data-start=\"755\" data-end=\"818\">\n<p data-start=\"757\" data-end=\"818\">R\u00e9sistance de 10 lbs adapt\u00e9e \u00e0 diverses techniques de p\u00eache<\/p>\n<\/li>\n<li data-start=\"819\" data-end=\"865\">\n<p data-start=\"821\" data-end=\"865\">Longueur de 150 yards (environ 137 m\u00e8tres)<\/p>\n<\/li>\n<li data-start=\"866\" data-end=\"927\">\n<p data-start=\"868\" data-end=\"927\">Couleur Onyx discr\u00e8te pour moins de visibilit\u00e9 sous l\u2019eau<\/p>\n<\/li>\n<li data-start=\"928\" data-end=\"980\">\n<p data-start=\"930\" data-end=\"980\">Grande sensibilit\u00e9 pour d\u00e9tecter les touches fines<\/p>\n<\/li>\n<\/ul>\n<p data-start=\"982\" data-end=\"1015\"><strong data-start=\"982\" data-end=\"1013\">Sp\u00e9cifications techniques :<\/strong><\/p>\n<ul data-start=\"1016\" data-end=\"1157\">\n<li data-start=\"1016\" data-end=\"1052\">\n<p data-start=\"1018\" data-end=\"1052\">Type : Fil tress\u00e9 Super8Slick V2<\/p>\n<\/li>\n<li data-start=\"1053\" data-end=\"1085\">\n<p data-start=\"1055\" data-end=\"1085\">R\u00e9sistance : 10 lbs (4,5 kg)<\/p>\n<\/li>\n<li data-start=\"1086\" data-end=\"1118\">\n<p data-start=\"1088\" data-end=\"1118\">Longueur : 150 yards (137 m)<\/p>\n<\/li>\n<li data-start=\"1119\" data-end=\"1137\">\n<p data-start=\"1121\" data-end=\"1137\">Couleur : Onyx<\/p>\n<\/li>\n<li data-start=\"1138\" data-end=\"1157\">\n<p data-start=\"1140\" data-end=\"1157\">Marque : PowerPro<\/p>\n<\/li>\n<\/ul>\n","protected":false},"excerpt":{"rendered":"<p>Le fil tress\u00e9 PowerPro Super8Slick V2 en couleur Onyx combine r\u00e9sistance et douceur pour offrir une exp\u00e9rience de p\u00eache optimale. Avec une capacit\u00e9 de 10 lbs et une longueur de 150 yards, ce fil fin et robuste est id\u00e9al pour les p\u00eaches techniques o\u00f9 la discr\u00e9tion et la solidit\u00e9 sont essentielles. Sa surface ultra-lisse r\u00e9duit [&hellip;]<\/p>\n","protected":false},"featured_media":74949,"comment_status":"open","ping_status":"closed","template":"","meta":{"_acf_changed":false,"pagelayer_contact_templates":[],"_pagelayer_content":""},"product_brand":[],"product_cat":[153,144],"product_tag":[467],"class_list":{"0":"post-74951","1":"product","2":"type-product","3":"status-publish","4":"has-post-thumbnail","6":"product_cat-peche-accessoires-de-peche","7":"product_cat-peche","8":"product_tag-powerpro","10":"first","11":"instock","12":"taxable","13":"shipping-taxable","14":"purchasable","15":"product-type-simple"},"acf":[],"jetpack_sharing_enabled":true,"_links":{"self":[{"href":"https:\/\/pavillonchassepeche.ca\/en\/wp-json\/wp\/v2\/product\/74951","targetHints":{"allow":["GET"]}}],"collection":[{"href":"https:\/\/pavillonchassepeche.ca\/en\/wp-json\/wp\/v2\/product"}],"about":[{"href":"https:\/\/pavillonchassepeche.ca\/en\/wp-json\/wp\/v2\/types\/product"}],"replies":[{"embeddable":true,"href":"https:\/\/pavillonchassepeche.ca\/en\/wp-json\/wp\/v2\/comments?post=74951"}],"version-history":[{"count":2,"href":"https:\/\/pavillonchassepeche.ca\/en\/wp-json\/wp\/v2\/product\/74951\/revisions"}],"predecessor-version":[{"id":85985,"href":"https:\/\/pavillonchassepeche.ca\/en\/wp-json\/wp\/v2\/product\/74951\/revisions\/85985"}],"wp:featuredmedia":[{"embeddable":true,"href":"https:\/\/pavillonchassepeche.ca\/en\/wp-json\/wp\/v2\/media\/74949"}],"wp:attachment":[{"href":"https:\/\/pavillonchassepeche.ca\/en\/wp-json\/wp\/v2\/media?parent=74951"}],"wp:term":[{"taxonomy":"product_brand","embeddable":true,"href":"https:\/\/pavillonchassepeche.ca\/en\/wp-json\/wp\/v2\/product_brand?post=74951"},{"taxonomy":"product_cat","embeddable":true,"href":"https:\/\/pavillonchassepeche.ca\/en\/wp-json\/wp\/v2\/product_cat?post=74951"},{"taxonomy":"product_tag","embeddable":true,"href":"https:\/\/pavillonchassepeche.ca\/en\/wp-json\/wp\/v2\/product_tag?post=74951"}],"curies":[{"name":"wp","href":"https:\/\/api.w.org\/{rel}","templated":true}]}}