{"id":74909,"date":"2025-04-18T14:11:19","date_gmt":"2025-04-18T18:11:19","guid":{"rendered":"https:\/\/pavillonchassepeche.ca\/?post_type=product&#038;p=74909"},"modified":"2026-04-14T11:57:18","modified_gmt":"2026-04-14T15:57:18","slug":"powerpro-super8slick-v2-fil-tresse-8lb-150yds-onyx","status":"publish","type":"product","link":"https:\/\/pavillonchassepeche.ca\/en\/product\/powerpro-super8slick-v2-fil-tresse-8lb-150yds-onyx\/","title":{"rendered":"POWERPRO SUPER8SLICK V2 FIL TRESS\u00c9 8LB\/150YDS ONYX"},"content":{"rendered":"<p data-start=\"180\" data-end=\"700\">Le fil tress\u00e9 <strong data-start=\"194\" data-end=\"221\">PowerPro Super8Slick V2<\/strong> offre une r\u00e9sistance exceptionnelle et une grande douceur pour une exp\u00e9rience de p\u00eache optimale. Avec une r\u00e9sistance de 8 lb et une longueur de 150 yards, ce fil est con\u00e7u pour les p\u00eacheurs qui recherchent performance et fiabilit\u00e9. Sa finition onyx lui conf\u00e8re une excellente discr\u00e9tion dans l\u2019eau, tandis que sa texture lisse assure une excellente coul\u00e9e et une grande sensibilit\u00e9 aux touches. Id\u00e9al pour la p\u00eache au lancer l\u00e9ger, il convient \u00e0 plusieurs techniques et esp\u00e8ces.<\/p>\n<hr data-start=\"702\" data-end=\"705\" \/>\n<h3 data-start=\"707\" data-end=\"735\"><strong data-start=\"711\" data-end=\"733\">Caract\u00e9ristiques :<\/strong><\/h3>\n<ul data-start=\"736\" data-end=\"929\">\n<li data-start=\"736\" data-end=\"768\">\n<p data-start=\"738\" data-end=\"768\">Fil tress\u00e9 haute performance<\/p>\n<\/li>\n<li data-start=\"769\" data-end=\"790\">\n<p data-start=\"771\" data-end=\"790\">R\u00e9sistance : 8 lb<\/p>\n<\/li>\n<li data-start=\"791\" data-end=\"815\">\n<p data-start=\"793\" data-end=\"815\">Longueur : 150 yards<\/p>\n<\/li>\n<li data-start=\"816\" data-end=\"853\">\n<p data-start=\"818\" data-end=\"853\">Finition onyx discr\u00e8te dans l\u2019eau<\/p>\n<\/li>\n<li data-start=\"854\" data-end=\"894\">\n<p data-start=\"856\" data-end=\"894\">Texture lisse pour une coul\u00e9e facile<\/p>\n<\/li>\n<li data-start=\"895\" data-end=\"929\">\n<p data-start=\"897\" data-end=\"929\">Grande sensibilit\u00e9 aux touches<\/p>\n<\/li>\n<\/ul>\n<hr data-start=\"931\" data-end=\"934\" \/>\n<h3 data-start=\"936\" data-end=\"973\"><strong data-start=\"940\" data-end=\"971\">Sp\u00e9cifications techniques :<\/strong><\/h3>\n<ul data-start=\"974\" data-end=\"1135\">\n<li data-start=\"974\" data-end=\"999\">\n<p data-start=\"976\" data-end=\"999\"><strong data-start=\"976\" data-end=\"988\">Marque :<\/strong> PowerPro<\/p>\n<\/li>\n<li data-start=\"1000\" data-end=\"1031\">\n<p data-start=\"1002\" data-end=\"1031\"><strong data-start=\"1002\" data-end=\"1014\">Mod\u00e8le :<\/strong> Super8Slick V2<\/p>\n<\/li>\n<li data-start=\"1032\" data-end=\"1057\">\n<p data-start=\"1034\" data-end=\"1057\"><strong data-start=\"1034\" data-end=\"1044\">Type :<\/strong> Fil tress\u00e9<\/p>\n<\/li>\n<li data-start=\"1058\" data-end=\"1083\">\n<p data-start=\"1060\" data-end=\"1083\"><strong data-start=\"1060\" data-end=\"1076\">R\u00e9sistance :<\/strong> 8 lb<\/p>\n<\/li>\n<li data-start=\"1084\" data-end=\"1112\">\n<p data-start=\"1086\" data-end=\"1112\"><strong data-start=\"1086\" data-end=\"1100\">Longueur :<\/strong> 150 yards<\/p>\n<\/li>\n<li data-start=\"1113\" data-end=\"1135\">\n<p data-start=\"1115\" data-end=\"1135\"><strong data-start=\"1115\" data-end=\"1128\">Couleur :<\/strong> Onyx<\/p>\n<\/li>\n<\/ul>\n","protected":false},"excerpt":{"rendered":"<p>Le fil tress\u00e9 PowerPro Super8Slick V2 offre une r\u00e9sistance exceptionnelle et une grande douceur pour une exp\u00e9rience de p\u00eache optimale. Avec une r\u00e9sistance de 8 lb et une longueur de 150 yards, ce fil est con\u00e7u pour les p\u00eacheurs qui recherchent performance et fiabilit\u00e9. Sa finition onyx lui conf\u00e8re une excellente discr\u00e9tion dans l\u2019eau, tandis [&hellip;]<\/p>\n","protected":false},"featured_media":74907,"comment_status":"open","ping_status":"closed","template":"","meta":{"_acf_changed":false,"pagelayer_contact_templates":[],"_pagelayer_content":""},"product_brand":[],"product_cat":[153,144],"product_tag":[467,352],"class_list":{"0":"post-74909","1":"product","2":"type-product","3":"status-publish","4":"has-post-thumbnail","6":"product_cat-peche-accessoires-de-peche","7":"product_cat-peche","8":"product_tag-powerpro","9":"product_tag-shimano","11":"first","12":"instock","13":"taxable","14":"shipping-taxable","15":"purchasable","16":"product-type-simple"},"acf":[],"jetpack_sharing_enabled":true,"_links":{"self":[{"href":"https:\/\/pavillonchassepeche.ca\/en\/wp-json\/wp\/v2\/product\/74909","targetHints":{"allow":["GET"]}}],"collection":[{"href":"https:\/\/pavillonchassepeche.ca\/en\/wp-json\/wp\/v2\/product"}],"about":[{"href":"https:\/\/pavillonchassepeche.ca\/en\/wp-json\/wp\/v2\/types\/product"}],"replies":[{"embeddable":true,"href":"https:\/\/pavillonchassepeche.ca\/en\/wp-json\/wp\/v2\/comments?post=74909"}],"version-history":[{"count":2,"href":"https:\/\/pavillonchassepeche.ca\/en\/wp-json\/wp\/v2\/product\/74909\/revisions"}],"predecessor-version":[{"id":87702,"href":"https:\/\/pavillonchassepeche.ca\/en\/wp-json\/wp\/v2\/product\/74909\/revisions\/87702"}],"wp:featuredmedia":[{"embeddable":true,"href":"https:\/\/pavillonchassepeche.ca\/en\/wp-json\/wp\/v2\/media\/74907"}],"wp:attachment":[{"href":"https:\/\/pavillonchassepeche.ca\/en\/wp-json\/wp\/v2\/media?parent=74909"}],"wp:term":[{"taxonomy":"product_brand","embeddable":true,"href":"https:\/\/pavillonchassepeche.ca\/en\/wp-json\/wp\/v2\/product_brand?post=74909"},{"taxonomy":"product_cat","embeddable":true,"href":"https:\/\/pavillonchassepeche.ca\/en\/wp-json\/wp\/v2\/product_cat?post=74909"},{"taxonomy":"product_tag","embeddable":true,"href":"https:\/\/pavillonchassepeche.ca\/en\/wp-json\/wp\/v2\/product_tag?post=74909"}],"curies":[{"name":"wp","href":"https:\/\/api.w.org\/{rel}","templated":true}]}}