{"id":74882,"date":"2025-04-18T14:10:38","date_gmt":"2025-04-18T18:10:38","guid":{"rendered":"https:\/\/pavillonchassepeche.ca\/?post_type=product&#038;p=74882"},"modified":"2026-02-26T11:02:36","modified_gmt":"2026-02-26T16:02:36","slug":"bug-out-insectifuge-spray-100ml-30-deet","status":"publish","type":"product","link":"https:\/\/pavillonchassepeche.ca\/en\/product\/bug-out-insectifuge-spray-100ml-30-deet\/","title":{"rendered":"BUG OUT INSECTIFUGE SPRAY 100ML 30% DEET"},"content":{"rendered":"<p data-start=\"125\" data-end=\"622\">Le <strong data-start=\"128\" data-end=\"164\">Bug Out Insectifuge Spray 100 ml<\/strong> contient 30% de DEET, une formule puissante reconnue pour repousser efficacement les moustiques, tiques, mouches noires et autres insectes nuisibles. Parfait pour les activit\u00e9s en plein air comme la chasse, la p\u00eache, la randonn\u00e9e ou le camping, ce spray offre une protection durable qui te permet de rester concentr\u00e9 sur ta sortie sans \u00eatre d\u00e9rang\u00e9 par les piq\u00fbres. Facile \u00e0 appliquer, il s\u00e8che rapidement et ne laisse pas de sensation collante sur la peau.<\/p>\n<p data-start=\"624\" data-end=\"648\"><strong data-start=\"624\" data-end=\"646\">Caract\u00e9ristiques :<\/strong><\/p>\n<ul data-start=\"649\" data-end=\"984\">\n<li data-start=\"649\" data-end=\"702\">\n<p data-start=\"651\" data-end=\"702\">Contient 30% de DEET pour une protection efficace<\/p>\n<\/li>\n<li data-start=\"703\" data-end=\"769\">\n<p data-start=\"705\" data-end=\"769\">Repousse moustiques, tiques, mouches noires et autres insectes<\/p>\n<\/li>\n<li data-start=\"770\" data-end=\"821\">\n<p data-start=\"772\" data-end=\"821\">Format pratique de 100 ml, facile \u00e0 transporter<\/p>\n<\/li>\n<li data-start=\"822\" data-end=\"870\">\n<p data-start=\"824\" data-end=\"870\">Application rapide et s\u00e8che vite sans coller<\/p>\n<\/li>\n<li data-start=\"871\" data-end=\"931\">\n<p data-start=\"873\" data-end=\"931\">Id\u00e9al pour chasse, p\u00eache, camping et activit\u00e9s plein air<\/p>\n<\/li>\n<li data-start=\"932\" data-end=\"984\">\n<p data-start=\"934\" data-end=\"984\">Non recommand\u00e9 pour les enfants de moins de 12 ans<\/p>\n<\/li>\n<\/ul>\n<p data-start=\"986\" data-end=\"1019\"><strong data-start=\"986\" data-end=\"1017\">Sp\u00e9cifications techniques :<\/strong><\/p>\n<ul data-start=\"1020\" data-end=\"1247\">\n<li data-start=\"1020\" data-end=\"1040\">\n<p data-start=\"1022\" data-end=\"1040\">Marque : Bug Out<\/p>\n<\/li>\n<li data-start=\"1041\" data-end=\"1072\">\n<p data-start=\"1043\" data-end=\"1072\">Type : Insectifuge en spray<\/p>\n<\/li>\n<li data-start=\"1073\" data-end=\"1093\">\n<p data-start=\"1075\" data-end=\"1093\">Contenu : 100 ml<\/p>\n<\/li>\n<li data-start=\"1094\" data-end=\"1122\">\n<p data-start=\"1096\" data-end=\"1122\">Concentration DEET : 30%<\/p>\n<\/li>\n<li data-start=\"1123\" data-end=\"1174\">\n<p data-start=\"1125\" data-end=\"1174\">Usage : Protection contre insectes en ext\u00e9rieur<\/p>\n<\/li>\n<li data-start=\"1175\" data-end=\"1247\">\n<p data-start=\"1177\" data-end=\"1247\">Pr\u00e9cautions : Usage externe uniquement, \u00e9viter contact avec les yeux<\/p>\n<\/li>\n<\/ul>\n","protected":false},"excerpt":{"rendered":"<p>Le Bug Out Insectifuge Spray 100 ml contient 30% de DEET, une formule puissante reconnue pour repousser efficacement les moustiques, tiques, mouches noires et autres insectes nuisibles. Parfait pour les activit\u00e9s en plein air comme la chasse, la p\u00eache, la randonn\u00e9e ou le camping, ce spray offre une protection durable qui te permet de rester [&hellip;]<\/p>\n","protected":false},"featured_media":74880,"comment_status":"open","ping_status":"closed","template":"","meta":{"_acf_changed":false,"pagelayer_contact_templates":[],"_pagelayer_content":""},"product_brand":[],"product_cat":[110,1110],"product_tag":[267],"class_list":{"0":"post-74882","1":"product","2":"type-product","3":"status-publish","4":"has-post-thumbnail","6":"product_cat-plein-air","7":"product_cat-plein-air-randonnee-et-accessoires","8":"product_tag-pronature","10":"first","11":"instock","12":"taxable","13":"shipping-taxable","14":"purchasable","15":"product-type-simple"},"acf":[],"jetpack_sharing_enabled":true,"_links":{"self":[{"href":"https:\/\/pavillonchassepeche.ca\/en\/wp-json\/wp\/v2\/product\/74882","targetHints":{"allow":["GET"]}}],"collection":[{"href":"https:\/\/pavillonchassepeche.ca\/en\/wp-json\/wp\/v2\/product"}],"about":[{"href":"https:\/\/pavillonchassepeche.ca\/en\/wp-json\/wp\/v2\/types\/product"}],"replies":[{"embeddable":true,"href":"https:\/\/pavillonchassepeche.ca\/en\/wp-json\/wp\/v2\/comments?post=74882"}],"version-history":[{"count":2,"href":"https:\/\/pavillonchassepeche.ca\/en\/wp-json\/wp\/v2\/product\/74882\/revisions"}],"predecessor-version":[{"id":85801,"href":"https:\/\/pavillonchassepeche.ca\/en\/wp-json\/wp\/v2\/product\/74882\/revisions\/85801"}],"wp:featuredmedia":[{"embeddable":true,"href":"https:\/\/pavillonchassepeche.ca\/en\/wp-json\/wp\/v2\/media\/74880"}],"wp:attachment":[{"href":"https:\/\/pavillonchassepeche.ca\/en\/wp-json\/wp\/v2\/media?parent=74882"}],"wp:term":[{"taxonomy":"product_brand","embeddable":true,"href":"https:\/\/pavillonchassepeche.ca\/en\/wp-json\/wp\/v2\/product_brand?post=74882"},{"taxonomy":"product_cat","embeddable":true,"href":"https:\/\/pavillonchassepeche.ca\/en\/wp-json\/wp\/v2\/product_cat?post=74882"},{"taxonomy":"product_tag","embeddable":true,"href":"https:\/\/pavillonchassepeche.ca\/en\/wp-json\/wp\/v2\/product_tag?post=74882"}],"curies":[{"name":"wp","href":"https:\/\/api.w.org\/{rel}","templated":true}]}}