{"id":74869,"date":"2025-04-18T14:10:23","date_gmt":"2025-04-18T18:10:23","guid":{"rendered":"https:\/\/pavillonchassepeche.ca\/?post_type=product&#038;p=74869"},"modified":"2026-03-24T17:57:11","modified_gmt":"2026-03-24T21:57:11","slug":"powerpro-super8slick-v2-fil-tresse-20lbs-150yds-onyx","status":"publish","type":"product","link":"https:\/\/pavillonchassepeche.ca\/en\/product\/powerpro-super8slick-v2-fil-tresse-20lbs-150yds-onyx\/","title":{"rendered":"POWERPRO SUPER8SLICK V2 FIL TRESS\u00c9 20LBS\/150YDS ONYX"},"content":{"rendered":"<p data-start=\"127\" data-end=\"669\">Le fil tress\u00e9 <em data-start=\"161\" data-end=\"186\">PowerPro Super8Slick V2<\/em> 20 lb en couleur Onyx est con\u00e7u pour offrir une performance de haut niveau aux p\u00eacheurs qui recherchent puissance, discr\u00e9tion et distance de lancer. Gr\u00e2ce \u00e0 sa construction en 8 brins ultra lisse et \u00e0 la technologie &#8220;EBT&#8221; (Enhanced Body Technology), ce fil glisse sans effort \u00e0 travers les anneaux pour des lancers longs et silencieux. Id\u00e9al pour la p\u00eache aux leurres, en eau douce comme en eau sal\u00e9e, il offre une r\u00e9sistance exceptionnelle \u00e0 l\u2019abrasion et une sensibilit\u00e9 maximale.<\/p>\n<p data-start=\"671\" data-end=\"695\"><strong data-start=\"671\" data-end=\"693\">Caract\u00e9ristiques :<\/strong><\/p>\n<ul data-start=\"696\" data-end=\"997\">\n<li data-start=\"696\" data-end=\"752\">\n<p data-start=\"698\" data-end=\"752\">Construction en 8 brins pour une texture ultra lisse<\/p>\n<\/li>\n<li data-start=\"753\" data-end=\"814\">\n<p data-start=\"755\" data-end=\"814\">Technologie EBT pour plus de performance et de durabilit\u00e9<\/p>\n<\/li>\n<li data-start=\"815\" data-end=\"858\">\n<p data-start=\"817\" data-end=\"858\">Glisse silencieusement dans les anneaux<\/p>\n<\/li>\n<li data-start=\"859\" data-end=\"910\">\n<p data-start=\"861\" data-end=\"910\">Excellente sensibilit\u00e9 et d\u00e9tection des touches<\/p>\n<\/li>\n<li data-start=\"911\" data-end=\"945\">\n<p data-start=\"913\" data-end=\"945\">R\u00e9sistance \u00e9lev\u00e9e \u00e0 l\u2019abrasion<\/p>\n<\/li>\n<li data-start=\"946\" data-end=\"997\">\n<p data-start=\"948\" data-end=\"997\">Couleur Onyx pour plus de discr\u00e9tion dans l\u2019eau<\/p>\n<\/li>\n<\/ul>\n<p data-start=\"999\" data-end=\"1032\"><strong data-start=\"999\" data-end=\"1030\">Sp\u00e9cifications techniques :<\/strong><\/p>\n<ul data-start=\"1033\" data-end=\"1258\">\n<li data-start=\"1033\" data-end=\"1054\">\n<p data-start=\"1035\" data-end=\"1054\">Marque : PowerPro<\/p>\n<\/li>\n<li data-start=\"1055\" data-end=\"1082\">\n<p data-start=\"1057\" data-end=\"1082\">Mod\u00e8le : Super8Slick V2<\/p>\n<\/li>\n<li data-start=\"1083\" data-end=\"1105\">\n<p data-start=\"1085\" data-end=\"1105\">R\u00e9sistance : 20 lb<\/p>\n<\/li>\n<li data-start=\"1106\" data-end=\"1141\">\n<p data-start=\"1108\" data-end=\"1141\">Longueur : 150 verges (150 yds)<\/p>\n<\/li>\n<li data-start=\"1142\" data-end=\"1171\">\n<p data-start=\"1144\" data-end=\"1171\">Couleur : Onyx (noir mat)<\/p>\n<\/li>\n<li data-start=\"1172\" data-end=\"1201\">\n<p data-start=\"1174\" data-end=\"1201\">Type : Fil tress\u00e9 8 brins<\/p>\n<\/li>\n<li data-start=\"1202\" data-end=\"1258\">\n<p data-start=\"1204\" data-end=\"1258\">Usage : P\u00eache au lancer, leurres, eau douce ou sal\u00e9e<\/p>\n<\/li>\n<\/ul>\n","protected":false},"excerpt":{"rendered":"<p>Le fil tress\u00e9 PowerPro Super8Slick V2 20 lb en couleur Onyx est con\u00e7u pour offrir une performance de haut niveau aux p\u00eacheurs qui recherchent puissance, discr\u00e9tion et distance de lancer. Gr\u00e2ce \u00e0 sa construction en 8 brins ultra lisse et \u00e0 la technologie &#8220;EBT&#8221; (Enhanced Body Technology), ce fil glisse sans effort \u00e0 travers les [&hellip;]<\/p>\n","protected":false},"featured_media":74867,"comment_status":"open","ping_status":"closed","template":"","meta":{"_acf_changed":false,"pagelayer_contact_templates":[],"_pagelayer_content":""},"product_brand":[],"product_cat":[153,144],"product_tag":[467],"class_list":{"0":"post-74869","1":"product","2":"type-product","3":"status-publish","4":"has-post-thumbnail","6":"product_cat-peche-accessoires-de-peche","7":"product_cat-peche","8":"product_tag-powerpro","10":"first","11":"instock","12":"taxable","13":"shipping-taxable","14":"purchasable","15":"product-type-simple"},"acf":[],"jetpack_sharing_enabled":true,"_links":{"self":[{"href":"https:\/\/pavillonchassepeche.ca\/en\/wp-json\/wp\/v2\/product\/74869","targetHints":{"allow":["GET"]}}],"collection":[{"href":"https:\/\/pavillonchassepeche.ca\/en\/wp-json\/wp\/v2\/product"}],"about":[{"href":"https:\/\/pavillonchassepeche.ca\/en\/wp-json\/wp\/v2\/types\/product"}],"replies":[{"embeddable":true,"href":"https:\/\/pavillonchassepeche.ca\/en\/wp-json\/wp\/v2\/comments?post=74869"}],"version-history":[{"count":2,"href":"https:\/\/pavillonchassepeche.ca\/en\/wp-json\/wp\/v2\/product\/74869\/revisions"}],"predecessor-version":[{"id":85677,"href":"https:\/\/pavillonchassepeche.ca\/en\/wp-json\/wp\/v2\/product\/74869\/revisions\/85677"}],"wp:featuredmedia":[{"embeddable":true,"href":"https:\/\/pavillonchassepeche.ca\/en\/wp-json\/wp\/v2\/media\/74867"}],"wp:attachment":[{"href":"https:\/\/pavillonchassepeche.ca\/en\/wp-json\/wp\/v2\/media?parent=74869"}],"wp:term":[{"taxonomy":"product_brand","embeddable":true,"href":"https:\/\/pavillonchassepeche.ca\/en\/wp-json\/wp\/v2\/product_brand?post=74869"},{"taxonomy":"product_cat","embeddable":true,"href":"https:\/\/pavillonchassepeche.ca\/en\/wp-json\/wp\/v2\/product_cat?post=74869"},{"taxonomy":"product_tag","embeddable":true,"href":"https:\/\/pavillonchassepeche.ca\/en\/wp-json\/wp\/v2\/product_tag?post=74869"}],"curies":[{"name":"wp","href":"https:\/\/api.w.org\/{rel}","templated":true}]}}