{"id":74789,"date":"2025-04-18T14:08:37","date_gmt":"2025-04-18T18:08:37","guid":{"rendered":"https:\/\/pavillonchassepeche.ca\/?post_type=product&#038;p=74789"},"modified":"2026-04-02T12:59:11","modified_gmt":"2026-04-02T16:59:11","slug":"remington-carabine-a-plombs-express-hunter-177-495pi-s-avec-telescope-centerpoint-4x32-mm","status":"publish","type":"product","link":"https:\/\/pavillonchassepeche.ca\/en\/product\/remington-carabine-a-plombs-express-hunter-177-495pi-s-avec-telescope-centerpoint-4x32-mm\/","title":{"rendered":"REMINGTON CARABINE \u00c0 PLOMBS &#8220;EXPRESS HUNTER&#8221; .177 495PI\/S AVEC T\u00c9LESCOPE CENTERPOINT 4X32 MM"},"content":{"rendered":"<h2 data-start=\"142\" data-end=\"249\">Remington Carabine \u00e0 Plombs &#8220;Express Hunter&#8221; \u2013 Calibre .177, 495 PI\/S avec T\u00e9lescope Centerpoint 4&#215;32 mm<\/h2>\n<p data-start=\"251\" data-end=\"506\">La <strong data-start=\"254\" data-end=\"282\">Remington Express Hunter<\/strong> est une carabine \u00e0 plombs fiable et performante, con\u00e7ue pour le tir sportif et r\u00e9cr\u00e9atif. Avec une puissance de <strong data-start=\"395\" data-end=\"427\">495 pieds par seconde (PI\/S)<\/strong>, elle offre une pr\u00e9cision optimale pour les tirs \u00e0 courte et moyenne distance.<\/p>\n<p data-start=\"508\" data-end=\"762\">Cette carabine est \u00e9quip\u00e9e d\u2019un <strong data-start=\"540\" data-end=\"573\">t\u00e9lescope Centerpoint 4&#215;32 mm<\/strong> qui facilite la vis\u00e9e et permet un r\u00e9glage pr\u00e9cis pour un tir efficace. Sa crosse synth\u00e9tique ergonomique assure un bon maintien et un confort maximal, m\u00eame lors d\u2019utilisations prolong\u00e9es.<\/p>\n<h3 data-start=\"764\" data-end=\"798\">Caract\u00e9ristiques principales :<\/h3>\n<ul data-start=\"799\" data-end=\"1216\">\n<li data-start=\"799\" data-end=\"830\">\n<p data-start=\"801\" data-end=\"830\"><strong data-start=\"801\" data-end=\"814\">Calibre :<\/strong> .177 (4,5 mm)<\/p>\n<\/li>\n<li data-start=\"831\" data-end=\"879\">\n<p data-start=\"833\" data-end=\"879\"><strong data-start=\"833\" data-end=\"848\">Puissance :<\/strong> 495 pieds par seconde (PI\/S)<\/p>\n<\/li>\n<li data-start=\"880\" data-end=\"936\">\n<p data-start=\"882\" data-end=\"936\"><strong data-start=\"882\" data-end=\"904\">Type de munition :<\/strong> plombs \u00e0 percussion classique<\/p>\n<\/li>\n<li data-start=\"937\" data-end=\"965\">\n<p data-start=\"939\" data-end=\"965\"><strong data-start=\"939\" data-end=\"953\">Capacit\u00e9 :<\/strong> mono-coup<\/p>\n<\/li>\n<li data-start=\"966\" data-end=\"1015\">\n<p data-start=\"968\" data-end=\"1015\"><strong data-start=\"968\" data-end=\"980\">Crosse :<\/strong> synth\u00e9tique, finition camouflage<\/p>\n<\/li>\n<li data-start=\"1016\" data-end=\"1056\">\n<p data-start=\"1018\" data-end=\"1056\"><strong data-start=\"1018\" data-end=\"1039\">Longueur totale :<\/strong> environ 105 cm<\/p>\n<\/li>\n<li data-start=\"1057\" data-end=\"1087\">\n<p data-start=\"1059\" data-end=\"1087\"><strong data-start=\"1059\" data-end=\"1070\">Poids :<\/strong> environ 2,5 kg<\/p>\n<\/li>\n<li data-start=\"1088\" data-end=\"1140\">\n<p data-start=\"1090\" data-end=\"1140\"><strong data-start=\"1090\" data-end=\"1101\">Vis\u00e9e :<\/strong> t\u00e9lescope Centerpoint 4&#215;32 mm inclus<\/p>\n<\/li>\n<li data-start=\"1141\" data-end=\"1168\">\n<p data-start=\"1143\" data-end=\"1168\"><strong data-start=\"1143\" data-end=\"1157\">S\u00e9curit\u00e9 :<\/strong> manuelle<\/p>\n<\/li>\n<li data-start=\"1169\" data-end=\"1216\">\n<p data-start=\"1171\" data-end=\"1216\"><strong data-start=\"1171\" data-end=\"1198\">Syst\u00e8me de chargement :<\/strong> canon basculant<\/p>\n<\/li>\n<\/ul>\n<h3 data-start=\"1218\" data-end=\"1238\">Sp\u00e9cifications :<\/h3>\n<ul data-start=\"1239\" data-end=\"1459\">\n<li data-start=\"1239\" data-end=\"1266\">\n<p data-start=\"1241\" data-end=\"1266\">Calibre : .177 (4,5 mm)<\/p>\n<\/li>\n<li data-start=\"1267\" data-end=\"1289\">\n<p data-start=\"1269\" data-end=\"1289\">Vitesse : 495 PI\/S<\/p>\n<\/li>\n<li data-start=\"1290\" data-end=\"1314\">\n<p data-start=\"1292\" data-end=\"1314\">Capacit\u00e9 : mono-coup<\/p>\n<\/li>\n<li data-start=\"1315\" data-end=\"1336\">\n<p data-start=\"1317\" data-end=\"1336\">Longueur : 105 cm<\/p>\n<\/li>\n<li data-start=\"1337\" data-end=\"1355\">\n<p data-start=\"1339\" data-end=\"1355\">Poids : 2,5 kg<\/p>\n<\/li>\n<li data-start=\"1356\" data-end=\"1389\">\n<p data-start=\"1358\" data-end=\"1389\">Mat\u00e9riaux : polym\u00e8re et m\u00e9tal<\/p>\n<\/li>\n<li data-start=\"1390\" data-end=\"1437\">\n<p data-start=\"1392\" data-end=\"1437\">Accessoires : t\u00e9lescope Centerpoint 4&#215;32 mm<\/p>\n<\/li>\n<li data-start=\"1438\" data-end=\"1459\">\n<p data-start=\"1440\" data-end=\"1459\">S\u00e9curit\u00e9 manuelle<\/p>\n<\/li>\n<\/ul>\n","protected":false},"excerpt":{"rendered":"<p>Remington Carabine \u00e0 Plombs &#8220;Express Hunter&#8221; \u2013 Calibre .177, 495 PI\/S avec T\u00e9lescope Centerpoint 4&#215;32 mm La Remington Express Hunter est une carabine \u00e0 plombs fiable et performante, con\u00e7ue pour le tir sportif et r\u00e9cr\u00e9atif. Avec une puissance de 495 pieds par seconde (PI\/S), elle offre une pr\u00e9cision optimale pour les tirs \u00e0 courte et [&hellip;]<\/p>\n","protected":false},"featured_media":74787,"comment_status":"open","ping_status":"closed","template":"","meta":{"_acf_changed":false,"pagelayer_contact_templates":[],"_pagelayer_content":""},"product_brand":[],"product_cat":[21,79,80],"product_tag":[317],"class_list":{"0":"post-74789","1":"product","2":"type-product","3":"status-publish","4":"has-post-thumbnail","6":"product_cat-chasse","7":"product_cat-produits-air-comprime","8":"product_cat-produits-air-comprime-armes-moins-de-500-pieds","9":"product_tag-remington","11":"first","12":"instock","13":"taxable","14":"shipping-taxable","15":"purchasable","16":"product-type-simple"},"acf":[],"jetpack_sharing_enabled":true,"_links":{"self":[{"href":"https:\/\/pavillonchassepeche.ca\/en\/wp-json\/wp\/v2\/product\/74789","targetHints":{"allow":["GET"]}}],"collection":[{"href":"https:\/\/pavillonchassepeche.ca\/en\/wp-json\/wp\/v2\/product"}],"about":[{"href":"https:\/\/pavillonchassepeche.ca\/en\/wp-json\/wp\/v2\/types\/product"}],"replies":[{"embeddable":true,"href":"https:\/\/pavillonchassepeche.ca\/en\/wp-json\/wp\/v2\/comments?post=74789"}],"version-history":[{"count":2,"href":"https:\/\/pavillonchassepeche.ca\/en\/wp-json\/wp\/v2\/product\/74789\/revisions"}],"predecessor-version":[{"id":84334,"href":"https:\/\/pavillonchassepeche.ca\/en\/wp-json\/wp\/v2\/product\/74789\/revisions\/84334"}],"wp:featuredmedia":[{"embeddable":true,"href":"https:\/\/pavillonchassepeche.ca\/en\/wp-json\/wp\/v2\/media\/74787"}],"wp:attachment":[{"href":"https:\/\/pavillonchassepeche.ca\/en\/wp-json\/wp\/v2\/media?parent=74789"}],"wp:term":[{"taxonomy":"product_brand","embeddable":true,"href":"https:\/\/pavillonchassepeche.ca\/en\/wp-json\/wp\/v2\/product_brand?post=74789"},{"taxonomy":"product_cat","embeddable":true,"href":"https:\/\/pavillonchassepeche.ca\/en\/wp-json\/wp\/v2\/product_cat?post=74789"},{"taxonomy":"product_tag","embeddable":true,"href":"https:\/\/pavillonchassepeche.ca\/en\/wp-json\/wp\/v2\/product_tag?post=74789"}],"curies":[{"name":"wp","href":"https:\/\/api.w.org\/{rel}","templated":true}]}}