{"id":74786,"date":"2025-04-18T14:08:34","date_gmt":"2025-04-18T18:08:34","guid":{"rendered":"https:\/\/pavillonchassepeche.ca\/?post_type=product&#038;p=74786"},"modified":"2025-08-11T15:33:21","modified_gmt":"2025-08-11T19:33:21","slug":"boito-a-680-ct-20ga-side-by-side-28","status":"publish","type":"product","link":"https:\/\/pavillonchassepeche.ca\/en\/product\/boito-a-680-ct-20ga-side-by-side-28\/","title":{"rendered":"BOITO A\/680 CT 20GA SIDE BY SIDE 28&#8221;"},"content":{"rendered":"<p data-start=\"147\" data-end=\"635\">Le <strong data-start=\"150\" data-end=\"190\">Boito A\/680 CT 20GA Side by Side 28&#8243;<\/strong> est un fusil \u00e0 double canon juxtapos\u00e9 con\u00e7u pour les amateurs de chasse traditionnelle. Avec son calibre 20, il offre un excellent \u00e9quilibre entre puissance et maniabilit\u00e9, id\u00e9al pour la chasse au petit et moyen gibier. Sa longueur de canon de 28 pouces assure une bonne pr\u00e9cision et une trajectoire stable des projectiles. Ce mod\u00e8le combine \u00e9l\u00e9gance classique et fiabilit\u00e9 m\u00e9canique, avec une finition soign\u00e9e qui r\u00e9siste \u00e0 l\u2019\u00e9preuve du temps.<\/p>\n<p data-start=\"637\" data-end=\"661\"><strong data-start=\"637\" data-end=\"659\">Caract\u00e9ristiques :<\/strong><\/p>\n<ul data-start=\"662\" data-end=\"946\">\n<li data-start=\"662\" data-end=\"689\">\n<p data-start=\"664\" data-end=\"689\">Mod\u00e8le : Boito A\/680 CT<\/p>\n<\/li>\n<li data-start=\"690\" data-end=\"712\">\n<p data-start=\"692\" data-end=\"712\">Calibre : 20 Gauge<\/p>\n<\/li>\n<li data-start=\"713\" data-end=\"767\">\n<p data-start=\"715\" data-end=\"767\">Type : Fusil double canon juxtapos\u00e9 (Side by Side)<\/p>\n<\/li>\n<li data-start=\"768\" data-end=\"801\">\n<p data-start=\"770\" data-end=\"801\">Longueur du canon : 28 pouces<\/p>\n<\/li>\n<li data-start=\"802\" data-end=\"851\">\n<p data-start=\"804\" data-end=\"851\">Crosse : Bois traditionnel, finition \u00e9l\u00e9gante<\/p>\n<\/li>\n<li data-start=\"852\" data-end=\"879\">\n<p data-start=\"854\" data-end=\"879\">Action : Double d\u00e9tente<\/p>\n<\/li>\n<li data-start=\"880\" data-end=\"921\">\n<p data-start=\"882\" data-end=\"921\">S\u00e9curit\u00e9 : Manuelle avec verrouillage<\/p>\n<\/li>\n<li data-start=\"922\" data-end=\"946\">\n<p data-start=\"924\" data-end=\"946\">Poids : Environ 3,2 kg<\/p>\n<\/li>\n<\/ul>\n<p data-start=\"948\" data-end=\"970\"><strong data-start=\"948\" data-end=\"968\">Sp\u00e9cifications :<\/strong><\/p>\n<ul data-start=\"971\" data-end=\"1240\">\n<li data-start=\"971\" data-end=\"1026\">\n<p data-start=\"973\" data-end=\"1026\">Fabrication br\u00e9silienne reconnue pour sa robustesse<\/p>\n<\/li>\n<li data-start=\"1027\" data-end=\"1069\">\n<p data-start=\"1029\" data-end=\"1069\">M\u00e9canisme fiable et simple d\u2019entretien<\/p>\n<\/li>\n<li data-start=\"1070\" data-end=\"1128\">\n<p data-start=\"1072\" data-end=\"1128\">Id\u00e9al pour la chasse au petit gibier et \u00e0 la sauvagine<\/p>\n<\/li>\n<li data-start=\"1129\" data-end=\"1183\">\n<p data-start=\"1131\" data-end=\"1183\">Design classique alliant performance et esth\u00e9tique<\/p>\n<\/li>\n<li data-start=\"1184\" data-end=\"1240\">\n<p data-start=\"1186\" data-end=\"1240\">Adapt\u00e9 aux chasseurs recherchant un fusil traditionnel<\/p>\n<\/li>\n<\/ul>\n","protected":false},"excerpt":{"rendered":"<p>Le Boito A\/680 CT 20GA Side by Side 28&#8243; est un fusil \u00e0 double canon juxtapos\u00e9 con\u00e7u pour les amateurs de chasse traditionnelle. Avec son calibre 20, il offre un excellent \u00e9quilibre entre puissance et maniabilit\u00e9, id\u00e9al pour la chasse au petit et moyen gibier. Sa longueur de canon de 28 pouces assure une bonne [&hellip;]<\/p>\n","protected":false},"featured_media":85426,"comment_status":"open","ping_status":"closed","template":"","meta":{"_acf_changed":false,"pagelayer_contact_templates":[],"_pagelayer_content":""},"product_brand":[],"product_cat":[63,21,67],"product_tag":[],"class_list":{"0":"post-74786","1":"product","2":"type-product","3":"status-publish","4":"has-post-thumbnail","6":"product_cat-armes-a-feu","7":"product_cat-chasse","8":"product_cat-armes-a-feu-fusils","10":"first","11":"instock","12":"taxable","13":"shipping-taxable","14":"purchasable","15":"product-type-simple"},"acf":[],"jetpack_sharing_enabled":true,"_links":{"self":[{"href":"https:\/\/pavillonchassepeche.ca\/en\/wp-json\/wp\/v2\/product\/74786","targetHints":{"allow":["GET"]}}],"collection":[{"href":"https:\/\/pavillonchassepeche.ca\/en\/wp-json\/wp\/v2\/product"}],"about":[{"href":"https:\/\/pavillonchassepeche.ca\/en\/wp-json\/wp\/v2\/types\/product"}],"replies":[{"embeddable":true,"href":"https:\/\/pavillonchassepeche.ca\/en\/wp-json\/wp\/v2\/comments?post=74786"}],"version-history":[{"count":2,"href":"https:\/\/pavillonchassepeche.ca\/en\/wp-json\/wp\/v2\/product\/74786\/revisions"}],"predecessor-version":[{"id":85428,"href":"https:\/\/pavillonchassepeche.ca\/en\/wp-json\/wp\/v2\/product\/74786\/revisions\/85428"}],"wp:featuredmedia":[{"embeddable":true,"href":"https:\/\/pavillonchassepeche.ca\/en\/wp-json\/wp\/v2\/media\/85426"}],"wp:attachment":[{"href":"https:\/\/pavillonchassepeche.ca\/en\/wp-json\/wp\/v2\/media?parent=74786"}],"wp:term":[{"taxonomy":"product_brand","embeddable":true,"href":"https:\/\/pavillonchassepeche.ca\/en\/wp-json\/wp\/v2\/product_brand?post=74786"},{"taxonomy":"product_cat","embeddable":true,"href":"https:\/\/pavillonchassepeche.ca\/en\/wp-json\/wp\/v2\/product_cat?post=74786"},{"taxonomy":"product_tag","embeddable":true,"href":"https:\/\/pavillonchassepeche.ca\/en\/wp-json\/wp\/v2\/product_tag?post=74786"}],"curies":[{"name":"wp","href":"https:\/\/api.w.org\/{rel}","templated":true}]}}