{"id":74751,"date":"2025-04-18T14:07:56","date_gmt":"2025-04-18T18:07:56","guid":{"rendered":"https:\/\/pavillonchassepeche.ca\/?post_type=product&#038;p=74751"},"modified":"2026-02-26T11:02:51","modified_gmt":"2026-02-26T16:02:51","slug":"campana-serviette-microfibre-74cm-x140cm","status":"publish","type":"product","link":"https:\/\/pavillonchassepeche.ca\/en\/product\/campana-serviette-microfibre-74cm-x140cm\/","title":{"rendered":"CAMPANA SERVIETTE MICROFIBRE 74cm X140cm"},"content":{"rendered":"<p data-start=\"115\" data-end=\"590\">La serviette en microfibre <em data-start=\"162\" data-end=\"171\">Campana<\/em> de 74 cm x 140 cm est l\u2019accessoire parfait pour s\u00e9cher rapidement et efficacement apr\u00e8s une journ\u00e9e de p\u00eache, de camping ou toute activit\u00e9 ext\u00e9rieure. Sa texture douce et absorbante garantit un s\u00e9chage rapide tout en restant l\u00e9g\u00e8re et compacte pour un transport facile. R\u00e9sistante \u00e0 l\u2019usure et au lavage, elle est id\u00e9ale pour les aventuriers qui cherchent une serviette performante et pratique \u00e0 glisser dans leur sac.<\/p>\n<p data-start=\"592\" data-end=\"616\"><strong data-start=\"592\" data-end=\"614\">Caract\u00e9ristiques :<\/strong><\/p>\n<ul data-start=\"617\" data-end=\"882\">\n<li data-start=\"617\" data-end=\"660\">\n<p data-start=\"619\" data-end=\"660\">Dimensions g\u00e9n\u00e9reuses de 74 cm x 140 cm<\/p>\n<\/li>\n<li data-start=\"661\" data-end=\"708\">\n<p data-start=\"663\" data-end=\"708\">Tissu en microfibre ultra absorbant et doux<\/p>\n<\/li>\n<li data-start=\"709\" data-end=\"748\">\n<p data-start=\"711\" data-end=\"748\">S\u00e9chage rapide pour un usage r\u00e9p\u00e9t\u00e9<\/p>\n<\/li>\n<li data-start=\"749\" data-end=\"782\">\n<p data-start=\"751\" data-end=\"782\">L\u00e9ger et facile \u00e0 transporter<\/p>\n<\/li>\n<li data-start=\"783\" data-end=\"818\">\n<p data-start=\"785\" data-end=\"818\">R\u00e9sistant aux lavages fr\u00e9quents<\/p>\n<\/li>\n<li data-start=\"819\" data-end=\"882\">\n<p data-start=\"821\" data-end=\"882\">Parfait pour camping, p\u00eache, randonn\u00e9e et sports ext\u00e9rieurs<\/p>\n<\/li>\n<\/ul>\n<p data-start=\"884\" data-end=\"917\"><strong data-start=\"884\" data-end=\"915\">Sp\u00e9cifications techniques :<\/strong><\/p>\n<ul data-start=\"918\" data-end=\"1071\">\n<li data-start=\"918\" data-end=\"938\">\n<p data-start=\"920\" data-end=\"938\">Marque : Campana<\/p>\n<\/li>\n<li data-start=\"939\" data-end=\"973\">\n<p data-start=\"941\" data-end=\"973\">Type : Serviette en microfibre<\/p>\n<\/li>\n<li data-start=\"974\" data-end=\"1005\">\n<p data-start=\"976\" data-end=\"1005\">Dimensions : 74 cm x 140 cm<\/p>\n<\/li>\n<li data-start=\"1006\" data-end=\"1045\">\n<p data-start=\"1008\" data-end=\"1045\">Usage : S\u00e9chage rapide en plein air<\/p>\n<\/li>\n<li data-start=\"1046\" data-end=\"1071\">\n<p data-start=\"1048\" data-end=\"1071\">Mat\u00e9riau : Microfibre<\/p>\n<\/li>\n<\/ul>\n","protected":false},"excerpt":{"rendered":"<p>La serviette en microfibre Campana de 74 cm x 140 cm est l\u2019accessoire parfait pour s\u00e9cher rapidement et efficacement apr\u00e8s une journ\u00e9e de p\u00eache, de camping ou toute activit\u00e9 ext\u00e9rieure. Sa texture douce et absorbante garantit un s\u00e9chage rapide tout en restant l\u00e9g\u00e8re et compacte pour un transport facile. R\u00e9sistante \u00e0 l\u2019usure et au lavage, [&hellip;]<\/p>\n","protected":false},"featured_media":74747,"comment_status":"open","ping_status":"closed","template":"","meta":{"_acf_changed":false,"pagelayer_contact_templates":[],"_pagelayer_content":""},"product_brand":[],"product_cat":[111,110],"product_tag":[328],"class_list":{"0":"post-74751","1":"product","2":"type-product","3":"status-publish","4":"has-post-thumbnail","6":"product_cat-plein-air-camping-et-couchage","7":"product_cat-plein-air","8":"product_tag-campana","10":"first","11":"instock","12":"taxable","13":"shipping-taxable","14":"purchasable","15":"product-type-simple"},"acf":[],"jetpack_sharing_enabled":true,"_links":{"self":[{"href":"https:\/\/pavillonchassepeche.ca\/en\/wp-json\/wp\/v2\/product\/74751","targetHints":{"allow":["GET"]}}],"collection":[{"href":"https:\/\/pavillonchassepeche.ca\/en\/wp-json\/wp\/v2\/product"}],"about":[{"href":"https:\/\/pavillonchassepeche.ca\/en\/wp-json\/wp\/v2\/types\/product"}],"replies":[{"embeddable":true,"href":"https:\/\/pavillonchassepeche.ca\/en\/wp-json\/wp\/v2\/comments?post=74751"}],"version-history":[{"count":2,"href":"https:\/\/pavillonchassepeche.ca\/en\/wp-json\/wp\/v2\/product\/74751\/revisions"}],"predecessor-version":[{"id":85693,"href":"https:\/\/pavillonchassepeche.ca\/en\/wp-json\/wp\/v2\/product\/74751\/revisions\/85693"}],"wp:featuredmedia":[{"embeddable":true,"href":"https:\/\/pavillonchassepeche.ca\/en\/wp-json\/wp\/v2\/media\/74747"}],"wp:attachment":[{"href":"https:\/\/pavillonchassepeche.ca\/en\/wp-json\/wp\/v2\/media?parent=74751"}],"wp:term":[{"taxonomy":"product_brand","embeddable":true,"href":"https:\/\/pavillonchassepeche.ca\/en\/wp-json\/wp\/v2\/product_brand?post=74751"},{"taxonomy":"product_cat","embeddable":true,"href":"https:\/\/pavillonchassepeche.ca\/en\/wp-json\/wp\/v2\/product_cat?post=74751"},{"taxonomy":"product_tag","embeddable":true,"href":"https:\/\/pavillonchassepeche.ca\/en\/wp-json\/wp\/v2\/product_tag?post=74751"}],"curies":[{"name":"wp","href":"https:\/\/api.w.org\/{rel}","templated":true}]}}