{"id":74701,"date":"2025-04-18T14:06:58","date_gmt":"2025-04-18T18:06:58","guid":{"rendered":"https:\/\/pavillonchassepeche.ca\/?post_type=product&#038;p=74701"},"modified":"2026-01-02T17:02:08","modified_gmt":"2026-01-02T22:02:08","slug":"pronature-lunettes-polarisees-blue-flash","status":"publish","type":"product","link":"https:\/\/pavillonchassepeche.ca\/en\/product\/pronature-lunettes-polarisees-blue-flash\/","title":{"rendered":"PRONATURE LUNETTES POLARIS\u00c9ES BLUE FLASH"},"content":{"rendered":"<p data-start=\"126\" data-end=\"613\">Con\u00e7ues pour les passionn\u00e9s de plein air, les lunettes polaris\u00e9es PRONATURE Blue Flash offrent une protection optimale contre l\u2019\u00e9blouissement du soleil et les reflets sur l\u2019eau. Leur design sport et leur finition miroir bleue assurent un look moderne tout en am\u00e9liorant la clart\u00e9 visuelle lors de la p\u00eache, de la chasse ou de toute activit\u00e9 ext\u00e9rieure. L\u00e9g\u00e8res et confortables, elles sont parfaites pour passer la journ\u00e9e sur l\u2019eau ou en nature sans fatigue visuelle.<\/p>\n<hr data-start=\"615\" data-end=\"618\" \/>\n<p data-start=\"620\" data-end=\"644\"><strong data-start=\"620\" data-end=\"642\">Caract\u00e9ristiques :<\/strong><\/p>\n<ul data-start=\"645\" data-end=\"893\">\n<li data-start=\"645\" data-end=\"710\">\n<p data-start=\"647\" data-end=\"710\">Lentilles polaris\u00e9es r\u00e9duisant les reflets et l\u2019\u00e9blouissement<\/p>\n<\/li>\n<li data-start=\"711\" data-end=\"745\">\n<p data-start=\"713\" data-end=\"745\">Finition miroir bleue stylis\u00e9e<\/p>\n<\/li>\n<li data-start=\"746\" data-end=\"801\">\n<p data-start=\"748\" data-end=\"801\">Monture l\u00e9g\u00e8re et confortable pour un port prolong\u00e9<\/p>\n<\/li>\n<li data-start=\"802\" data-end=\"868\">\n<p data-start=\"804\" data-end=\"868\">Id\u00e9ales pour la p\u00eache, la chasse et les activit\u00e9s de plein air<\/p>\n<\/li>\n<li data-start=\"869\" data-end=\"893\">\n<p data-start=\"871\" data-end=\"893\">Protection UV compl\u00e8te<\/p>\n<\/li>\n<\/ul>\n<hr data-start=\"895\" data-end=\"898\" \/>\n<p data-start=\"900\" data-end=\"933\"><strong data-start=\"900\" data-end=\"931\">Sp\u00e9cifications techniques :<\/strong><\/p>\n<ul data-start=\"934\" data-end=\"1118\">\n<li data-start=\"934\" data-end=\"968\">\n<p data-start=\"936\" data-end=\"968\">Type de lentilles : Polaris\u00e9es<\/p>\n<\/li>\n<li data-start=\"969\" data-end=\"1021\">\n<p data-start=\"971\" data-end=\"1021\">Couleur des lentilles : Blue Flash (miroir bleu)<\/p>\n<\/li>\n<li data-start=\"1022\" data-end=\"1047\">\n<p data-start=\"1024\" data-end=\"1047\">Protection UV : 100 %<\/p>\n<\/li>\n<li data-start=\"1048\" data-end=\"1094\">\n<p data-start=\"1050\" data-end=\"1094\">Mat\u00e9riau de la monture : Plastique durable<\/p>\n<\/li>\n<li data-start=\"1095\" data-end=\"1118\">\n<p data-start=\"1097\" data-end=\"1118\">Style : Sport\/outdoor<\/p>\n<\/li>\n<\/ul>\n","protected":false},"excerpt":{"rendered":"<p>Con\u00e7ues pour les passionn\u00e9s de plein air, les lunettes polaris\u00e9es PRONATURE Blue Flash offrent une protection optimale contre l\u2019\u00e9blouissement du soleil et les reflets sur l\u2019eau. Leur design sport et leur finition miroir bleue assurent un look moderne tout en am\u00e9liorant la clart\u00e9 visuelle lors de la p\u00eache, de la chasse ou de toute activit\u00e9 [&hellip;]<\/p>\n","protected":false},"featured_media":74699,"comment_status":"open","ping_status":"closed","template":"","meta":{"_acf_changed":false,"pagelayer_contact_templates":[],"_pagelayer_content":""},"product_brand":[],"product_cat":[197],"product_tag":[267],"class_list":{"0":"post-74701","1":"product","2":"type-product","3":"status-publish","4":"has-post-thumbnail","6":"product_cat-vetements","7":"product_tag-pronature","9":"first","10":"instock","11":"taxable","12":"shipping-taxable","13":"purchasable","14":"product-type-simple"},"acf":[],"jetpack_sharing_enabled":true,"_links":{"self":[{"href":"https:\/\/pavillonchassepeche.ca\/en\/wp-json\/wp\/v2\/product\/74701","targetHints":{"allow":["GET"]}}],"collection":[{"href":"https:\/\/pavillonchassepeche.ca\/en\/wp-json\/wp\/v2\/product"}],"about":[{"href":"https:\/\/pavillonchassepeche.ca\/en\/wp-json\/wp\/v2\/types\/product"}],"replies":[{"embeddable":true,"href":"https:\/\/pavillonchassepeche.ca\/en\/wp-json\/wp\/v2\/comments?post=74701"}],"version-history":[{"count":2,"href":"https:\/\/pavillonchassepeche.ca\/en\/wp-json\/wp\/v2\/product\/74701\/revisions"}],"predecessor-version":[{"id":88464,"href":"https:\/\/pavillonchassepeche.ca\/en\/wp-json\/wp\/v2\/product\/74701\/revisions\/88464"}],"wp:featuredmedia":[{"embeddable":true,"href":"https:\/\/pavillonchassepeche.ca\/en\/wp-json\/wp\/v2\/media\/74699"}],"wp:attachment":[{"href":"https:\/\/pavillonchassepeche.ca\/en\/wp-json\/wp\/v2\/media?parent=74701"}],"wp:term":[{"taxonomy":"product_brand","embeddable":true,"href":"https:\/\/pavillonchassepeche.ca\/en\/wp-json\/wp\/v2\/product_brand?post=74701"},{"taxonomy":"product_cat","embeddable":true,"href":"https:\/\/pavillonchassepeche.ca\/en\/wp-json\/wp\/v2\/product_cat?post=74701"},{"taxonomy":"product_tag","embeddable":true,"href":"https:\/\/pavillonchassepeche.ca\/en\/wp-json\/wp\/v2\/product_tag?post=74701"}],"curies":[{"name":"wp","href":"https:\/\/api.w.org\/{rel}","templated":true}]}}