{"id":74457,"date":"2025-04-18T14:01:03","date_gmt":"2025-04-18T18:01:03","guid":{"rendered":"https:\/\/pavillonchassepeche.ca\/?post_type=product&#038;p=74457"},"modified":"2026-02-26T14:28:31","modified_gmt":"2026-02-26T19:28:31","slug":"scotty-mini-downrigger-laketroller-1071","status":"publish","type":"product","link":"https:\/\/pavillonchassepeche.ca\/en\/product\/scotty-mini-downrigger-laketroller-1071\/","title":{"rendered":"SCOTTY MINI DOWNRIGGER LAKETROLLER #1071"},"content":{"rendered":"<p data-start=\"161\" data-end=\"649\">Le <strong data-start=\"164\" data-end=\"208\">Scotty Mini Downrigger Laketroller #1071<\/strong> est un downrigger compact, robuste et abordable, con\u00e7u sp\u00e9cialement pour les petits bateaux. Facile \u00e0 installer gr\u00e2ce \u00e0 sa pince en aluminium anodis\u00e9 enti\u00e8rement portable, il peut se fixer au canon ou au tableau arri\u00e8re selon vos besoins. Sa construction en acier inoxydable et nylon assure durabilit\u00e9 et r\u00e9sistance \u00e0 la corrosion, tandis que son frein de tra\u00een\u00e9e int\u00e9gr\u00e9 et le d\u00e9gagement Scotty garantissent un contr\u00f4le pr\u00e9cis de la ligne.<\/p>\n<hr data-start=\"651\" data-end=\"654\" \/>\n<h3 data-start=\"656\" data-end=\"680\">Caract\u00e9ristiques :<\/h3>\n<ul data-start=\"681\" data-end=\"1064\">\n<li data-start=\"681\" data-end=\"744\">\n<p data-start=\"683\" data-end=\"744\">Livr\u00e9 avec pince en aluminium anodis\u00e9 pour montage portable<\/p>\n<\/li>\n<li data-start=\"745\" data-end=\"795\">\n<p data-start=\"747\" data-end=\"795\">Construction acier inoxydable et nylon durable<\/p>\n<\/li>\n<li data-start=\"796\" data-end=\"849\">\n<p data-start=\"798\" data-end=\"849\">Frein de tra\u00een\u00e9e int\u00e9gr\u00e9 pour un contr\u00f4le optimal<\/p>\n<\/li>\n<li data-start=\"850\" data-end=\"896\">\n<p data-start=\"852\" data-end=\"896\">D\u00e9gagement Scotty pour une s\u00e9curit\u00e9 accrue<\/p>\n<\/li>\n<li data-start=\"897\" data-end=\"966\">\n<p data-start=\"899\" data-end=\"966\">Support sp\u00e9cial adaptable \u00e0 diff\u00e9rentes configurations de bateaux<\/p>\n<\/li>\n<li data-start=\"967\" data-end=\"1016\">\n<p data-start=\"969\" data-end=\"1016\">100 pieds de c\u00e2ble en acier inoxydable tress\u00e9<\/p>\n<\/li>\n<li data-start=\"1017\" data-end=\"1064\">\n<p data-start=\"1019\" data-end=\"1064\">Recommand\u00e9 pour des poids inf\u00e9rieurs \u00e0 5 lb<\/p>\n<\/li>\n<\/ul>\n<hr data-start=\"1066\" data-end=\"1069\" \/>\n<h3 data-start=\"1071\" data-end=\"1104\">Sp\u00e9cifications techniques :<\/h3>\n<ul data-start=\"1105\" data-end=\"1266\">\n<li data-start=\"1105\" data-end=\"1135\">\n<p data-start=\"1107\" data-end=\"1135\">Mod\u00e8le : Laketroller #1071<\/p>\n<\/li>\n<li data-start=\"1136\" data-end=\"1189\">\n<p data-start=\"1138\" data-end=\"1189\">Usage : id\u00e9al pour petits bateaux et p\u00eache l\u00e9g\u00e8re<\/p>\n<\/li>\n<li data-start=\"1190\" data-end=\"1219\">\n<p data-start=\"1192\" data-end=\"1219\">Poids recommand\u00e9 : &lt; 5 lb<\/p>\n<\/li>\n<li data-start=\"1220\" data-end=\"1266\">\n<p data-start=\"1222\" data-end=\"1266\">C\u00e2ble : acier inoxydable tress\u00e9, 100 pieds<\/p>\n<\/li>\n<\/ul>\n","protected":false},"excerpt":{"rendered":"<p>Le Scotty Mini Downrigger Laketroller #1071 est un downrigger compact, robuste et abordable, con\u00e7u sp\u00e9cialement pour les petits bateaux. Facile \u00e0 installer gr\u00e2ce \u00e0 sa pince en aluminium anodis\u00e9 enti\u00e8rement portable, il peut se fixer au canon ou au tableau arri\u00e8re selon vos besoins. Sa construction en acier inoxydable et nylon assure durabilit\u00e9 et r\u00e9sistance [&hellip;]<\/p>\n","protected":false},"featured_media":74455,"comment_status":"open","ping_status":"closed","template":"","meta":{"_acf_changed":false,"pagelayer_contact_templates":[],"_pagelayer_content":""},"product_brand":[],"product_cat":[153,181,1063,144],"product_tag":[270,394],"class_list":{"0":"post-74457","1":"product","2":"type-product","3":"status-publish","4":"has-post-thumbnail","6":"product_cat-peche-accessoires-de-peche","7":"product_cat-peche-electronique-nautique","8":"product_cat-liquidation","9":"product_cat-peche","10":"product_tag-ktl","11":"product_tag-scotty","13":"first","14":"instock","15":"sale","16":"taxable","17":"shipping-taxable","18":"purchasable","19":"product-type-simple"},"acf":[],"jetpack_sharing_enabled":true,"_links":{"self":[{"href":"https:\/\/pavillonchassepeche.ca\/en\/wp-json\/wp\/v2\/product\/74457","targetHints":{"allow":["GET"]}}],"collection":[{"href":"https:\/\/pavillonchassepeche.ca\/en\/wp-json\/wp\/v2\/product"}],"about":[{"href":"https:\/\/pavillonchassepeche.ca\/en\/wp-json\/wp\/v2\/types\/product"}],"replies":[{"embeddable":true,"href":"https:\/\/pavillonchassepeche.ca\/en\/wp-json\/wp\/v2\/comments?post=74457"}],"version-history":[{"count":2,"href":"https:\/\/pavillonchassepeche.ca\/en\/wp-json\/wp\/v2\/product\/74457\/revisions"}],"predecessor-version":[{"id":88498,"href":"https:\/\/pavillonchassepeche.ca\/en\/wp-json\/wp\/v2\/product\/74457\/revisions\/88498"}],"wp:featuredmedia":[{"embeddable":true,"href":"https:\/\/pavillonchassepeche.ca\/en\/wp-json\/wp\/v2\/media\/74455"}],"wp:attachment":[{"href":"https:\/\/pavillonchassepeche.ca\/en\/wp-json\/wp\/v2\/media?parent=74457"}],"wp:term":[{"taxonomy":"product_brand","embeddable":true,"href":"https:\/\/pavillonchassepeche.ca\/en\/wp-json\/wp\/v2\/product_brand?post=74457"},{"taxonomy":"product_cat","embeddable":true,"href":"https:\/\/pavillonchassepeche.ca\/en\/wp-json\/wp\/v2\/product_cat?post=74457"},{"taxonomy":"product_tag","embeddable":true,"href":"https:\/\/pavillonchassepeche.ca\/en\/wp-json\/wp\/v2\/product_tag?post=74457"}],"curies":[{"name":"wp","href":"https:\/\/api.w.org\/{rel}","templated":true}]}}