{"id":74454,"date":"2025-04-18T14:00:56","date_gmt":"2025-04-18T18:00:56","guid":{"rendered":"https:\/\/pavillonchassepeche.ca\/?post_type=product&#038;p=74454"},"modified":"2026-02-26T11:03:35","modified_gmt":"2026-02-26T16:03:35","slug":"olympia-lampe-de-poche-tactique-500-lumens","status":"publish","type":"product","link":"https:\/\/pavillonchassepeche.ca\/en\/product\/olympia-lampe-de-poche-tactique-500-lumens\/","title":{"rendered":"OLYMPIA LAMPE DE POCHE TACTIQUE 500 LUMENS"},"content":{"rendered":"<p data-start=\"127\" data-end=\"578\">La <strong data-start=\"130\" data-end=\"176\">lampe de poche tactique Olympia 500 lumens<\/strong> est un outil polyvalent et puissant, id\u00e9al pour les activit\u00e9s de plein air, la chasse, le camping ou les situations d\u2019urgence. Compacte et robuste, elle offre un faisceau lumineux intense de 500 lumens qui \u00e9claire efficacement les zones sombres. Sa conception tactique comprend un bo\u00eetier r\u00e9sistant aux chocs et \u00e0 l\u2019eau, ainsi qu\u2019un interrupteur facile d\u2019acc\u00e8s pour une utilisation rapide et pratique.<\/p>\n<p data-start=\"580\" data-end=\"604\"><strong data-start=\"580\" data-end=\"602\">Caract\u00e9ristiques :<\/strong><\/p>\n<ul data-start=\"605\" data-end=\"902\">\n<li data-start=\"605\" data-end=\"642\">\n<p data-start=\"607\" data-end=\"642\">Puissance lumineuse de 500 lumens<\/p>\n<\/li>\n<li data-start=\"643\" data-end=\"701\">\n<p data-start=\"645\" data-end=\"701\">Bo\u00eetier durable, r\u00e9sistant aux chocs et \u00e0 l\u2019eau (IPX4)<\/p>\n<\/li>\n<li data-start=\"702\" data-end=\"740\">\n<p data-start=\"704\" data-end=\"740\">Conception compacte et ergonomique<\/p>\n<\/li>\n<li data-start=\"741\" data-end=\"798\">\n<p data-start=\"743\" data-end=\"798\">Mode d\u2019\u00e9clairage variable (fort, faible, stroboscope)<\/p>\n<\/li>\n<li data-start=\"799\" data-end=\"845\">\n<p data-start=\"801\" data-end=\"845\">Interrupteur tactique pour un acc\u00e8s rapide<\/p>\n<\/li>\n<li data-start=\"846\" data-end=\"902\">\n<p data-start=\"848\" data-end=\"902\">Aliment\u00e9e par piles standards (AA ou AAA selon mod\u00e8le)<\/p>\n<\/li>\n<\/ul>\n<p data-start=\"904\" data-end=\"937\"><strong data-start=\"904\" data-end=\"935\">Sp\u00e9cifications techniques :<\/strong><\/p>\n<ul data-start=\"938\" data-end=\"1215\">\n<li data-start=\"938\" data-end=\"958\">\n<p data-start=\"940\" data-end=\"958\">Marque : Olympia<\/p>\n<\/li>\n<li data-start=\"959\" data-end=\"1006\">\n<p data-start=\"961\" data-end=\"1006\">Mod\u00e8le : Lampe de poche tactique 500 lumens<\/p>\n<\/li>\n<li data-start=\"1007\" data-end=\"1045\">\n<p data-start=\"1009\" data-end=\"1045\">Type : Lampe de poche LED tactique<\/p>\n<\/li>\n<li data-start=\"1046\" data-end=\"1072\">\n<p data-start=\"1048\" data-end=\"1072\">Puissance : 500 lumens<\/p>\n<\/li>\n<li data-start=\"1073\" data-end=\"1119\">\n<p data-start=\"1075\" data-end=\"1119\">R\u00e9sistance : Chocs et \u00e9claboussures (IPX4)<\/p>\n<\/li>\n<li data-start=\"1120\" data-end=\"1169\">\n<p data-start=\"1122\" data-end=\"1169\">Alimentation : Piles AA ou AAA (non incluses)<\/p>\n<\/li>\n<li data-start=\"1170\" data-end=\"1215\">\n<p data-start=\"1172\" data-end=\"1215\">Usage : Plein air, chasse, camping, urgence<\/p>\n<\/li>\n<\/ul>\n","protected":false},"excerpt":{"rendered":"<p>La lampe de poche tactique Olympia 500 lumens est un outil polyvalent et puissant, id\u00e9al pour les activit\u00e9s de plein air, la chasse, le camping ou les situations d\u2019urgence. Compacte et robuste, elle offre un faisceau lumineux intense de 500 lumens qui \u00e9claire efficacement les zones sombres. Sa conception tactique comprend un bo\u00eetier r\u00e9sistant aux [&hellip;]<\/p>\n","protected":false},"featured_media":74452,"comment_status":"open","ping_status":"closed","template":"","meta":{"_acf_changed":false,"pagelayer_contact_templates":[],"_pagelayer_content":""},"product_brand":[],"product_cat":[1109,110],"product_tag":[278],"class_list":{"0":"post-74454","1":"product","2":"type-product","3":"status-publish","4":"has-post-thumbnail","6":"product_cat-plein-air-eclairage-electronique","7":"product_cat-plein-air","8":"product_tag-olympia","10":"first","11":"instock","12":"taxable","13":"shipping-taxable","14":"purchasable","15":"product-type-simple"},"acf":[],"jetpack_sharing_enabled":true,"_links":{"self":[{"href":"https:\/\/pavillonchassepeche.ca\/en\/wp-json\/wp\/v2\/product\/74454","targetHints":{"allow":["GET"]}}],"collection":[{"href":"https:\/\/pavillonchassepeche.ca\/en\/wp-json\/wp\/v2\/product"}],"about":[{"href":"https:\/\/pavillonchassepeche.ca\/en\/wp-json\/wp\/v2\/types\/product"}],"replies":[{"embeddable":true,"href":"https:\/\/pavillonchassepeche.ca\/en\/wp-json\/wp\/v2\/comments?post=74454"}],"version-history":[{"count":2,"href":"https:\/\/pavillonchassepeche.ca\/en\/wp-json\/wp\/v2\/product\/74454\/revisions"}],"predecessor-version":[{"id":85799,"href":"https:\/\/pavillonchassepeche.ca\/en\/wp-json\/wp\/v2\/product\/74454\/revisions\/85799"}],"wp:featuredmedia":[{"embeddable":true,"href":"https:\/\/pavillonchassepeche.ca\/en\/wp-json\/wp\/v2\/media\/74452"}],"wp:attachment":[{"href":"https:\/\/pavillonchassepeche.ca\/en\/wp-json\/wp\/v2\/media?parent=74454"}],"wp:term":[{"taxonomy":"product_brand","embeddable":true,"href":"https:\/\/pavillonchassepeche.ca\/en\/wp-json\/wp\/v2\/product_brand?post=74454"},{"taxonomy":"product_cat","embeddable":true,"href":"https:\/\/pavillonchassepeche.ca\/en\/wp-json\/wp\/v2\/product_cat?post=74454"},{"taxonomy":"product_tag","embeddable":true,"href":"https:\/\/pavillonchassepeche.ca\/en\/wp-json\/wp\/v2\/product_tag?post=74454"}],"curies":[{"name":"wp","href":"https:\/\/api.w.org\/{rel}","templated":true}]}}