{"id":74434,"date":"2025-04-18T14:00:20","date_gmt":"2025-04-18T18:00:20","guid":{"rendered":"https:\/\/pavillonchassepeche.ca\/?post_type=product&#038;p=74434"},"modified":"2025-05-22T14:21:40","modified_gmt":"2025-05-22T18:21:40","slug":"stevens-fusil-555-20ga-bois","status":"publish","type":"product","link":"https:\/\/pavillonchassepeche.ca\/en\/product\/stevens-fusil-555-20ga-bois\/","title":{"rendered":"STEVENS FUSIL 555 20GA. BOIS"},"content":{"rendered":"<p data-start=\"110\" data-end=\"173\"><strong data-start=\"110\" data-end=\"173\">Stevens Fusil 555 \u2013 Fusil calibre 20 gauge, canon 26 pouces<\/strong><\/p>\n<p data-start=\"175\" data-end=\"470\">Le Stevens Fusil 555 est un fusil \u00e0 double canon superpos\u00e9, con\u00e7u pour la chasse au petit gibier et le tir sportif. Avec son calibre 20 gauge et son canon de 26 pouces, il offre un bon \u00e9quilibre entre puissance et maniabilit\u00e9, id\u00e9al pour les chasseurs recherchant une arme fiable et confortable.<\/p>\n<p data-start=\"472\" data-end=\"651\">Sa crosse en bois classique assure une prise en main confortable et un look traditionnel, tandis que son m\u00e9canisme \u00e0 simple d\u00e9tente garantit une utilisation fluide et s\u00e9curitaire.<\/p>\n<p data-start=\"653\" data-end=\"689\"><strong data-start=\"653\" data-end=\"687\">Caract\u00e9ristiques principales :<\/strong><\/p>\n<ul data-start=\"690\" data-end=\"990\">\n<li data-start=\"690\" data-end=\"712\">\n<p data-start=\"692\" data-end=\"712\">Calibre : 20 gauge<\/p>\n<\/li>\n<li data-start=\"713\" data-end=\"754\">\n<p data-start=\"715\" data-end=\"754\">Longueur du canon : 26 pouces (66 cm)<\/p>\n<\/li>\n<li data-start=\"755\" data-end=\"796\">\n<p data-start=\"757\" data-end=\"796\">Type : fusil \u00e0 double canon superpos\u00e9<\/p>\n<\/li>\n<li data-start=\"797\" data-end=\"847\">\n<p data-start=\"799\" data-end=\"847\">Crosse : bois traditionnel, finition naturelle<\/p>\n<\/li>\n<li data-start=\"848\" data-end=\"874\">\n<p data-start=\"850\" data-end=\"874\">Poids : environ 2,7 kg<\/p>\n<\/li>\n<li data-start=\"875\" data-end=\"908\">\n<p data-start=\"877\" data-end=\"908\">S\u00e9curit\u00e9 : manuelle, int\u00e9gr\u00e9e<\/p>\n<\/li>\n<li data-start=\"909\" data-end=\"956\">\n<p data-start=\"911\" data-end=\"956\">Usage : chasse au petit gibier, tir sportif<\/p>\n<\/li>\n<li data-start=\"957\" data-end=\"990\">\n<p data-start=\"959\" data-end=\"990\">Design : classique et robuste<\/p>\n<\/li>\n<\/ul>\n<p data-start=\"992\" data-end=\"1025\"><strong data-start=\"992\" data-end=\"1023\">Sp\u00e9cifications techniques :<\/strong><\/p>\n<ul data-start=\"1026\" data-end=\"1191\">\n<li data-start=\"1026\" data-end=\"1048\">\n<p data-start=\"1028\" data-end=\"1048\">Calibre : 20 gauge<\/p>\n<\/li>\n<li data-start=\"1049\" data-end=\"1082\">\n<p data-start=\"1051\" data-end=\"1082\">Longueur du canon : 26 pouces<\/p>\n<\/li>\n<li data-start=\"1083\" data-end=\"1109\">\n<p data-start=\"1085\" data-end=\"1109\">Poids : environ 2,7 kg<\/p>\n<\/li>\n<li data-start=\"1110\" data-end=\"1143\">\n<p data-start=\"1112\" data-end=\"1143\">Type : double canon superpos\u00e9<\/p>\n<\/li>\n<li data-start=\"1144\" data-end=\"1169\">\n<p data-start=\"1146\" data-end=\"1169\">Crosse : bois naturel<\/p>\n<\/li>\n<li data-start=\"1170\" data-end=\"1191\">\n<p data-start=\"1172\" data-end=\"1191\">S\u00e9curit\u00e9 : manuelle<\/p>\n<\/li>\n<\/ul>\n","protected":false},"excerpt":{"rendered":"<p>Stevens Fusil 555 \u2013 Fusil calibre 20 gauge, canon 26 pouces Le Stevens Fusil 555 est un fusil \u00e0 double canon superpos\u00e9, con\u00e7u pour la chasse au petit gibier et le tir sportif. Avec son calibre 20 gauge et son canon de 26 pouces, il offre un bon \u00e9quilibre entre puissance et maniabilit\u00e9, id\u00e9al pour [&hellip;]<\/p>\n","protected":false},"featured_media":84346,"comment_status":"open","ping_status":"closed","template":"","meta":{"_acf_changed":false,"pagelayer_contact_templates":[],"_pagelayer_content":""},"product_brand":[],"product_cat":[63,21,67],"product_tag":[270,342],"class_list":{"0":"post-74434","1":"product","2":"type-product","3":"status-publish","4":"has-post-thumbnail","6":"product_cat-armes-a-feu","7":"product_cat-chasse","8":"product_cat-armes-a-feu-fusils","9":"product_tag-ktl","10":"product_tag-savage","12":"first","13":"instock","14":"taxable","15":"shipping-taxable","16":"purchasable","17":"product-type-simple"},"acf":[],"jetpack_sharing_enabled":true,"_links":{"self":[{"href":"https:\/\/pavillonchassepeche.ca\/en\/wp-json\/wp\/v2\/product\/74434","targetHints":{"allow":["GET"]}}],"collection":[{"href":"https:\/\/pavillonchassepeche.ca\/en\/wp-json\/wp\/v2\/product"}],"about":[{"href":"https:\/\/pavillonchassepeche.ca\/en\/wp-json\/wp\/v2\/types\/product"}],"replies":[{"embeddable":true,"href":"https:\/\/pavillonchassepeche.ca\/en\/wp-json\/wp\/v2\/comments?post=74434"}],"version-history":[{"count":2,"href":"https:\/\/pavillonchassepeche.ca\/en\/wp-json\/wp\/v2\/product\/74434\/revisions"}],"predecessor-version":[{"id":84348,"href":"https:\/\/pavillonchassepeche.ca\/en\/wp-json\/wp\/v2\/product\/74434\/revisions\/84348"}],"wp:featuredmedia":[{"embeddable":true,"href":"https:\/\/pavillonchassepeche.ca\/en\/wp-json\/wp\/v2\/media\/84346"}],"wp:attachment":[{"href":"https:\/\/pavillonchassepeche.ca\/en\/wp-json\/wp\/v2\/media?parent=74434"}],"wp:term":[{"taxonomy":"product_brand","embeddable":true,"href":"https:\/\/pavillonchassepeche.ca\/en\/wp-json\/wp\/v2\/product_brand?post=74434"},{"taxonomy":"product_cat","embeddable":true,"href":"https:\/\/pavillonchassepeche.ca\/en\/wp-json\/wp\/v2\/product_cat?post=74434"},{"taxonomy":"product_tag","embeddable":true,"href":"https:\/\/pavillonchassepeche.ca\/en\/wp-json\/wp\/v2\/product_tag?post=74434"}],"curies":[{"name":"wp","href":"https:\/\/api.w.org\/{rel}","templated":true}]}}