{"id":74291,"date":"2025-04-18T13:57:41","date_gmt":"2025-04-18T17:57:41","guid":{"rendered":"https:\/\/pavillonchassepeche.ca\/?post_type=product&#038;p=74291"},"modified":"2026-01-24T11:09:12","modified_gmt":"2026-01-24T16:09:12","slug":"nxs-death-shad-5-watermelon-red-6","status":"publish","type":"product","link":"https:\/\/pavillonchassepeche.ca\/en\/product\/nxs-death-shad-5-watermelon-red-6\/","title":{"rendered":"NXS DEATH SHAD 5&#8221; WATERMELON RED (6)"},"content":{"rendered":"<p data-start=\"122\" data-end=\"653\">Le <strong data-start=\"125\" data-end=\"147\">NXS Death Shad 5\u2019\u2019<\/strong> en couleur <strong data-start=\"159\" data-end=\"177\">Watermelon Red<\/strong> est un leurre souple con\u00e7u pour s\u00e9duire les carnassiers les plus m\u00e9fiants. Sa silhouette r\u00e9aliste combin\u00e9e \u00e0 une action de nage naturelle en fait un choix parfait pour la p\u00eache du brochet, du maskinong\u00e9, du dor\u00e9 et autres pr\u00e9dateurs d\u2019eau douce. Sa taille de 5 pouces permet une pr\u00e9sentation \u00e9quilibr\u00e9e, id\u00e9ale pour d\u00e9clencher des attaques agressives. Ce leurre polyvalent peut \u00eatre utilis\u00e9 avec diverses techniques, que ce soit en lancer-ramener, en jigging ou en texas rig.<\/p>\n<p data-start=\"655\" data-end=\"679\"><strong data-start=\"655\" data-end=\"677\">Caract\u00e9ristiques :<\/strong><\/p>\n<ul data-start=\"680\" data-end=\"941\">\n<li data-start=\"680\" data-end=\"726\">\n<p data-start=\"682\" data-end=\"726\">Leurre souple avec action de nage r\u00e9aliste<\/p>\n<\/li>\n<li data-start=\"727\" data-end=\"790\">\n<p data-start=\"729\" data-end=\"790\">Couleur Watermelon Red efficace en eaux claires et teint\u00e9es<\/p>\n<\/li>\n<li data-start=\"791\" data-end=\"858\">\n<p data-start=\"793\" data-end=\"858\">Parfait pour brochets, dor\u00e9s, maskinong\u00e9s et autres carnassiers<\/p>\n<\/li>\n<li data-start=\"859\" data-end=\"908\">\n<p data-start=\"861\" data-end=\"908\">Compatible avec plusieurs techniques de p\u00eache<\/p>\n<\/li>\n<li data-start=\"909\" data-end=\"941\">\n<p data-start=\"911\" data-end=\"941\">Lot de 6 leurres par emballage<\/p>\n<\/li>\n<\/ul>\n<p data-start=\"943\" data-end=\"976\"><strong data-start=\"943\" data-end=\"974\">Sp\u00e9cifications techniques :<\/strong><\/p>\n<ul data-start=\"977\" data-end=\"1115\">\n<li data-start=\"977\" data-end=\"1010\">\n<p data-start=\"979\" data-end=\"1010\">Longueur : 5 pouces (12,7 cm)<\/p>\n<\/li>\n<li data-start=\"1011\" data-end=\"1046\">\n<p data-start=\"1013\" data-end=\"1046\">Quantit\u00e9 : 6 leurres par paquet<\/p>\n<\/li>\n<li data-start=\"1047\" data-end=\"1071\">\n<p data-start=\"1049\" data-end=\"1071\">Type : Leurre souple<\/p>\n<\/li>\n<li data-start=\"1072\" data-end=\"1100\">\n<p data-start=\"1074\" data-end=\"1100\">Couleur : Watermelon Red<\/p>\n<\/li>\n<li data-start=\"1101\" data-end=\"1115\">\n<p data-start=\"1103\" data-end=\"1115\">Marque : NXS<\/p>\n<\/li>\n<\/ul>\n","protected":false},"excerpt":{"rendered":"<p>Le NXS Death Shad 5\u2019\u2019 en couleur Watermelon Red est un leurre souple con\u00e7u pour s\u00e9duire les carnassiers les plus m\u00e9fiants. Sa silhouette r\u00e9aliste combin\u00e9e \u00e0 une action de nage naturelle en fait un choix parfait pour la p\u00eache du brochet, du maskinong\u00e9, du dor\u00e9 et autres pr\u00e9dateurs d\u2019eau douce. Sa taille de 5 pouces [&hellip;]<\/p>\n","protected":false},"featured_media":74289,"comment_status":"open","ping_status":"closed","template":"","meta":{"_acf_changed":false,"pagelayer_contact_templates":[],"_pagelayer_content":""},"product_brand":[],"product_cat":[146,144],"product_tag":[346],"class_list":{"0":"post-74291","1":"product","2":"type-product","3":"status-publish","4":"has-post-thumbnail","6":"product_cat-peche-leurres-appats","7":"product_cat-peche","8":"product_tag-nxs","10":"first","11":"instock","12":"taxable","13":"shipping-taxable","14":"purchasable","15":"product-type-simple"},"acf":[],"jetpack_sharing_enabled":true,"_links":{"self":[{"href":"https:\/\/pavillonchassepeche.ca\/en\/wp-json\/wp\/v2\/product\/74291","targetHints":{"allow":["GET"]}}],"collection":[{"href":"https:\/\/pavillonchassepeche.ca\/en\/wp-json\/wp\/v2\/product"}],"about":[{"href":"https:\/\/pavillonchassepeche.ca\/en\/wp-json\/wp\/v2\/types\/product"}],"replies":[{"embeddable":true,"href":"https:\/\/pavillonchassepeche.ca\/en\/wp-json\/wp\/v2\/comments?post=74291"}],"version-history":[{"count":2,"href":"https:\/\/pavillonchassepeche.ca\/en\/wp-json\/wp\/v2\/product\/74291\/revisions"}],"predecessor-version":[{"id":85907,"href":"https:\/\/pavillonchassepeche.ca\/en\/wp-json\/wp\/v2\/product\/74291\/revisions\/85907"}],"wp:featuredmedia":[{"embeddable":true,"href":"https:\/\/pavillonchassepeche.ca\/en\/wp-json\/wp\/v2\/media\/74289"}],"wp:attachment":[{"href":"https:\/\/pavillonchassepeche.ca\/en\/wp-json\/wp\/v2\/media?parent=74291"}],"wp:term":[{"taxonomy":"product_brand","embeddable":true,"href":"https:\/\/pavillonchassepeche.ca\/en\/wp-json\/wp\/v2\/product_brand?post=74291"},{"taxonomy":"product_cat","embeddable":true,"href":"https:\/\/pavillonchassepeche.ca\/en\/wp-json\/wp\/v2\/product_cat?post=74291"},{"taxonomy":"product_tag","embeddable":true,"href":"https:\/\/pavillonchassepeche.ca\/en\/wp-json\/wp\/v2\/product_tag?post=74291"}],"curies":[{"name":"wp","href":"https:\/\/api.w.org\/{rel}","templated":true}]}}