{"id":74277,"date":"2025-04-18T13:57:11","date_gmt":"2025-04-18T17:57:11","guid":{"rendered":"https:\/\/pavillonchassepeche.ca\/?post_type=product&#038;p=74277"},"modified":"2026-04-12T10:58:20","modified_gmt":"2026-04-12T14:58:20","slug":"nxs-mega-sofbaits-3-orange-glow","status":"publish","type":"product","link":"https:\/\/pavillonchassepeche.ca\/en\/product\/nxs-mega-sofbaits-3-orange-glow\/","title":{"rendered":"NXS MEGA SOFBAITS 3&#8242; ORANGE GLOW"},"content":{"rendered":"<p data-start=\"96\" data-end=\"702\">Le <strong data-start=\"99\" data-end=\"135\">NXS Mega Sofbaits 3&#8243; Orange Glow<\/strong> est un leurre souple con\u00e7u pour attirer les poissons dans des conditions de faible luminosit\u00e9 gr\u00e2ce \u00e0 sa couleur orange phosphorescente. Sa taille de 3 pouces en fait un app\u00e2t id\u00e9al pour la p\u00eache \u00e0 l\u2019achigan, au dor\u00e9 et autres carnassiers d\u2019eau douce. Sa texture souple et flexible imite parfaitement les proies naturelles, tandis que sa capacit\u00e9 \u00e0 briller dans l\u2019obscurit\u00e9 augmente sa visibilit\u00e9 dans les eaux troubles ou profondes. Parfait pour les p\u00eacheurs qui cherchent \u00e0 maximiser leurs prises lors des sorties matinales, en fin de journ\u00e9e ou par temps couvert.<\/p>\n<hr data-start=\"704\" data-end=\"707\" \/>\n<p data-start=\"709\" data-end=\"733\"><strong data-start=\"709\" data-end=\"731\">Caract\u00e9ristiques :<\/strong><\/p>\n<ul data-start=\"734\" data-end=\"956\">\n<li data-start=\"734\" data-end=\"766\">\n<p data-start=\"736\" data-end=\"766\">Longueur : 3 pouces (7,6 cm)<\/p>\n<\/li>\n<li data-start=\"767\" data-end=\"809\">\n<p data-start=\"769\" data-end=\"809\">Couleur : Orange phosphorescent (Glow)<\/p>\n<\/li>\n<li data-start=\"810\" data-end=\"840\">\n<p data-start=\"812\" data-end=\"840\">Texture souple et r\u00e9aliste<\/p>\n<\/li>\n<li data-start=\"841\" data-end=\"904\">\n<p data-start=\"843\" data-end=\"904\">Id\u00e9al pour la p\u00eache \u00e0 l\u2019achigan, dor\u00e9 et autres carnassiers<\/p>\n<\/li>\n<li data-start=\"905\" data-end=\"956\">\n<p data-start=\"907\" data-end=\"956\">Optimis\u00e9 pour les conditions de faible luminosit\u00e9<\/p>\n<\/li>\n<\/ul>\n<hr data-start=\"958\" data-end=\"961\" \/>\n<p data-start=\"963\" data-end=\"996\"><strong data-start=\"963\" data-end=\"994\">Sp\u00e9cifications techniques :<\/strong><\/p>\n<ul data-start=\"997\" data-end=\"1144\">\n<li data-start=\"997\" data-end=\"1018\">\n<p data-start=\"999\" data-end=\"1018\">Taille : 3 pouces<\/p>\n<\/li>\n<li data-start=\"1019\" data-end=\"1043\">\n<p data-start=\"1021\" data-end=\"1043\">Type : Leurre souple<\/p>\n<\/li>\n<li data-start=\"1044\" data-end=\"1069\">\n<p data-start=\"1046\" data-end=\"1069\">Couleur : Orange Glow<\/p>\n<\/li>\n<li data-start=\"1070\" data-end=\"1144\">\n<p data-start=\"1072\" data-end=\"1144\">Usage recommand\u00e9 : P\u00eache en eau douce, conditions sombres ou eau trouble<\/p>\n<\/li>\n<\/ul>\n","protected":false},"excerpt":{"rendered":"<p>Le NXS Mega Sofbaits 3&#8243; Orange Glow est un leurre souple con\u00e7u pour attirer les poissons dans des conditions de faible luminosit\u00e9 gr\u00e2ce \u00e0 sa couleur orange phosphorescente. Sa taille de 3 pouces en fait un app\u00e2t id\u00e9al pour la p\u00eache \u00e0 l\u2019achigan, au dor\u00e9 et autres carnassiers d\u2019eau douce. Sa texture souple et flexible [&hellip;]<\/p>\n","protected":false},"featured_media":74275,"comment_status":"open","ping_status":"closed","template":"","meta":{"_acf_changed":false,"pagelayer_contact_templates":[],"_pagelayer_content":""},"product_brand":[],"product_cat":[146,144],"product_tag":[279],"class_list":{"0":"post-74277","1":"product","2":"type-product","3":"status-publish","4":"has-post-thumbnail","6":"product_cat-peche-leurres-appats","7":"product_cat-peche","8":"product_tag-gfw","10":"first","11":"instock","12":"taxable","13":"shipping-taxable","14":"purchasable","15":"product-type-simple"},"acf":[],"jetpack_sharing_enabled":true,"_links":{"self":[{"href":"https:\/\/pavillonchassepeche.ca\/en\/wp-json\/wp\/v2\/product\/74277","targetHints":{"allow":["GET"]}}],"collection":[{"href":"https:\/\/pavillonchassepeche.ca\/en\/wp-json\/wp\/v2\/product"}],"about":[{"href":"https:\/\/pavillonchassepeche.ca\/en\/wp-json\/wp\/v2\/types\/product"}],"replies":[{"embeddable":true,"href":"https:\/\/pavillonchassepeche.ca\/en\/wp-json\/wp\/v2\/comments?post=74277"}],"version-history":[{"count":2,"href":"https:\/\/pavillonchassepeche.ca\/en\/wp-json\/wp\/v2\/product\/74277\/revisions"}],"predecessor-version":[{"id":85831,"href":"https:\/\/pavillonchassepeche.ca\/en\/wp-json\/wp\/v2\/product\/74277\/revisions\/85831"}],"wp:featuredmedia":[{"embeddable":true,"href":"https:\/\/pavillonchassepeche.ca\/en\/wp-json\/wp\/v2\/media\/74275"}],"wp:attachment":[{"href":"https:\/\/pavillonchassepeche.ca\/en\/wp-json\/wp\/v2\/media?parent=74277"}],"wp:term":[{"taxonomy":"product_brand","embeddable":true,"href":"https:\/\/pavillonchassepeche.ca\/en\/wp-json\/wp\/v2\/product_brand?post=74277"},{"taxonomy":"product_cat","embeddable":true,"href":"https:\/\/pavillonchassepeche.ca\/en\/wp-json\/wp\/v2\/product_cat?post=74277"},{"taxonomy":"product_tag","embeddable":true,"href":"https:\/\/pavillonchassepeche.ca\/en\/wp-json\/wp\/v2\/product_tag?post=74277"}],"curies":[{"name":"wp","href":"https:\/\/api.w.org\/{rel}","templated":true}]}}