{"id":74266,"date":"2025-04-18T13:57:00","date_gmt":"2025-04-18T17:57:00","guid":{"rendered":"https:\/\/pavillonchassepeche.ca\/?post_type=product&#038;p=74266"},"modified":"2026-02-26T11:04:51","modified_gmt":"2026-02-26T16:04:51","slug":"thermacell-recharge-120-hcartouche-et-plaquettes-de-butane","status":"publish","type":"product","link":"https:\/\/pavillonchassepeche.ca\/en\/product\/thermacell-recharge-120-hcartouche-et-plaquettes-de-butane\/","title":{"rendered":"THERMACELL RECHARGE 120 hCARTOUCHE ET PLAQUETTES DE BUTANE"},"content":{"rendered":"<p data-start=\"146\" data-end=\"670\">La <strong data-start=\"149\" data-end=\"183\">recharge Thermacell 120 heures<\/strong> comprend des <strong data-start=\"197\" data-end=\"250\">cartouches de butane et des plaquettes r\u00e9pulsives<\/strong>, con\u00e7ues pour offrir une <strong data-start=\"276\" data-end=\"333\">protection continue et efficace contre les moustiques<\/strong>. Compatible avec la majorit\u00e9 des appareils portables Thermacell (sauf Radius), cette recharge cr\u00e9e une <strong data-start=\"437\" data-end=\"479\">zone de protection sans odeur ni fum\u00e9e<\/strong>, parfaite pour le camping, la chasse, la p\u00eache ou les soir\u00e9es en plein air. Facile \u00e0 utiliser, elle vous permet de profiter de vos activit\u00e9s ext\u00e9rieures sans \u00eatre importun\u00e9 par les insectes.<\/p>\n<p data-start=\"672\" data-end=\"696\"><strong data-start=\"672\" data-end=\"694\">Caract\u00e9ristiques :<\/strong><\/p>\n<ul data-start=\"697\" data-end=\"1012\">\n<li data-start=\"697\" data-end=\"749\">\n<p data-start=\"699\" data-end=\"749\">Jusqu\u2019\u00e0 120 heures de protection anti-moustiques<\/p>\n<\/li>\n<li data-start=\"750\" data-end=\"816\">\n<p data-start=\"752\" data-end=\"816\">Contient des cartouches de butane et des plaquettes r\u00e9pulsives<\/p>\n<\/li>\n<li data-start=\"817\" data-end=\"871\">\n<p data-start=\"819\" data-end=\"871\">Cr\u00e9e une zone sans moustiques, sans fum\u00e9e ni odeur<\/p>\n<\/li>\n<li data-start=\"872\" data-end=\"951\">\n<p data-start=\"874\" data-end=\"951\">Compatible avec la plupart des appareils portables Thermacell (sauf Radius)<\/p>\n<\/li>\n<li data-start=\"952\" data-end=\"1012\">\n<p data-start=\"954\" data-end=\"1012\">Id\u00e9al pour le plein air : chasse, p\u00eache, camping, terrasse<\/p>\n<\/li>\n<\/ul>\n<p data-start=\"1014\" data-end=\"1047\"><strong data-start=\"1014\" data-end=\"1045\">Sp\u00e9cifications techniques :<\/strong><\/p>\n<ul data-start=\"1048\" data-end=\"1205\">\n<li data-start=\"1048\" data-end=\"1070\">\n<p data-start=\"1050\" data-end=\"1070\">Dur\u00e9e : 120 heures<\/p>\n<\/li>\n<li data-start=\"1071\" data-end=\"1118\">\n<p data-start=\"1073\" data-end=\"1118\">Contenu : Cartouches de butane + plaquettes<\/p>\n<\/li>\n<li data-start=\"1119\" data-end=\"1183\">\n<p data-start=\"1121\" data-end=\"1183\">Compatibilit\u00e9 : Appareils Thermacell portables (sauf Radius)<\/p>\n<\/li>\n<li data-start=\"1184\" data-end=\"1205\">\n<p data-start=\"1186\" data-end=\"1205\">Marque : Thermacell<\/p>\n<\/li>\n<\/ul>\n","protected":false},"excerpt":{"rendered":"<p>La recharge Thermacell 120 heures comprend des cartouches de butane et des plaquettes r\u00e9pulsives, con\u00e7ues pour offrir une protection continue et efficace contre les moustiques. Compatible avec la majorit\u00e9 des appareils portables Thermacell (sauf Radius), cette recharge cr\u00e9e une zone de protection sans odeur ni fum\u00e9e, parfaite pour le camping, la chasse, la p\u00eache ou [&hellip;]<\/p>\n","protected":false},"featured_media":74264,"comment_status":"open","ping_status":"closed","template":"","meta":{"_acf_changed":false,"pagelayer_contact_templates":[],"_pagelayer_content":""},"product_brand":[],"product_cat":[1109,110,1110],"product_tag":[332],"class_list":{"0":"post-74266","1":"product","2":"type-product","3":"status-publish","4":"has-post-thumbnail","6":"product_cat-plein-air-eclairage-electronique","7":"product_cat-plein-air","8":"product_cat-plein-air-randonnee-et-accessoires","9":"product_tag-thermacell","11":"first","12":"instock","13":"taxable","14":"shipping-taxable","15":"purchasable","16":"product-type-simple"},"acf":[],"jetpack_sharing_enabled":true,"_links":{"self":[{"href":"https:\/\/pavillonchassepeche.ca\/en\/wp-json\/wp\/v2\/product\/74266","targetHints":{"allow":["GET"]}}],"collection":[{"href":"https:\/\/pavillonchassepeche.ca\/en\/wp-json\/wp\/v2\/product"}],"about":[{"href":"https:\/\/pavillonchassepeche.ca\/en\/wp-json\/wp\/v2\/types\/product"}],"replies":[{"embeddable":true,"href":"https:\/\/pavillonchassepeche.ca\/en\/wp-json\/wp\/v2\/comments?post=74266"}],"version-history":[{"count":2,"href":"https:\/\/pavillonchassepeche.ca\/en\/wp-json\/wp\/v2\/product\/74266\/revisions"}],"predecessor-version":[{"id":85979,"href":"https:\/\/pavillonchassepeche.ca\/en\/wp-json\/wp\/v2\/product\/74266\/revisions\/85979"}],"wp:featuredmedia":[{"embeddable":true,"href":"https:\/\/pavillonchassepeche.ca\/en\/wp-json\/wp\/v2\/media\/74264"}],"wp:attachment":[{"href":"https:\/\/pavillonchassepeche.ca\/en\/wp-json\/wp\/v2\/media?parent=74266"}],"wp:term":[{"taxonomy":"product_brand","embeddable":true,"href":"https:\/\/pavillonchassepeche.ca\/en\/wp-json\/wp\/v2\/product_brand?post=74266"},{"taxonomy":"product_cat","embeddable":true,"href":"https:\/\/pavillonchassepeche.ca\/en\/wp-json\/wp\/v2\/product_cat?post=74266"},{"taxonomy":"product_tag","embeddable":true,"href":"https:\/\/pavillonchassepeche.ca\/en\/wp-json\/wp\/v2\/product_tag?post=74266"}],"curies":[{"name":"wp","href":"https:\/\/api.w.org\/{rel}","templated":true}]}}