{"id":74257,"date":"2025-04-18T13:56:53","date_gmt":"2025-04-18T17:56:53","guid":{"rendered":"https:\/\/pavillonchassepeche.ca\/?post_type=product&#038;p=74257"},"modified":"2026-02-26T11:05:20","modified_gmt":"2026-02-26T16:05:20","slug":"steiner-germany-jumelle-pred-xtreme-10x42-vert-with-harness","status":"publish","type":"product","link":"https:\/\/pavillonchassepeche.ca\/en\/product\/steiner-germany-jumelle-pred-xtreme-10x42-vert-with-harness\/","title":{"rendered":"STEINER GERMANY JUMELLE PRED. XTREME 10X42 VERT WITH HARNESS"},"content":{"rendered":"<p data-start=\"248\" data-end=\"783\">Rep\u00e8re ta cible avec une clart\u00e9 exceptionnelle, que tu sois en plein bois ou \u00e0 l&#8217;aff\u00fbt. Les jumelles <strong data-start=\"369\" data-end=\"402\">Steiner Predator Xtreme 10&#215;42<\/strong> sont con\u00e7ues pour les chasseurs s\u00e9rieux qui ne veulent rien manquer. Gr\u00e2ce au rev\u00eatement sp\u00e9cial <strong data-start=\"500\" data-end=\"538\">CAT&#x2122; (Color Adjusted Transmission)<\/strong>, elles accentuent les teintes de bruns et de verts pour faire ressortir les animaux dans leur habitat naturel. Robustes, l\u00e9g\u00e8res et pr\u00eates pour l\u2019action, elles viennent avec un harnais confortable pour une utilisation longue dur\u00e9e sans fatigue.<\/p>\n<p data-start=\"785\" data-end=\"809\"><strong data-start=\"785\" data-end=\"807\">Caract\u00e9ristiques :<\/strong><\/p>\n<ul data-start=\"810\" data-end=\"1274\">\n<li data-start=\"810\" data-end=\"888\">\n<p data-start=\"812\" data-end=\"888\">Grossissement 10x avec lentilles 42 mm pour une vision claire et lumineuse<\/p>\n<\/li>\n<li data-start=\"889\" data-end=\"956\">\n<p data-start=\"891\" data-end=\"956\">Rev\u00eatement CAT&#x2122; exclusif pour une d\u00e9tection optimis\u00e9e du gibier<\/p>\n<\/li>\n<li data-start=\"957\" data-end=\"1020\">\n<p data-start=\"959\" data-end=\"1020\">Design robuste, antibu\u00e9e, antichoc et \u00e9tanche (jusqu\u2019\u00e0 3 m)<\/p>\n<\/li>\n<li data-start=\"1021\" data-end=\"1084\">\n<p data-start=\"1023\" data-end=\"1084\">Ch\u00e2ssis Makrolon\u00ae durable r\u00e9sistant aux conditions extr\u00eames<\/p>\n<\/li>\n<li data-start=\"1085\" data-end=\"1163\">\n<p data-start=\"1087\" data-end=\"1163\">Harnais ClicLoc\u00ae inclus pour un transport confortable et rapide \u00e0 d\u00e9tacher<\/p>\n<\/li>\n<li data-start=\"1164\" data-end=\"1216\">\n<p data-start=\"1166\" data-end=\"1216\">Roue de mise au point centrale rapide et pr\u00e9cise<\/p>\n<\/li>\n<li data-start=\"1217\" data-end=\"1274\">\n<p data-start=\"1219\" data-end=\"1274\">Parfait pour la chasse, l\u2019observation et le plein air<\/p>\n<\/li>\n<\/ul>\n<p data-start=\"1276\" data-end=\"1298\"><strong data-start=\"1276\" data-end=\"1296\">Sp\u00e9cifications :<\/strong><\/p>\n<ul data-start=\"1299\" data-end=\"1546\">\n<li data-start=\"1299\" data-end=\"1322\">\n<p data-start=\"1301\" data-end=\"1322\">Grossissement : 10x<\/p>\n<\/li>\n<li data-start=\"1323\" data-end=\"1352\">\n<p data-start=\"1325\" data-end=\"1352\">Diam\u00e8tre objectif : 42 mm<\/p>\n<\/li>\n<li data-start=\"1353\" data-end=\"1389\">\n<p data-start=\"1355\" data-end=\"1389\">Champ de vision : 105 m \u00e0 1000 m<\/p>\n<\/li>\n<li data-start=\"1390\" data-end=\"1415\">\n<p data-start=\"1392\" data-end=\"1415\">Poids : environ 790 g<\/p>\n<\/li>\n<li data-start=\"1416\" data-end=\"1437\">\n<p data-start=\"1418\" data-end=\"1437\">Longueur : 165 mm<\/p>\n<\/li>\n<li data-start=\"1438\" data-end=\"1505\">\n<p data-start=\"1440\" data-end=\"1505\">\u00c9tanch\u00e9it\u00e9 : jusqu\u2019\u00e0 3 m (rempli \u00e0 l\u2019azote pour \u00e9viter la bu\u00e9e)<\/p>\n<\/li>\n<li data-start=\"1506\" data-end=\"1546\">\n<p data-start=\"1508\" data-end=\"1546\">Garantie : Steiner Heritage Warranty<\/p>\n<\/li>\n<\/ul>\n","protected":false},"excerpt":{"rendered":"<p>Rep\u00e8re ta cible avec une clart\u00e9 exceptionnelle, que tu sois en plein bois ou \u00e0 l&#8217;aff\u00fbt. Les jumelles Steiner Predator Xtreme 10&#215;42 sont con\u00e7ues pour les chasseurs s\u00e9rieux qui ne veulent rien manquer. Gr\u00e2ce au rev\u00eatement sp\u00e9cial CAT&#x2122; (Color Adjusted Transmission), elles accentuent les teintes de bruns et de verts pour faire ressortir les animaux [&hellip;]<\/p>\n","protected":false},"featured_media":85266,"comment_status":"open","ping_status":"closed","template":"","meta":{"_acf_changed":false,"pagelayer_contact_templates":[],"_pagelayer_content":""},"product_brand":[],"product_cat":[110,1110],"product_tag":[],"class_list":{"0":"post-74257","1":"product","2":"type-product","3":"status-publish","4":"has-post-thumbnail","6":"product_cat-plein-air","7":"product_cat-plein-air-randonnee-et-accessoires","9":"first","10":"instock","11":"taxable","12":"shipping-taxable","13":"purchasable","14":"product-type-simple"},"acf":[],"jetpack_sharing_enabled":true,"_links":{"self":[{"href":"https:\/\/pavillonchassepeche.ca\/en\/wp-json\/wp\/v2\/product\/74257","targetHints":{"allow":["GET"]}}],"collection":[{"href":"https:\/\/pavillonchassepeche.ca\/en\/wp-json\/wp\/v2\/product"}],"about":[{"href":"https:\/\/pavillonchassepeche.ca\/en\/wp-json\/wp\/v2\/types\/product"}],"replies":[{"embeddable":true,"href":"https:\/\/pavillonchassepeche.ca\/en\/wp-json\/wp\/v2\/comments?post=74257"}],"version-history":[{"count":3,"href":"https:\/\/pavillonchassepeche.ca\/en\/wp-json\/wp\/v2\/product\/74257\/revisions"}],"predecessor-version":[{"id":93465,"href":"https:\/\/pavillonchassepeche.ca\/en\/wp-json\/wp\/v2\/product\/74257\/revisions\/93465"}],"wp:featuredmedia":[{"embeddable":true,"href":"https:\/\/pavillonchassepeche.ca\/en\/wp-json\/wp\/v2\/media\/85266"}],"wp:attachment":[{"href":"https:\/\/pavillonchassepeche.ca\/en\/wp-json\/wp\/v2\/media?parent=74257"}],"wp:term":[{"taxonomy":"product_brand","embeddable":true,"href":"https:\/\/pavillonchassepeche.ca\/en\/wp-json\/wp\/v2\/product_brand?post=74257"},{"taxonomy":"product_cat","embeddable":true,"href":"https:\/\/pavillonchassepeche.ca\/en\/wp-json\/wp\/v2\/product_cat?post=74257"},{"taxonomy":"product_tag","embeddable":true,"href":"https:\/\/pavillonchassepeche.ca\/en\/wp-json\/wp\/v2\/product_tag?post=74257"}],"curies":[{"name":"wp","href":"https:\/\/api.w.org\/{rel}","templated":true}]}}