{"id":74188,"date":"2025-04-18T13:54:21","date_gmt":"2025-04-18T17:54:21","guid":{"rendered":"https:\/\/pavillonchassepeche.ca\/?post_type=product&#038;p=74188"},"modified":"2026-03-12T16:54:09","modified_gmt":"2026-03-12T20:54:09","slug":"eagle-couteau-utilitaire-rouge-noir-4","status":"publish","type":"product","link":"https:\/\/pavillonchassepeche.ca\/en\/product\/eagle-couteau-utilitaire-rouge-noir-4\/","title":{"rendered":"EAGLE COUTEAU UTILITAIRE ROUGE\/NOIR 4&#8243;"},"content":{"rendered":"<p data-start=\"157\" data-end=\"581\">Polyvalent, robuste et pratique, le couteau utilitaire Eagle est un outil essentiel pour toutes vos aventures en plein air. Sa lame en acier inoxydable de 3 3\/4&#8243; assure une coupe nette et fiable, tandis que sa poign\u00e9e rouge et noire offre une prise confortable et s\u00e9curitaire. Livr\u00e9 avec un \u00e9tui \u00e0 ganse pour ceinture, il est toujours pr\u00eat \u00e0 \u00eatre utilis\u00e9, que ce soit en camping, \u00e0 la chasse ou pour les t\u00e2ches quotidiennes.<\/p>\n<p data-start=\"583\" data-end=\"607\"><strong data-start=\"583\" data-end=\"605\">Caract\u00e9ristiques :<\/strong><\/p>\n<ul data-start=\"608\" data-end=\"766\">\n<li data-start=\"608\" data-end=\"665\">\n<p data-start=\"610\" data-end=\"665\">Lame en acier inoxydable pour une durabilit\u00e9 maximale<\/p>\n<\/li>\n<li data-start=\"666\" data-end=\"722\">\n<p data-start=\"668\" data-end=\"722\">Poign\u00e9e ergonomique rouge\/noir pour un confort accru<\/p>\n<\/li>\n<li data-start=\"723\" data-end=\"766\">\n<p data-start=\"725\" data-end=\"766\">\u00c9tui avec ganse pour port \u00e0 la ceinture<\/p>\n<\/li>\n<\/ul>\n<p data-start=\"768\" data-end=\"801\"><strong data-start=\"768\" data-end=\"799\">Sp\u00e9cifications techniques :<\/strong><\/p>\n<ul data-start=\"802\" data-end=\"936\">\n<li data-start=\"802\" data-end=\"834\">\n<p data-start=\"804\" data-end=\"834\">Longueur de la lame : 3 3\/4&#8243;<\/p>\n<\/li>\n<li data-start=\"835\" data-end=\"867\">\n<p data-start=\"837\" data-end=\"867\">Longueur totale : environ 4&#8243;<\/p>\n<\/li>\n<li data-start=\"868\" data-end=\"895\">\n<p data-start=\"870\" data-end=\"895\">Couleur : rouge et noir<\/p>\n<\/li>\n<li data-start=\"896\" data-end=\"936\">\n<p data-start=\"898\" data-end=\"936\">\u00c9tui inclus pour un transport facile<\/p>\n<\/li>\n<\/ul>\n","protected":false},"excerpt":{"rendered":"<p>Polyvalent, robuste et pratique, le couteau utilitaire Eagle est un outil essentiel pour toutes vos aventures en plein air. Sa lame en acier inoxydable de 3 3\/4&#8243; assure une coupe nette et fiable, tandis que sa poign\u00e9e rouge et noire offre une prise confortable et s\u00e9curitaire. Livr\u00e9 avec un \u00e9tui \u00e0 ganse pour ceinture, il [&hellip;]<\/p>\n","protected":false},"featured_media":74186,"comment_status":"open","ping_status":"closed","template":"","meta":{"_acf_changed":false,"pagelayer_contact_templates":[],"_pagelayer_content":""},"product_brand":[],"product_cat":[144],"product_tag":[267],"class_list":{"0":"post-74188","1":"product","2":"type-product","3":"status-publish","4":"has-post-thumbnail","6":"product_cat-peche","7":"product_tag-pronature","9":"first","10":"instock","11":"taxable","12":"shipping-taxable","13":"purchasable","14":"product-type-simple"},"acf":[],"jetpack_sharing_enabled":true,"_links":{"self":[{"href":"https:\/\/pavillonchassepeche.ca\/en\/wp-json\/wp\/v2\/product\/74188","targetHints":{"allow":["GET"]}}],"collection":[{"href":"https:\/\/pavillonchassepeche.ca\/en\/wp-json\/wp\/v2\/product"}],"about":[{"href":"https:\/\/pavillonchassepeche.ca\/en\/wp-json\/wp\/v2\/types\/product"}],"replies":[{"embeddable":true,"href":"https:\/\/pavillonchassepeche.ca\/en\/wp-json\/wp\/v2\/comments?post=74188"}],"version-history":[{"count":2,"href":"https:\/\/pavillonchassepeche.ca\/en\/wp-json\/wp\/v2\/product\/74188\/revisions"}],"predecessor-version":[{"id":88391,"href":"https:\/\/pavillonchassepeche.ca\/en\/wp-json\/wp\/v2\/product\/74188\/revisions\/88391"}],"wp:featuredmedia":[{"embeddable":true,"href":"https:\/\/pavillonchassepeche.ca\/en\/wp-json\/wp\/v2\/media\/74186"}],"wp:attachment":[{"href":"https:\/\/pavillonchassepeche.ca\/en\/wp-json\/wp\/v2\/media?parent=74188"}],"wp:term":[{"taxonomy":"product_brand","embeddable":true,"href":"https:\/\/pavillonchassepeche.ca\/en\/wp-json\/wp\/v2\/product_brand?post=74188"},{"taxonomy":"product_cat","embeddable":true,"href":"https:\/\/pavillonchassepeche.ca\/en\/wp-json\/wp\/v2\/product_cat?post=74188"},{"taxonomy":"product_tag","embeddable":true,"href":"https:\/\/pavillonchassepeche.ca\/en\/wp-json\/wp\/v2\/product_tag?post=74188"}],"curies":[{"name":"wp","href":"https:\/\/api.w.org\/{rel}","templated":true}]}}