{"id":74096,"date":"2025-04-18T13:52:08","date_gmt":"2025-04-18T17:52:08","guid":{"rendered":"https:\/\/pavillonchassepeche.ca\/?post_type=product&#038;p=74096"},"modified":"2025-12-05T11:06:10","modified_gmt":"2025-12-05T16:06:10","slug":"gksii-crampons-pour-bottes-14-xl","status":"publish","type":"product","link":"https:\/\/pavillonchassepeche.ca\/en\/product\/gksii-crampons-pour-bottes-14-xl\/","title":{"rendered":"GKSII CRAMPONS POUR BOTTES (14+) (XL)"},"content":{"rendered":"<p>&#8211; Facile \u00e0 installer.<\/p>\n<p>&#8211; S&#8217;adaptent \u00e0 tous types de chaussures.<\/p>\n<p>&#8211; Tr\u00e8s bonne adh\u00e9rence sur une surface glac\u00e9e.<\/p>\n","protected":false},"excerpt":{"rendered":"<p>&#8211; Facile \u00e0 installer. &#8211; S&#8217;adaptent \u00e0 tous types de chaussures. &#8211; Tr\u00e8s bonne adh\u00e9rence sur une surface glac\u00e9e.<\/p>\n","protected":false},"featured_media":74094,"comment_status":"open","ping_status":"closed","template":"","meta":{"_acf_changed":false,"pagelayer_contact_templates":[],"_pagelayer_content":""},"product_brand":[],"product_cat":[1063,197,198],"product_tag":[335],"class_list":{"0":"post-74096","1":"product","2":"type-product","3":"status-publish","4":"has-post-thumbnail","6":"product_cat-liquidation","7":"product_cat-vetements","8":"product_cat-vetements-bottes-chaussures","9":"product_tag-ganka","11":"first","12":"instock","13":"sale","14":"taxable","15":"shipping-taxable","16":"purchasable","17":"product-type-simple"},"acf":[],"jetpack_sharing_enabled":true,"_links":{"self":[{"href":"https:\/\/pavillonchassepeche.ca\/en\/wp-json\/wp\/v2\/product\/74096","targetHints":{"allow":["GET"]}}],"collection":[{"href":"https:\/\/pavillonchassepeche.ca\/en\/wp-json\/wp\/v2\/product"}],"about":[{"href":"https:\/\/pavillonchassepeche.ca\/en\/wp-json\/wp\/v2\/types\/product"}],"replies":[{"embeddable":true,"href":"https:\/\/pavillonchassepeche.ca\/en\/wp-json\/wp\/v2\/comments?post=74096"}],"version-history":[{"count":1,"href":"https:\/\/pavillonchassepeche.ca\/en\/wp-json\/wp\/v2\/product\/74096\/revisions"}],"predecessor-version":[{"id":92522,"href":"https:\/\/pavillonchassepeche.ca\/en\/wp-json\/wp\/v2\/product\/74096\/revisions\/92522"}],"wp:featuredmedia":[{"embeddable":true,"href":"https:\/\/pavillonchassepeche.ca\/en\/wp-json\/wp\/v2\/media\/74094"}],"wp:attachment":[{"href":"https:\/\/pavillonchassepeche.ca\/en\/wp-json\/wp\/v2\/media?parent=74096"}],"wp:term":[{"taxonomy":"product_brand","embeddable":true,"href":"https:\/\/pavillonchassepeche.ca\/en\/wp-json\/wp\/v2\/product_brand?post=74096"},{"taxonomy":"product_cat","embeddable":true,"href":"https:\/\/pavillonchassepeche.ca\/en\/wp-json\/wp\/v2\/product_cat?post=74096"},{"taxonomy":"product_tag","embeddable":true,"href":"https:\/\/pavillonchassepeche.ca\/en\/wp-json\/wp\/v2\/product_tag?post=74096"}],"curies":[{"name":"wp","href":"https:\/\/api.w.org\/{rel}","templated":true}]}}