{"id":74052,"date":"2025-04-18T13:50:57","date_gmt":"2025-04-18T17:50:57","guid":{"rendered":"https:\/\/pavillonchassepeche.ca\/?post_type=product&#038;p=74052"},"modified":"2026-04-03T13:26:11","modified_gmt":"2026-04-03T17:26:11","slug":"coldfield-manteau-matelasse-avec-capuchon-bleu","status":"publish","type":"product","link":"https:\/\/pavillonchassepeche.ca\/en\/product\/coldfield-manteau-matelasse-avec-capuchon-bleu\/","title":{"rendered":"COLDFIELD MANTEAU MATELASS\u00c9 AVEC CAPUCHON BLEU"},"content":{"rendered":"<p>Chaud et confortable<\/p>\n<p>2 poches ext\u00e9rieures avec fermeture \u00e9clair et 2 grandes int\u00e9rieures<\/p>\n<p>tr\u00e8s compact lorsque pli\u00e9,<\/p>\n<p>capuchon amovible,<\/p>\n<p>couleur: Marine ou Noir<\/p>\n<p>grandeur: S \u00e0 XXL<\/p>\n","protected":false},"excerpt":{"rendered":"<p>Chaud et confortable 2 poches ext\u00e9rieures avec fermeture \u00e9clair et 2 grandes int\u00e9rieures tr\u00e8s compact lorsque pli\u00e9, capuchon amovible, couleur: Marine ou Noir grandeur: S \u00e0 XXL<\/p>\n","protected":false},"featured_media":74050,"comment_status":"open","ping_status":"closed","template":"","meta":{"_acf_changed":false,"pagelayer_contact_templates":[],"_pagelayer_content":""},"product_brand":[],"product_cat":[1063,235,197],"product_tag":[322],"class_list":{"0":"post-74052","1":"product","2":"type-product","3":"status-publish","4":"has-post-thumbnail","6":"product_cat-liquidation","7":"product_cat-vetements-manteaux-pantalons","8":"product_cat-vetements","9":"product_tag-coldfield","11":"first","12":"instock","13":"sale","14":"taxable","15":"shipping-taxable","16":"purchasable","17":"product-type-variable"},"acf":[],"jetpack_sharing_enabled":true,"_links":{"self":[{"href":"https:\/\/pavillonchassepeche.ca\/en\/wp-json\/wp\/v2\/product\/74052","targetHints":{"allow":["GET"]}}],"collection":[{"href":"https:\/\/pavillonchassepeche.ca\/en\/wp-json\/wp\/v2\/product"}],"about":[{"href":"https:\/\/pavillonchassepeche.ca\/en\/wp-json\/wp\/v2\/types\/product"}],"replies":[{"embeddable":true,"href":"https:\/\/pavillonchassepeche.ca\/en\/wp-json\/wp\/v2\/comments?post=74052"}],"version-history":[{"count":2,"href":"https:\/\/pavillonchassepeche.ca\/en\/wp-json\/wp\/v2\/product\/74052\/revisions"}],"predecessor-version":[{"id":92597,"href":"https:\/\/pavillonchassepeche.ca\/en\/wp-json\/wp\/v2\/product\/74052\/revisions\/92597"}],"wp:featuredmedia":[{"embeddable":true,"href":"https:\/\/pavillonchassepeche.ca\/en\/wp-json\/wp\/v2\/media\/74050"}],"wp:attachment":[{"href":"https:\/\/pavillonchassepeche.ca\/en\/wp-json\/wp\/v2\/media?parent=74052"}],"wp:term":[{"taxonomy":"product_brand","embeddable":true,"href":"https:\/\/pavillonchassepeche.ca\/en\/wp-json\/wp\/v2\/product_brand?post=74052"},{"taxonomy":"product_cat","embeddable":true,"href":"https:\/\/pavillonchassepeche.ca\/en\/wp-json\/wp\/v2\/product_cat?post=74052"},{"taxonomy":"product_tag","embeddable":true,"href":"https:\/\/pavillonchassepeche.ca\/en\/wp-json\/wp\/v2\/product_tag?post=74052"}],"curies":[{"name":"wp","href":"https:\/\/api.w.org\/{rel}","templated":true}]}}