{"id":74037,"date":"2025-04-18T13:50:42","date_gmt":"2025-04-18T17:50:42","guid":{"rendered":"https:\/\/pavillonchassepeche.ca\/?post_type=product&#038;p=74037"},"modified":"2025-09-10T14:16:08","modified_gmt":"2025-09-10T18:16:08","slug":"crosman-pistolet-co2-snr357-full-metal-double-munition","status":"publish","type":"product","link":"https:\/\/pavillonchassepeche.ca\/en\/product\/crosman-pistolet-co2-snr357-full-metal-double-munition\/","title":{"rendered":"CROSMAN PISTOLET CO2 SNR357 FULL METAL DOUBLE MUNITION"},"content":{"rendered":"<p data-start=\"136\" data-end=\"987\">Le <strong data-start=\"166\" data-end=\"184\">Crosman SNR357<\/strong> est un pistolet \u00e0 CO2 r\u00e9aliste et robuste, parfait pour l\u2019entra\u00eenement et le tir r\u00e9cr\u00e9atif. Construit en m\u00e9tal plein avec une finition noire \u00e9l\u00e9gante, il offre une sensation de poids authentique et une grande durabilit\u00e9. Aliment\u00e9 par une cartouche de CO2 de 12 g, il atteint des vitesses allant jusqu\u2019\u00e0 <strong data-start=\"488\" data-end=\"528\">500 fps avec des plombs calibre .177<\/strong> et <strong data-start=\"532\" data-end=\"565\">400 fps avec des BBs en acier<\/strong>. Sa compatibilit\u00e9 double munition vous permet de varier vos s\u00e9ances de tir facilement. \u00c9quip\u00e9 de <strong data-start=\"663\" data-end=\"719\">6 cartouches r\u00e9utilisables pour BBs et 6 pour plombs<\/strong>, il combine puissance, polyvalence et s\u00e9curit\u00e9 gr\u00e2ce \u00e0 sa s\u00e9curit\u00e9 de glissi\u00e8re. Ses organes de vis\u00e9e \u2013 lame fixe \u00e0 l\u2019avant et r\u00e9glable \u00e0 l\u2019arri\u00e8re \u2013 assurent une pr\u00e9cision accrue, faisant de ce pistolet un excellent choix pour perfectionner vos comp\u00e9tences de tir.<\/p>\n<p data-start=\"989\" data-end=\"1011\"><strong data-start=\"989\" data-end=\"1009\">Caract\u00e9ristiques<\/strong><\/p>\n<ul data-start=\"1012\" data-end=\"1425\">\n<li data-start=\"1012\" data-end=\"1057\">\n<p data-start=\"1014\" data-end=\"1057\">Corps plein m\u00e9tal noir \u00e9l\u00e9gant et robuste<\/p>\n<\/li>\n<li data-start=\"1058\" data-end=\"1106\">\n<p data-start=\"1060\" data-end=\"1106\">Fonctionne avec une cartouche de CO2 de 12 g<\/p>\n<\/li>\n<li data-start=\"1107\" data-end=\"1170\">\n<p data-start=\"1109\" data-end=\"1170\">Compatible avec des plombs calibre .177 et des BBs en acier<\/p>\n<\/li>\n<li data-start=\"1171\" data-end=\"1234\">\n<p data-start=\"1173\" data-end=\"1234\">6 cartouches r\u00e9utilisables pour BBs et 6 pour plombs inclus<\/p>\n<\/li>\n<li data-start=\"1235\" data-end=\"1294\">\n<p data-start=\"1237\" data-end=\"1294\">S\u00e9curit\u00e9 de glissi\u00e8re pour une manipulation s\u00e9curitaire<\/p>\n<\/li>\n<li data-start=\"1295\" data-end=\"1365\">\n<p data-start=\"1297\" data-end=\"1365\">Organes de vis\u00e9e pr\u00e9cis : lame avant fixe et mire arri\u00e8re r\u00e9glable<\/p>\n<\/li>\n<li data-start=\"1366\" data-end=\"1425\">\n<p data-start=\"1368\" data-end=\"1425\">Id\u00e9al pour l\u2019entra\u00eenement et le perfectionnement au tir<\/p>\n<\/li>\n<\/ul>\n<p data-start=\"1427\" data-end=\"1458\"><strong data-start=\"1427\" data-end=\"1456\">Sp\u00e9cifications techniques<\/strong><\/p>\n<ul data-start=\"1459\" data-end=\"1770\">\n<li data-start=\"1459\" data-end=\"1482\">\n<p data-start=\"1461\" data-end=\"1482\"><strong data-start=\"1461\" data-end=\"1473\">Mod\u00e8le :<\/strong> SNR357<\/p>\n<\/li>\n<li data-start=\"1483\" data-end=\"1510\">\n<p data-start=\"1485\" data-end=\"1510\"><strong data-start=\"1485\" data-end=\"1495\">Type :<\/strong> Pistolet CO2<\/p>\n<\/li>\n<li data-start=\"1511\" data-end=\"1563\">\n<p data-start=\"1513\" data-end=\"1563\"><strong data-start=\"1513\" data-end=\"1528\">Munitions :<\/strong> Plombs calibre .177 ou BBs acier<\/p>\n<\/li>\n<li data-start=\"1564\" data-end=\"1622\">\n<p data-start=\"1566\" data-end=\"1622\"><strong data-start=\"1566\" data-end=\"1580\">V\u00e9locit\u00e9 :<\/strong> jusqu\u2019\u00e0 500 fps (plombs), 400 fps (BBs)<\/p>\n<\/li>\n<li data-start=\"1623\" data-end=\"1664\">\n<p data-start=\"1625\" data-end=\"1664\"><strong data-start=\"1625\" data-end=\"1643\">Alimentation :<\/strong> cartouche CO2 12 g<\/p>\n<\/li>\n<li data-start=\"1665\" data-end=\"1699\">\n<p data-start=\"1667\" data-end=\"1699\"><strong data-start=\"1667\" data-end=\"1685\">Construction :<\/strong> Plein m\u00e9tal<\/p>\n<\/li>\n<li data-start=\"1700\" data-end=\"1770\">\n<p data-start=\"1702\" data-end=\"1770\"><strong data-start=\"1702\" data-end=\"1716\">Capacit\u00e9 :<\/strong> 6 cartouches r\u00e9utilisables pour BBs + 6 pour plombs<\/p>\n<\/li>\n<\/ul>\n","protected":false},"excerpt":{"rendered":"<p>Le Crosman SNR357 est un pistolet \u00e0 CO2 r\u00e9aliste et robuste, parfait pour l\u2019entra\u00eenement et le tir r\u00e9cr\u00e9atif. Construit en m\u00e9tal plein avec une finition noire \u00e9l\u00e9gante, il offre une sensation de poids authentique et une grande durabilit\u00e9. Aliment\u00e9 par une cartouche de CO2 de 12 g, il atteint des vitesses allant jusqu\u2019\u00e0 500 fps [&hellip;]<\/p>\n","protected":false},"featured_media":74035,"comment_status":"open","ping_status":"closed","template":"","meta":{"_acf_changed":false,"pagelayer_contact_templates":[],"_pagelayer_content":""},"product_brand":[],"product_cat":[80,21,79],"product_tag":[321],"class_list":{"0":"post-74037","1":"product","2":"type-product","3":"status-publish","4":"has-post-thumbnail","6":"product_cat-produits-air-comprime-armes-moins-de-500-pieds","7":"product_cat-chasse","8":"product_cat-produits-air-comprime","9":"product_tag-crosman","11":"first","12":"instock","13":"taxable","14":"shipping-taxable","15":"purchasable","16":"product-type-simple"},"acf":[],"jetpack_sharing_enabled":true,"_links":{"self":[{"href":"https:\/\/pavillonchassepeche.ca\/en\/wp-json\/wp\/v2\/product\/74037","targetHints":{"allow":["GET"]}}],"collection":[{"href":"https:\/\/pavillonchassepeche.ca\/en\/wp-json\/wp\/v2\/product"}],"about":[{"href":"https:\/\/pavillonchassepeche.ca\/en\/wp-json\/wp\/v2\/types\/product"}],"replies":[{"embeddable":true,"href":"https:\/\/pavillonchassepeche.ca\/en\/wp-json\/wp\/v2\/comments?post=74037"}],"version-history":[{"count":2,"href":"https:\/\/pavillonchassepeche.ca\/en\/wp-json\/wp\/v2\/product\/74037\/revisions"}],"predecessor-version":[{"id":89084,"href":"https:\/\/pavillonchassepeche.ca\/en\/wp-json\/wp\/v2\/product\/74037\/revisions\/89084"}],"wp:featuredmedia":[{"embeddable":true,"href":"https:\/\/pavillonchassepeche.ca\/en\/wp-json\/wp\/v2\/media\/74035"}],"wp:attachment":[{"href":"https:\/\/pavillonchassepeche.ca\/en\/wp-json\/wp\/v2\/media?parent=74037"}],"wp:term":[{"taxonomy":"product_brand","embeddable":true,"href":"https:\/\/pavillonchassepeche.ca\/en\/wp-json\/wp\/v2\/product_brand?post=74037"},{"taxonomy":"product_cat","embeddable":true,"href":"https:\/\/pavillonchassepeche.ca\/en\/wp-json\/wp\/v2\/product_cat?post=74037"},{"taxonomy":"product_tag","embeddable":true,"href":"https:\/\/pavillonchassepeche.ca\/en\/wp-json\/wp\/v2\/product_tag?post=74037"}],"curies":[{"name":"wp","href":"https:\/\/api.w.org\/{rel}","templated":true}]}}