{"id":73849,"date":"2025-04-18T13:46:55","date_gmt":"2025-04-18T17:46:55","guid":{"rendered":"https:\/\/pavillonchassepeche.ca\/?post_type=product&#038;p=73849"},"modified":"2025-09-18T17:42:21","modified_gmt":"2025-09-18T21:42:21","slug":"mouche-neptune-grey-ghost-tamdem-h4","status":"publish","type":"product","link":"https:\/\/pavillonchassepeche.ca\/en\/product\/mouche-neptune-grey-ghost-tamdem-h4\/","title":{"rendered":"MOUCHE NEPTUNE GREY GHOST TAMDEM H4"},"content":{"rendered":"<p data-start=\"98\" data-end=\"521\">Polyvalente et redoutable, la mouche Neptune Grey Ghost Tandem H4 est con\u00e7ue pour imiter \u00e0 la perfection les petits poissons, proie de choix pour plusieurs esp\u00e8ces pr\u00e9datrices. Gr\u00e2ce \u00e0 sa configuration tandem et \u00e0 son montage pr\u00e9cis, elle provoque des attaques franches tant en rivi\u00e8re qu\u2019en lac. Parfaite pour les p\u00eacheurs qui recherchent une pr\u00e9sentation r\u00e9aliste et efficace dans les eaux claires ou faiblement teint\u00e9es.<\/p>\n<p data-start=\"523\" data-end=\"547\"><strong data-start=\"523\" data-end=\"545\">Caract\u00e9ristiques :<\/strong><\/p>\n<ul data-start=\"548\" data-end=\"769\">\n<li data-start=\"548\" data-end=\"578\">\n<p data-start=\"550\" data-end=\"578\">Mod\u00e8le : Grey Ghost Tandem<\/p>\n<\/li>\n<li data-start=\"579\" data-end=\"602\">\n<p data-start=\"581\" data-end=\"602\">Taille : Hame\u00e7on #4<\/p>\n<\/li>\n<li data-start=\"603\" data-end=\"638\">\n<p data-start=\"605\" data-end=\"638\">Type : Mouche tandem (streamer)<\/p>\n<\/li>\n<li data-start=\"639\" data-end=\"720\">\n<p data-start=\"641\" data-end=\"720\">Style de nage r\u00e9aliste pour attirer les grosses truites et autres carnassiers<\/p>\n<\/li>\n<li data-start=\"721\" data-end=\"769\">\n<p data-start=\"723\" data-end=\"769\">Mont\u00e9e \u00e0 la main avec des mat\u00e9riaux de qualit\u00e9<\/p>\n<\/li>\n<\/ul>\n<p data-start=\"771\" data-end=\"804\"><strong data-start=\"771\" data-end=\"802\">Sp\u00e9cifications techniques :<\/strong><\/p>\n<ul data-start=\"805\" data-end=\"1067\">\n<li data-start=\"805\" data-end=\"846\">\n<p data-start=\"807\" data-end=\"846\">Longueur approximative : 3 \u00e0 4 pouces<\/p>\n<\/li>\n<li data-start=\"847\" data-end=\"897\">\n<p data-start=\"849\" data-end=\"897\">Hame\u00e7ons : Tandem reli\u00e9s par tresse r\u00e9sistante<\/p>\n<\/li>\n<li data-start=\"898\" data-end=\"960\">\n<p data-start=\"900\" data-end=\"960\">Corps : Finition grise et argent\u00e9e pour imiter les vairons<\/p>\n<\/li>\n<li data-start=\"961\" data-end=\"1020\">\n<p data-start=\"963\" data-end=\"1020\">Usage : P\u00eache \u00e0 la mouche en eau douce (rivi\u00e8res, lacs)<\/p>\n<\/li>\n<li data-start=\"1021\" data-end=\"1067\">\n<p data-start=\"1023\" data-end=\"1067\">Id\u00e9al pour : Truite, touladi, brochet, ouate<\/p>\n<\/li>\n<\/ul>\n","protected":false},"excerpt":{"rendered":"<p>Polyvalente et redoutable, la mouche Neptune Grey Ghost Tandem H4 est con\u00e7ue pour imiter \u00e0 la perfection les petits poissons, proie de choix pour plusieurs esp\u00e8ces pr\u00e9datrices. Gr\u00e2ce \u00e0 sa configuration tandem et \u00e0 son montage pr\u00e9cis, elle provoque des attaques franches tant en rivi\u00e8re qu\u2019en lac. Parfaite pour les p\u00eacheurs qui recherchent une pr\u00e9sentation [&hellip;]<\/p>\n","protected":false},"featured_media":73847,"comment_status":"open","ping_status":"closed","template":"","meta":{"_acf_changed":false,"pagelayer_contact_templates":[],"_pagelayer_content":""},"product_brand":[],"product_cat":[144,162],"product_tag":[812],"class_list":{"0":"post-73849","1":"product","2":"type-product","3":"status-publish","4":"has-post-thumbnail","6":"product_cat-peche","7":"product_cat-peche-a-la-mouche","8":"product_tag-neptune","10":"first","11":"instock","12":"taxable","13":"shipping-taxable","14":"purchasable","15":"product-type-simple"},"acf":[],"jetpack_sharing_enabled":true,"_links":{"self":[{"href":"https:\/\/pavillonchassepeche.ca\/en\/wp-json\/wp\/v2\/product\/73849","targetHints":{"allow":["GET"]}}],"collection":[{"href":"https:\/\/pavillonchassepeche.ca\/en\/wp-json\/wp\/v2\/product"}],"about":[{"href":"https:\/\/pavillonchassepeche.ca\/en\/wp-json\/wp\/v2\/types\/product"}],"replies":[{"embeddable":true,"href":"https:\/\/pavillonchassepeche.ca\/en\/wp-json\/wp\/v2\/comments?post=73849"}],"version-history":[{"count":2,"href":"https:\/\/pavillonchassepeche.ca\/en\/wp-json\/wp\/v2\/product\/73849\/revisions"}],"predecessor-version":[{"id":88548,"href":"https:\/\/pavillonchassepeche.ca\/en\/wp-json\/wp\/v2\/product\/73849\/revisions\/88548"}],"wp:featuredmedia":[{"embeddable":true,"href":"https:\/\/pavillonchassepeche.ca\/en\/wp-json\/wp\/v2\/media\/73847"}],"wp:attachment":[{"href":"https:\/\/pavillonchassepeche.ca\/en\/wp-json\/wp\/v2\/media?parent=73849"}],"wp:term":[{"taxonomy":"product_brand","embeddable":true,"href":"https:\/\/pavillonchassepeche.ca\/en\/wp-json\/wp\/v2\/product_brand?post=73849"},{"taxonomy":"product_cat","embeddable":true,"href":"https:\/\/pavillonchassepeche.ca\/en\/wp-json\/wp\/v2\/product_cat?post=73849"},{"taxonomy":"product_tag","embeddable":true,"href":"https:\/\/pavillonchassepeche.ca\/en\/wp-json\/wp\/v2\/product_tag?post=73849"}],"curies":[{"name":"wp","href":"https:\/\/api.w.org\/{rel}","templated":true}]}}