{"id":73828,"date":"2025-04-18T13:46:34","date_gmt":"2025-04-18T17:46:34","guid":{"rendered":"https:\/\/pavillonchassepeche.ca\/?post_type=product&#038;p=73828"},"modified":"2025-09-10T14:38:28","modified_gmt":"2025-09-10T18:38:28","slug":"neptune-mouche-brown-wolly-bugger-h8","status":"publish","type":"product","link":"https:\/\/pavillonchassepeche.ca\/en\/product\/neptune-mouche-brown-wolly-bugger-h8\/","title":{"rendered":"NEPTUNE MOUCHE BROWN WOLLY BUGGER H8"},"content":{"rendered":"<p data-start=\"119\" data-end=\"688\">La <strong data-start=\"149\" data-end=\"183\">Neptune Brown Woolly Bugger H8<\/strong> est une mouche classique et polyvalente, id\u00e9ale pour attirer une grande vari\u00e9t\u00e9 de poissons en eau douce. Son corps en chenille brune et sa queue en marabout offrent un mouvement naturel dans l\u2019eau, imitant parfaitement les petits poissons et insectes aquatiques. Con\u00e7ue pour r\u00e9sister aux attaques r\u00e9p\u00e9t\u00e9es, cette mouche est parfaite pour la truite, le saumon et d\u2019autres carnassiers. Que vous soyez d\u00e9butant ou p\u00eacheur exp\u00e9riment\u00e9, le Woolly Bugger H8 est un incontournable dans toute bo\u00eete \u00e0 mouches.<\/p>\n<p data-start=\"690\" data-end=\"712\"><strong data-start=\"690\" data-end=\"710\">Caract\u00e9ristiques<\/strong><\/p>\n<ul data-start=\"713\" data-end=\"977\">\n<li data-start=\"713\" data-end=\"797\">\n<p data-start=\"715\" data-end=\"797\">Mouvement r\u00e9aliste gr\u00e2ce \u00e0 la combinaison de corps chenille et queue en marabout<\/p>\n<\/li>\n<li data-start=\"798\" data-end=\"855\">\n<p data-start=\"800\" data-end=\"855\">R\u00e9sistante et durable pour plusieurs sorties de p\u00eache<\/p>\n<\/li>\n<li data-start=\"856\" data-end=\"922\">\n<p data-start=\"858\" data-end=\"922\">Polyvalente pour truite, saumon et autres poissons carnassiers<\/p>\n<\/li>\n<li data-start=\"923\" data-end=\"977\">\n<p data-start=\"925\" data-end=\"977\">Id\u00e9ale pour les p\u00eacheurs d\u00e9butants et exp\u00e9riment\u00e9s<\/p>\n<\/li>\n<\/ul>\n<p data-start=\"979\" data-end=\"1010\"><strong data-start=\"979\" data-end=\"1008\">Sp\u00e9cifications techniques<\/strong><\/p>\n<ul data-start=\"1011\" data-end=\"1142\">\n<li data-start=\"1011\" data-end=\"1035\">\n<p data-start=\"1013\" data-end=\"1035\"><strong data-start=\"1013\" data-end=\"1025\">Marque :<\/strong> Neptune<\/p>\n<\/li>\n<li data-start=\"1036\" data-end=\"1072\">\n<p data-start=\"1038\" data-end=\"1072\"><strong data-start=\"1038\" data-end=\"1050\">Mod\u00e8le :<\/strong> Brown Woolly Bugger<\/p>\n<\/li>\n<li data-start=\"1073\" data-end=\"1092\">\n<p data-start=\"1075\" data-end=\"1092\"><strong data-start=\"1075\" data-end=\"1087\">Taille :<\/strong> H8<\/p>\n<\/li>\n<li data-start=\"1093\" data-end=\"1142\">\n<p data-start=\"1095\" data-end=\"1142\"><strong data-start=\"1095\" data-end=\"1105\">Type :<\/strong> Mouche artificielle pour eau douce<\/p>\n<\/li>\n<\/ul>\n","protected":false},"excerpt":{"rendered":"<p>La Neptune Brown Woolly Bugger H8 est une mouche classique et polyvalente, id\u00e9ale pour attirer une grande vari\u00e9t\u00e9 de poissons en eau douce. Son corps en chenille brune et sa queue en marabout offrent un mouvement naturel dans l\u2019eau, imitant parfaitement les petits poissons et insectes aquatiques. Con\u00e7ue pour r\u00e9sister aux attaques r\u00e9p\u00e9t\u00e9es, cette mouche [&hellip;]<\/p>\n","protected":false},"featured_media":73826,"comment_status":"open","ping_status":"closed","template":"","meta":{"_acf_changed":false,"pagelayer_contact_templates":[],"_pagelayer_content":""},"product_brand":[],"product_cat":[144,162],"product_tag":[813],"class_list":{"0":"post-73828","1":"product","2":"type-product","3":"status-publish","4":"has-post-thumbnail","6":"product_cat-peche","7":"product_cat-peche-a-la-mouche","8":"product_tag-dream-fishing","10":"first","11":"instock","12":"taxable","13":"shipping-taxable","14":"purchasable","15":"product-type-simple"},"acf":[],"jetpack_sharing_enabled":true,"_links":{"self":[{"href":"https:\/\/pavillonchassepeche.ca\/en\/wp-json\/wp\/v2\/product\/73828","targetHints":{"allow":["GET"]}}],"collection":[{"href":"https:\/\/pavillonchassepeche.ca\/en\/wp-json\/wp\/v2\/product"}],"about":[{"href":"https:\/\/pavillonchassepeche.ca\/en\/wp-json\/wp\/v2\/types\/product"}],"replies":[{"embeddable":true,"href":"https:\/\/pavillonchassepeche.ca\/en\/wp-json\/wp\/v2\/comments?post=73828"}],"version-history":[{"count":2,"href":"https:\/\/pavillonchassepeche.ca\/en\/wp-json\/wp\/v2\/product\/73828\/revisions"}],"predecessor-version":[{"id":89088,"href":"https:\/\/pavillonchassepeche.ca\/en\/wp-json\/wp\/v2\/product\/73828\/revisions\/89088"}],"wp:featuredmedia":[{"embeddable":true,"href":"https:\/\/pavillonchassepeche.ca\/en\/wp-json\/wp\/v2\/media\/73826"}],"wp:attachment":[{"href":"https:\/\/pavillonchassepeche.ca\/en\/wp-json\/wp\/v2\/media?parent=73828"}],"wp:term":[{"taxonomy":"product_brand","embeddable":true,"href":"https:\/\/pavillonchassepeche.ca\/en\/wp-json\/wp\/v2\/product_brand?post=73828"},{"taxonomy":"product_cat","embeddable":true,"href":"https:\/\/pavillonchassepeche.ca\/en\/wp-json\/wp\/v2\/product_cat?post=73828"},{"taxonomy":"product_tag","embeddable":true,"href":"https:\/\/pavillonchassepeche.ca\/en\/wp-json\/wp\/v2\/product_tag?post=73828"}],"curies":[{"name":"wp","href":"https:\/\/api.w.org\/{rel}","templated":true}]}}