{"id":73824,"date":"2025-04-18T13:46:29","date_gmt":"2025-04-18T17:46:29","guid":{"rendered":"https:\/\/pavillonchassepeche.ca\/?post_type=product&#038;p=73824"},"modified":"2025-09-10T14:56:15","modified_gmt":"2025-09-10T18:56:15","slug":"mouche-neptune-olive-wolly-bugger-h4","status":"publish","type":"product","link":"https:\/\/pavillonchassepeche.ca\/en\/product\/mouche-neptune-olive-wolly-bugger-h4\/","title":{"rendered":"MOUCHE NEPTUNE OLIVE WOLLY BUGGER H4"},"content":{"rendered":"<p data-start=\"119\" data-end=\"601\">La <strong data-start=\"149\" data-end=\"183\">Neptune Olive Woolly Bugger H4<\/strong> est une mouche artificielle incontournable pour la p\u00eache en eau douce. Son corps olive et sa queue en marabout imitent parfaitement les petits poissons et insectes aquatiques, attirant efficacement truites, saumons et autres carnassiers. Con\u00e7ue pour r\u00e9sister aux attaques r\u00e9p\u00e9t\u00e9es, cette mouche offre un mouvement naturel dans l\u2019eau et une durabilit\u00e9 optimale, id\u00e9ale pour les p\u00eacheurs d\u00e9butants comme exp\u00e9riment\u00e9s.<\/p>\n<p data-start=\"603\" data-end=\"625\"><strong data-start=\"603\" data-end=\"623\">Caract\u00e9ristiques<\/strong><\/p>\n<ul data-start=\"626\" data-end=\"866\">\n<li data-start=\"626\" data-end=\"689\">\n<p data-start=\"628\" data-end=\"689\">Corps olive et queue en marabout pour un mouvement r\u00e9aliste<\/p>\n<\/li>\n<li data-start=\"690\" data-end=\"747\">\n<p data-start=\"692\" data-end=\"747\">R\u00e9sistante et durable pour plusieurs sorties de p\u00eache<\/p>\n<\/li>\n<li data-start=\"748\" data-end=\"814\">\n<p data-start=\"750\" data-end=\"814\">Polyvalente pour truite, saumon et autres poissons carnassiers<\/p>\n<\/li>\n<li data-start=\"815\" data-end=\"866\">\n<p data-start=\"817\" data-end=\"866\">Convient aux p\u00eacheurs d\u00e9butants et exp\u00e9riment\u00e9s<\/p>\n<\/li>\n<\/ul>\n<p data-start=\"868\" data-end=\"899\"><strong data-start=\"868\" data-end=\"897\">Sp\u00e9cifications techniques<\/strong><\/p>\n<ul data-start=\"900\" data-end=\"1031\">\n<li data-start=\"900\" data-end=\"924\">\n<p data-start=\"902\" data-end=\"924\"><strong data-start=\"902\" data-end=\"914\">Marque :<\/strong> Neptune<\/p>\n<\/li>\n<li data-start=\"925\" data-end=\"961\">\n<p data-start=\"927\" data-end=\"961\"><strong data-start=\"927\" data-end=\"939\">Mod\u00e8le :<\/strong> Olive Woolly Bugger<\/p>\n<\/li>\n<li data-start=\"962\" data-end=\"981\">\n<p data-start=\"964\" data-end=\"981\"><strong data-start=\"964\" data-end=\"976\">Taille :<\/strong> H4<\/p>\n<\/li>\n<li data-start=\"982\" data-end=\"1031\">\n<p data-start=\"984\" data-end=\"1031\"><strong data-start=\"984\" data-end=\"994\">Type :<\/strong> Mouche artificielle pour eau douce<\/p>\n<\/li>\n<\/ul>\n","protected":false},"excerpt":{"rendered":"<p>La Neptune Olive Woolly Bugger H4 est une mouche artificielle incontournable pour la p\u00eache en eau douce. Son corps olive et sa queue en marabout imitent parfaitement les petits poissons et insectes aquatiques, attirant efficacement truites, saumons et autres carnassiers. Con\u00e7ue pour r\u00e9sister aux attaques r\u00e9p\u00e9t\u00e9es, cette mouche offre un mouvement naturel dans l\u2019eau et [&hellip;]<\/p>\n","protected":false},"featured_media":73822,"comment_status":"open","ping_status":"closed","template":"","meta":{"_acf_changed":false,"pagelayer_contact_templates":[],"_pagelayer_content":""},"product_brand":[],"product_cat":[144,162],"product_tag":[812],"class_list":{"0":"post-73824","1":"product","2":"type-product","3":"status-publish","4":"has-post-thumbnail","6":"product_cat-peche","7":"product_cat-peche-a-la-mouche","8":"product_tag-neptune","10":"first","11":"instock","12":"taxable","13":"shipping-taxable","14":"purchasable","15":"product-type-simple"},"acf":[],"jetpack_sharing_enabled":true,"_links":{"self":[{"href":"https:\/\/pavillonchassepeche.ca\/en\/wp-json\/wp\/v2\/product\/73824","targetHints":{"allow":["GET"]}}],"collection":[{"href":"https:\/\/pavillonchassepeche.ca\/en\/wp-json\/wp\/v2\/product"}],"about":[{"href":"https:\/\/pavillonchassepeche.ca\/en\/wp-json\/wp\/v2\/types\/product"}],"replies":[{"embeddable":true,"href":"https:\/\/pavillonchassepeche.ca\/en\/wp-json\/wp\/v2\/comments?post=73824"}],"version-history":[{"count":2,"href":"https:\/\/pavillonchassepeche.ca\/en\/wp-json\/wp\/v2\/product\/73824\/revisions"}],"predecessor-version":[{"id":89090,"href":"https:\/\/pavillonchassepeche.ca\/en\/wp-json\/wp\/v2\/product\/73824\/revisions\/89090"}],"wp:featuredmedia":[{"embeddable":true,"href":"https:\/\/pavillonchassepeche.ca\/en\/wp-json\/wp\/v2\/media\/73822"}],"wp:attachment":[{"href":"https:\/\/pavillonchassepeche.ca\/en\/wp-json\/wp\/v2\/media?parent=73824"}],"wp:term":[{"taxonomy":"product_brand","embeddable":true,"href":"https:\/\/pavillonchassepeche.ca\/en\/wp-json\/wp\/v2\/product_brand?post=73824"},{"taxonomy":"product_cat","embeddable":true,"href":"https:\/\/pavillonchassepeche.ca\/en\/wp-json\/wp\/v2\/product_cat?post=73824"},{"taxonomy":"product_tag","embeddable":true,"href":"https:\/\/pavillonchassepeche.ca\/en\/wp-json\/wp\/v2\/product_tag?post=73824"}],"curies":[{"name":"wp","href":"https:\/\/api.w.org\/{rel}","templated":true}]}}