{"id":73816,"date":"2025-04-18T13:46:17","date_gmt":"2025-04-18T17:46:17","guid":{"rendered":"https:\/\/pavillonchassepeche.ca\/?post_type=product&#038;p=73816"},"modified":"2025-08-11T15:51:26","modified_gmt":"2025-08-11T19:51:26","slug":"mouches-neptune-black-muddler-h8","status":"publish","type":"product","link":"https:\/\/pavillonchassepeche.ca\/en\/product\/mouches-neptune-black-muddler-h8\/","title":{"rendered":"MOUCHES NEPTUNE BLACK MUDDLER H8"},"content":{"rendered":"<p data-start=\"107\" data-end=\"545\">La mouche <em data-start=\"137\" data-end=\"160\">Neptune Black Muddler<\/em> taille 8 est un classique incontournable pour la p\u00eache \u00e0 la mouche. Son corps noir robuste et sa t\u00eate en fibres naturelles imitent efficacement les petits poissons-app\u00e2ts et insectes aquatiques, attirant truites, saumons et autres carnassiers. Adapt\u00e9e \u00e0 diverses techniques de lancer, cette mouche offre une excellente durabilit\u00e9 et une action r\u00e9aliste en surface comme en profondeur.<\/p>\n<p data-start=\"547\" data-end=\"571\"><strong data-start=\"547\" data-end=\"569\">Caract\u00e9ristiques :<\/strong><\/p>\n<ul data-start=\"572\" data-end=\"918\">\n<li data-start=\"572\" data-end=\"618\">\n<p data-start=\"574\" data-end=\"618\">Mouche artificielle type Muddler, taille 8<\/p>\n<\/li>\n<li data-start=\"619\" data-end=\"677\">\n<p data-start=\"621\" data-end=\"677\">Couleur noire pour une imitation naturelle et efficace<\/p>\n<\/li>\n<li data-start=\"678\" data-end=\"735\">\n<p data-start=\"680\" data-end=\"735\">T\u00eate en fibres naturelles pour un mouvement attractif<\/p>\n<\/li>\n<li data-start=\"736\" data-end=\"804\">\n<p data-start=\"738\" data-end=\"804\">Parfaite pour la p\u00eache \u00e0 la truite, saumon et autres carnassiers<\/p>\n<\/li>\n<li data-start=\"805\" data-end=\"860\">\n<p data-start=\"807\" data-end=\"860\">Construction durable adapt\u00e9e aux conditions vari\u00e9es<\/p>\n<\/li>\n<li data-start=\"861\" data-end=\"918\">\n<p data-start=\"863\" data-end=\"918\">Adapt\u00e9e \u00e0 diff\u00e9rentes techniques de p\u00eache \u00e0 la mouche<\/p>\n<\/li>\n<\/ul>\n<p data-start=\"920\" data-end=\"953\"><strong data-start=\"920\" data-end=\"951\">Sp\u00e9cifications techniques :<\/strong><\/p>\n<ul data-start=\"954\" data-end=\"1097\">\n<li data-start=\"954\" data-end=\"974\">\n<p data-start=\"956\" data-end=\"974\">Marque : Neptune<\/p>\n<\/li>\n<li data-start=\"975\" data-end=\"1001\">\n<p data-start=\"977\" data-end=\"1001\">Mod\u00e8le : Black Muddler<\/p>\n<\/li>\n<li data-start=\"1002\" data-end=\"1016\">\n<p data-start=\"1004\" data-end=\"1016\">Taille : 8<\/p>\n<\/li>\n<li data-start=\"1017\" data-end=\"1057\">\n<p data-start=\"1019\" data-end=\"1057\">Usage : P\u00eache \u00e0 la mouche, eau douce<\/p>\n<\/li>\n<li data-start=\"1058\" data-end=\"1097\">\n<p data-start=\"1060\" data-end=\"1097\">Cible : Truite, saumon, carnassiers<\/p>\n<\/li>\n<\/ul>\n","protected":false},"excerpt":{"rendered":"<p>La mouche Neptune Black Muddler taille 8 est un classique incontournable pour la p\u00eache \u00e0 la mouche. Son corps noir robuste et sa t\u00eate en fibres naturelles imitent efficacement les petits poissons-app\u00e2ts et insectes aquatiques, attirant truites, saumons et autres carnassiers. Adapt\u00e9e \u00e0 diverses techniques de lancer, cette mouche offre une excellente durabilit\u00e9 et une [&hellip;]<\/p>\n","protected":false},"featured_media":73814,"comment_status":"open","ping_status":"closed","template":"","meta":{"_acf_changed":false,"pagelayer_contact_templates":[],"_pagelayer_content":""},"product_brand":[],"product_cat":[144,162],"product_tag":[812],"class_list":{"0":"post-73816","1":"product","2":"type-product","3":"status-publish","4":"has-post-thumbnail","6":"product_cat-peche","7":"product_cat-peche-a-la-mouche","8":"product_tag-neptune","10":"first","11":"instock","12":"taxable","13":"shipping-taxable","14":"purchasable","15":"product-type-simple"},"acf":[],"jetpack_sharing_enabled":true,"_links":{"self":[{"href":"https:\/\/pavillonchassepeche.ca\/en\/wp-json\/wp\/v2\/product\/73816","targetHints":{"allow":["GET"]}}],"collection":[{"href":"https:\/\/pavillonchassepeche.ca\/en\/wp-json\/wp\/v2\/product"}],"about":[{"href":"https:\/\/pavillonchassepeche.ca\/en\/wp-json\/wp\/v2\/types\/product"}],"replies":[{"embeddable":true,"href":"https:\/\/pavillonchassepeche.ca\/en\/wp-json\/wp\/v2\/comments?post=73816"}],"version-history":[{"count":2,"href":"https:\/\/pavillonchassepeche.ca\/en\/wp-json\/wp\/v2\/product\/73816\/revisions"}],"predecessor-version":[{"id":85735,"href":"https:\/\/pavillonchassepeche.ca\/en\/wp-json\/wp\/v2\/product\/73816\/revisions\/85735"}],"wp:featuredmedia":[{"embeddable":true,"href":"https:\/\/pavillonchassepeche.ca\/en\/wp-json\/wp\/v2\/media\/73814"}],"wp:attachment":[{"href":"https:\/\/pavillonchassepeche.ca\/en\/wp-json\/wp\/v2\/media?parent=73816"}],"wp:term":[{"taxonomy":"product_brand","embeddable":true,"href":"https:\/\/pavillonchassepeche.ca\/en\/wp-json\/wp\/v2\/product_brand?post=73816"},{"taxonomy":"product_cat","embeddable":true,"href":"https:\/\/pavillonchassepeche.ca\/en\/wp-json\/wp\/v2\/product_cat?post=73816"},{"taxonomy":"product_tag","embeddable":true,"href":"https:\/\/pavillonchassepeche.ca\/en\/wp-json\/wp\/v2\/product_tag?post=73816"}],"curies":[{"name":"wp","href":"https:\/\/api.w.org\/{rel}","templated":true}]}}